{"id":9956,"date":"2026-01-19T18:23:13","date_gmt":"2026-01-19T23:23:13","guid":{"rendered":"https:\/\/elbauldelupe.com\/?post_type=product&#038;p=9956"},"modified":"2026-03-12T21:57:50","modified_gmt":"2026-03-13T02:57:50","slug":"set-love-beige","status":"publish","type":"product","link":"https:\/\/elbauldelupe.com\/?product=set-love-beige","title":{"rendered":"SET LOVE BEIGE"},"content":{"rendered":"","protected":false},"excerpt":{"rendered":"<p>Un conjunto de tres piezas tierno y abrigado, confeccionado en algod\u00f3n. Este set destaca por su estampado cl\u00e1sico de corazones negros sobre un fondo beige, ideal para un look diario con mucho estilo.<\/p>\n","protected":false},"featured_media":9954,"comment_status":"open","ping_status":"closed","template":"","meta":{"site-sidebar-layout":"default","site-content-layout":"","ast-site-content-layout":"default","site-content-style":"default","site-sidebar-style":"default","ast-global-header-display":"","ast-banner-title-visibility":"","ast-main-header-display":"","ast-hfb-above-header-display":"","ast-hfb-below-header-display":"","ast-hfb-mobile-header-display":"","site-post-title":"","ast-breadcrumbs-content":"","ast-featured-img":"","footer-sml-layout":"","ast-disable-related-posts":"","theme-transparent-header-meta":"","adv-header-id-meta":"","stick-header-meta":"","header-above-stick-meta":"","header-main-stick-meta":"","header-below-stick-meta":"","astra-migrate-meta-layouts":"default","ast-page-background-enabled":"default","ast-page-background-meta":{"desktop":{"background-color":"var(--ast-global-color-4)","background-image":"","background-repeat":"repeat","background-position":"center center","background-size":"auto","background-attachment":"scroll","background-type":"","background-media":"","overlay-type":"","overlay-color":"","overlay-opacity":"","overlay-gradient":""},"tablet":{"background-color":"","background-image":"","background-repeat":"repeat","background-position":"center center","background-size":"auto","background-attachment":"scroll","background-type":"","background-media":"","overlay-type":"","overlay-color":"","overlay-opacity":"","overlay-gradient":""},"mobile":{"background-color":"","background-image":"","background-repeat":"repeat","background-position":"center center","background-size":"auto","background-attachment":"scroll","background-type":"","background-media":"","overlay-type":"","overlay-color":"","overlay-opacity":"","overlay-gradient":""}},"ast-content-background-meta":{"desktop":{"background-color":"var(--ast-global-color-5)","background-image":"","background-repeat":"repeat","background-position":"center center","background-size":"auto","background-attachment":"scroll","background-type":"","background-media":"","overlay-type":"","overlay-color":"","overlay-opacity":"","overlay-gradient":""},"tablet":{"background-color":"var(--ast-global-color-5)","background-image":"","background-repeat":"repeat","background-position":"center center","background-size":"auto","background-attachment":"scroll","background-type":"","background-media":"","overlay-type":"","overlay-color":"","overlay-opacity":"","overlay-gradient":""},"mobile":{"background-color":"var(--ast-global-color-5)","background-image":"","background-repeat":"repeat","background-position":"center center","background-size":"auto","background-attachment":"scroll","background-type":"","background-media":"","overlay-type":"","overlay-color":"","overlay-opacity":"","overlay-gradient":""}}},"product_brand":[],"product_cat":[15,46,44,43,139,57,62],"product_tag":[],"class_list":{"0":"post-9956","1":"product","2":"type-product","3":"status-publish","4":"has-post-thumbnail","6":"product_cat-uncategorized","7":"product_cat-mamelucos","8":"product_cat-bebe-nina","9":"product_cat-nueva-coleccion","10":"product_cat-san-valentin","11":"product_cat-sets","12":"product_cat-todos-los-articulos","13":"pa_tallas-12-18-meses","14":"pa_tallas-18-24-meses","15":"pa_tallas-3-6-meses","16":"pa_tallas-6-12-meses","17":"desktop-align-left","18":"tablet-align-left","19":"mobile-align-left","21":"first","22":"instock","23":"taxable","24":"shipping-taxable","25":"purchasable","26":"product-type-variable"},"jetpack-related-posts":[{"id":8661,"url":"https:\/\/elbauldelupe.com\/?product=set-salvador-beige","url_meta":{"origin":9956,"position":0},"title":"SET SALVADOR BEIGE","author":"admin","date":"19\/05\/2025","format":false,"excerpt":"Un set\u00a0perfecto para los momentos especiales de tu bebe elaborado en tela algod\u00f3n y lino incluye body shorts con cargaderas y mo\u00f1o en corbat\u00edn","rel":"","context":"Entrada similar","block_context":{"text":"Entrada similar","link":""},"img":{"alt_text":"","src":"https:\/\/i0.wp.com\/elbauldelupe.com\/wp-content\/uploads\/2025\/05\/photoroom_20260216_185244.png?fit=1024%2C1024&ssl=1&resize=350%2C200","width":350,"height":200,"srcset":"https:\/\/i0.wp.com\/elbauldelupe.com\/wp-content\/uploads\/2025\/05\/photoroom_20260216_185244.png?fit=1024%2C1024&ssl=1&resize=350%2C200 1x, https:\/\/i0.wp.com\/elbauldelupe.com\/wp-content\/uploads\/2025\/05\/photoroom_20260216_185244.png?fit=1024%2C1024&ssl=1&resize=525%2C300 1.5x, https:\/\/i0.wp.com\/elbauldelupe.com\/wp-content\/uploads\/2025\/05\/photoroom_20260216_185244.png?fit=1024%2C1024&ssl=1&resize=700%2C400 2x"},"classes":[]},{"id":3436,"url":"https:\/\/elbauldelupe.com\/?product=set-adele","url_meta":{"origin":9956,"position":1},"title":"SET ADELE","author":"admin","date":"03\/01\/2024","format":false,"excerpt":"Hermoso set beige elaborado en algod\u00f3n tiene mameluco interno y una hermosa tela en encaje floral en la parte superior. Incluye diadema a juego este set es ideal para bautizo o alguna otra ocasi\u00f3n especial donde tu bebe lucir\u00e1 c\u00f3moda y bella","rel":"","context":"Entrada similar","block_context":{"text":"Entrada similar","link":""},"img":{"alt_text":"","src":"https:\/\/i0.wp.com\/elbauldelupe.com\/wp-content\/uploads\/2024\/01\/img_4232-scaled.jpeg?fit=1200%2C800&ssl=1&resize=350%2C200","width":350,"height":200,"srcset":"https:\/\/i0.wp.com\/elbauldelupe.com\/wp-content\/uploads\/2024\/01\/img_4232-scaled.jpeg?fit=1200%2C800&ssl=1&resize=350%2C200 1x, https:\/\/i0.wp.com\/elbauldelupe.com\/wp-content\/uploads\/2024\/01\/img_4232-scaled.jpeg?fit=1200%2C800&ssl=1&resize=525%2C300 1.5x, https:\/\/i0.wp.com\/elbauldelupe.com\/wp-content\/uploads\/2024\/01\/img_4232-scaled.jpeg?fit=1200%2C800&ssl=1&resize=700%2C400 2x, https:\/\/i0.wp.com\/elbauldelupe.com\/wp-content\/uploads\/2024\/01\/img_4232-scaled.jpeg?fit=1200%2C800&ssl=1&resize=1050%2C600 3x"},"classes":[]},{"id":1110,"url":"https:\/\/elbauldelupe.com\/?product=set-willow-beige","url_meta":{"origin":9956,"position":2},"title":"SET WILLOW","author":"admin","date":"11\/09\/2023","format":false,"excerpt":"Este encantador set de tejido est\u00e1 dise\u00f1ado para que tu beb\u00e9 luzca simplemente hermoso y elegante. Cada detalle ha sido cuidadosamente confeccionado con amor y atenci\u00f3n, pensando en la comodidad y el estilo de tu peque\u00f1o o peque\u00f1a.","rel":"","context":"Entrada similar","block_context":{"text":"Entrada similar","link":""},"img":{"alt_text":"","src":"https:\/\/i0.wp.com\/elbauldelupe.com\/wp-content\/uploads\/2023\/09\/img_9101.jpeg?fit=1024%2C1024&ssl=1&resize=350%2C200","width":350,"height":200,"srcset":"https:\/\/i0.wp.com\/elbauldelupe.com\/wp-content\/uploads\/2023\/09\/img_9101.jpeg?fit=1024%2C1024&ssl=1&resize=350%2C200 1x, https:\/\/i0.wp.com\/elbauldelupe.com\/wp-content\/uploads\/2023\/09\/img_9101.jpeg?fit=1024%2C1024&ssl=1&resize=525%2C300 1.5x, https:\/\/i0.wp.com\/elbauldelupe.com\/wp-content\/uploads\/2023\/09\/img_9101.jpeg?fit=1024%2C1024&ssl=1&resize=700%2C400 2x"},"classes":[]},{"id":5958,"url":"https:\/\/elbauldelupe.com\/?product=set-alicent","url_meta":{"origin":9956,"position":3},"title":"SET ALICENT","author":"admin","date":"22\/06\/2024","format":false,"excerpt":"Set de 3 piezas elaborada en una tela fresca en algod\u00f3n tu beb\u00e9 estar\u00e1 c\u00f3moda y preciosa con este set","rel":"","context":"Entrada similar","block_context":{"text":"Entrada similar","link":""},"img":{"alt_text":"","src":"https:\/\/i0.wp.com\/elbauldelupe.com\/wp-content\/uploads\/2024\/06\/photoroom_20260213_150325.jpeg?fit=756%2C1103&ssl=1&resize=350%2C200","width":350,"height":200,"srcset":"https:\/\/i0.wp.com\/elbauldelupe.com\/wp-content\/uploads\/2024\/06\/photoroom_20260213_150325.jpeg?fit=756%2C1103&ssl=1&resize=350%2C200 1x, https:\/\/i0.wp.com\/elbauldelupe.com\/wp-content\/uploads\/2024\/06\/photoroom_20260213_150325.jpeg?fit=756%2C1103&ssl=1&resize=525%2C300 1.5x, https:\/\/i0.wp.com\/elbauldelupe.com\/wp-content\/uploads\/2024\/06\/photoroom_20260213_150325.jpeg?fit=756%2C1103&ssl=1&resize=700%2C400 2x"},"classes":[]},{"id":5595,"url":"https:\/\/elbauldelupe.com\/?product=set-oliver","url_meta":{"origin":9956,"position":4},"title":"SET OLIVER","author":"admin","date":"25\/05\/2024","format":false,"excerpt":"Un hermoso set ideal para ocasiones este set est\u00e1 elaborado en tela algod\u00f3n incluye mameluco con corbat\u00edn y shorts con tirantes","rel":"","context":"Entrada similar","block_context":{"text":"Entrada similar","link":""},"img":{"alt_text":"","src":"https:\/\/i0.wp.com\/elbauldelupe.com\/wp-content\/uploads\/2024\/05\/photoroom_20260219_143712.jpeg?fit=1080%2C1080&ssl=1&resize=350%2C200","width":350,"height":200,"srcset":"https:\/\/i0.wp.com\/elbauldelupe.com\/wp-content\/uploads\/2024\/05\/photoroom_20260219_143712.jpeg?fit=1080%2C1080&ssl=1&resize=350%2C200 1x, https:\/\/i0.wp.com\/elbauldelupe.com\/wp-content\/uploads\/2024\/05\/photoroom_20260219_143712.jpeg?fit=1080%2C1080&ssl=1&resize=525%2C300 1.5x, https:\/\/i0.wp.com\/elbauldelupe.com\/wp-content\/uploads\/2024\/05\/photoroom_20260219_143712.jpeg?fit=1080%2C1080&ssl=1&resize=700%2C400 2x, https:\/\/i0.wp.com\/elbauldelupe.com\/wp-content\/uploads\/2024\/05\/photoroom_20260219_143712.jpeg?fit=1080%2C1080&ssl=1&resize=1050%2C600 3x"},"classes":[]},{"id":3168,"url":"https:\/\/elbauldelupe.com\/?product=diadema-encaje-beige","url_meta":{"origin":9956,"position":5},"title":"DIADEMA ENCAJE BEIGE","author":"admin","date":"17\/11\/2023","format":false,"excerpt":"Hermosa diadema ideal\u00a0 para que ocasiones\u00a0 especiales es flexible y c\u00f3moda elaborada en elastano","rel":"","context":"Entrada similar","block_context":{"text":"Entrada similar","link":""},"img":{"alt_text":"","src":"https:\/\/i0.wp.com\/elbauldelupe.com\/wp-content\/uploads\/2023\/11\/img_5219.jpeg?fit=900%2C1200&ssl=1&resize=350%2C200","width":350,"height":200,"srcset":"https:\/\/i0.wp.com\/elbauldelupe.com\/wp-content\/uploads\/2023\/11\/img_5219.jpeg?fit=900%2C1200&ssl=1&resize=350%2C200 1x, https:\/\/i0.wp.com\/elbauldelupe.com\/wp-content\/uploads\/2023\/11\/img_5219.jpeg?fit=900%2C1200&ssl=1&resize=525%2C300 1.5x, https:\/\/i0.wp.com\/elbauldelupe.com\/wp-content\/uploads\/2023\/11\/img_5219.jpeg?fit=900%2C1200&ssl=1&resize=700%2C400 2x"},"classes":[]}],"_links":{"self":[{"href":"https:\/\/elbauldelupe.com\/index.php?rest_route=\/wp\/v2\/product\/9956","targetHints":{"allow":["GET"]}}],"collection":[{"href":"https:\/\/elbauldelupe.com\/index.php?rest_route=\/wp\/v2\/product"}],"about":[{"href":"https:\/\/elbauldelupe.com\/index.php?rest_route=\/wp\/v2\/types\/product"}],"replies":[{"embeddable":true,"href":"https:\/\/elbauldelupe.com\/index.php?rest_route=%2Fwp%2Fv2%2Fcomments&post=9956"}],"wp:featuredmedia":[{"embeddable":true,"href":"https:\/\/elbauldelupe.com\/index.php?rest_route=\/wp\/v2\/media\/9954"}],"wp:attachment":[{"href":"https:\/\/elbauldelupe.com\/index.php?rest_route=%2Fwp%2Fv2%2Fmedia&parent=9956"}],"wp:term":[{"taxonomy":"product_brand","embeddable":true,"href":"https:\/\/elbauldelupe.com\/index.php?rest_route=%2Fwp%2Fv2%2Fproduct_brand&post=9956"},{"taxonomy":"product_cat","embeddable":true,"href":"https:\/\/elbauldelupe.com\/index.php?rest_route=%2Fwp%2Fv2%2Fproduct_cat&post=9956"},{"taxonomy":"product_tag","embeddable":true,"href":"https:\/\/elbauldelupe.com\/index.php?rest_route=%2Fwp%2Fv2%2Fproduct_tag&post=9956"}],"curies":[{"name":"wp","href":"https:\/\/api.w.org\/{rel}","templated":true}]}}