{"id":9877,"date":"2026-01-19T17:20:38","date_gmt":"2026-01-19T22:20:38","guid":{"rendered":"https:\/\/elbauldelupe.com\/?post_type=product&#038;p=9877"},"modified":"2026-02-01T07:50:14","modified_gmt":"2026-02-01T12:50:14","slug":"vestido-petite","status":"publish","type":"product","link":"https:\/\/elbauldelupe.com\/?product=vestido-petite","title":{"rendered":"VESTIDO PETITE"},"content":{"rendered":"","protected":false},"excerpt":{"rendered":"<p>Mameluco tipo vestido, delicado y atemporal, ideal para ocasiones especiales. Confeccionado en algod\u00f3n suave y transpirable, destaca por su hermoso bordado floral y sus finos detalles calados en los hombros, que aportan un toque rom\u00e1ntico y elegante.<\/p>\n","protected":false},"featured_media":9968,"comment_status":"open","ping_status":"closed","template":"","meta":{"site-sidebar-layout":"default","site-content-layout":"","ast-site-content-layout":"default","site-content-style":"default","site-sidebar-style":"default","ast-global-header-display":"","ast-banner-title-visibility":"","ast-main-header-display":"","ast-hfb-above-header-display":"","ast-hfb-below-header-display":"","ast-hfb-mobile-header-display":"","site-post-title":"","ast-breadcrumbs-content":"","ast-featured-img":"","footer-sml-layout":"","ast-disable-related-posts":"","theme-transparent-header-meta":"","adv-header-id-meta":"","stick-header-meta":"","header-above-stick-meta":"","header-main-stick-meta":"","header-below-stick-meta":"","astra-migrate-meta-layouts":"default","ast-page-background-enabled":"default","ast-page-background-meta":{"desktop":{"background-color":"var(--ast-global-color-4)","background-image":"","background-repeat":"repeat","background-position":"center center","background-size":"auto","background-attachment":"scroll","background-type":"","background-media":"","overlay-type":"","overlay-color":"","overlay-opacity":"","overlay-gradient":""},"tablet":{"background-color":"","background-image":"","background-repeat":"repeat","background-position":"center center","background-size":"auto","background-attachment":"scroll","background-type":"","background-media":"","overlay-type":"","overlay-color":"","overlay-opacity":"","overlay-gradient":""},"mobile":{"background-color":"","background-image":"","background-repeat":"repeat","background-position":"center center","background-size":"auto","background-attachment":"scroll","background-type":"","background-media":"","overlay-type":"","overlay-color":"","overlay-opacity":"","overlay-gradient":""}},"ast-content-background-meta":{"desktop":{"background-color":"var(--ast-global-color-5)","background-image":"","background-repeat":"repeat","background-position":"center center","background-size":"auto","background-attachment":"scroll","background-type":"","background-media":"","overlay-type":"","overlay-color":"","overlay-opacity":"","overlay-gradient":""},"tablet":{"background-color":"var(--ast-global-color-5)","background-image":"","background-repeat":"repeat","background-position":"center center","background-size":"auto","background-attachment":"scroll","background-type":"","background-media":"","overlay-type":"","overlay-color":"","overlay-opacity":"","overlay-gradient":""},"mobile":{"background-color":"var(--ast-global-color-5)","background-image":"","background-repeat":"repeat","background-position":"center center","background-size":"auto","background-attachment":"scroll","background-type":"","background-media":"","overlay-type":"","overlay-color":"","overlay-opacity":"","overlay-gradient":""}}},"product_brand":[],"product_cat":[84,15,46,44,43,62,47],"product_tag":[],"class_list":{"0":"post-9877","1":"product","2":"type-product","3":"status-publish","4":"has-post-thumbnail","6":"product_cat-bautizo","7":"product_cat-uncategorized","8":"product_cat-mamelucos","9":"product_cat-bebe-nina","10":"product_cat-nueva-coleccion","11":"product_cat-todos-los-articulos","12":"product_cat-vestidos","13":"pa_tallas-12-18-meses","14":"pa_tallas-18-24-meses","15":"pa_tallas-3-6-meses","16":"pa_tallas-6-9-meses","17":"pa_tallas-9-12-meses","18":"desktop-align-left","19":"tablet-align-left","20":"mobile-align-left","22":"first","23":"instock","24":"taxable","25":"shipping-taxable","26":"purchasable","27":"product-type-variable"},"jetpack-related-posts":[{"id":1100,"url":"https:\/\/elbauldelupe.com\/?product=vestido-perlas-de-colores","url_meta":{"origin":9877,"position":0},"title":"VESTIDO PERLAS","author":"admin","date":"11\/09\/2023","format":false,"excerpt":"Vestido de colores pasteles con estrellas doradas\u00a0 es un vestido en tul y en su interior tiene un foro interno en algod\u00f3n un vestido sencillamente hermoso","rel":"","context":"Entrada similar","block_context":{"text":"Entrada similar","link":""},"img":{"alt_text":"","src":"https:\/\/i0.wp.com\/elbauldelupe.com\/wp-content\/uploads\/2023\/09\/photoroom_20260213_165649.png?fit=1024%2C1024&ssl=1&resize=350%2C200","width":350,"height":200,"srcset":"https:\/\/i0.wp.com\/elbauldelupe.com\/wp-content\/uploads\/2023\/09\/photoroom_20260213_165649.png?fit=1024%2C1024&ssl=1&resize=350%2C200 1x, https:\/\/i0.wp.com\/elbauldelupe.com\/wp-content\/uploads\/2023\/09\/photoroom_20260213_165649.png?fit=1024%2C1024&ssl=1&resize=525%2C300 1.5x, https:\/\/i0.wp.com\/elbauldelupe.com\/wp-content\/uploads\/2023\/09\/photoroom_20260213_165649.png?fit=1024%2C1024&ssl=1&resize=700%2C400 2x"},"classes":[]},{"id":1085,"url":"https:\/\/elbauldelupe.com\/?product=vestido-lluvia-de-estrellas-rosa","url_meta":{"origin":9877,"position":1},"title":"VESTIDO LLUVIA DE ESTRELLAS","author":"admin","date":"11\/09\/2023","format":false,"excerpt":"Vestido de color rosa pastel\u00a0con estrellas doradas\u00a0 es un vestido en tul y en su interior tiene un foro interno en algod\u00f3n un vestido sencillamente hermoso","rel":"","context":"Entrada similar","block_context":{"text":"Entrada similar","link":""},"img":{"alt_text":"","src":"https:\/\/i0.wp.com\/elbauldelupe.com\/wp-content\/uploads\/2023\/09\/img_3090.jpeg?fit=800%2C1200&ssl=1&resize=350%2C200","width":350,"height":200,"srcset":"https:\/\/i0.wp.com\/elbauldelupe.com\/wp-content\/uploads\/2023\/09\/img_3090.jpeg?fit=800%2C1200&ssl=1&resize=350%2C200 1x, https:\/\/i0.wp.com\/elbauldelupe.com\/wp-content\/uploads\/2023\/09\/img_3090.jpeg?fit=800%2C1200&ssl=1&resize=525%2C300 1.5x, https:\/\/i0.wp.com\/elbauldelupe.com\/wp-content\/uploads\/2023\/09\/img_3090.jpeg?fit=800%2C1200&ssl=1&resize=700%2C400 2x"},"classes":[]},{"id":779,"url":"https:\/\/elbauldelupe.com\/?product=vestido-carnaval","url_meta":{"origin":9877,"position":2},"title":"VESTIDO CARNAVAL","author":"admin","date":"08\/09\/2023","format":false,"excerpt":"Vestido Carnaval est\u00e1 confeccionado en tela suave y c\u00f3moda adornado con c\u00edrculos de colores y un hermoso arcoiris bordado. Con este vestido, tu beb\u00e9 lucir\u00e1 fresca y radiante. en la parte de atr\u00e1s tiene botones ajustables","rel":"","context":"Entrada similar","block_context":{"text":"Entrada similar","link":""},"img":{"alt_text":"","src":"https:\/\/i0.wp.com\/elbauldelupe.com\/wp-content\/uploads\/2023\/09\/img_9554.jpeg?fit=1024%2C1024&ssl=1&resize=350%2C200","width":350,"height":200,"srcset":"https:\/\/i0.wp.com\/elbauldelupe.com\/wp-content\/uploads\/2023\/09\/img_9554.jpeg?fit=1024%2C1024&ssl=1&resize=350%2C200 1x, https:\/\/i0.wp.com\/elbauldelupe.com\/wp-content\/uploads\/2023\/09\/img_9554.jpeg?fit=1024%2C1024&ssl=1&resize=525%2C300 1.5x, https:\/\/i0.wp.com\/elbauldelupe.com\/wp-content\/uploads\/2023\/09\/img_9554.jpeg?fit=1024%2C1024&ssl=1&resize=700%2C400 2x"},"classes":[]},{"id":2957,"url":"https:\/\/elbauldelupe.com\/?product=vestido-rocio","url_meta":{"origin":9877,"position":3},"title":"VESTIDO ROCIO","author":"admin","date":"14\/11\/2023","format":false,"excerpt":"Vestido elaborado en tela de algod\u00f3n\u00a0 adornado con unos hermosos encajes","rel":"","context":"Entrada similar","block_context":{"text":"Entrada similar","link":""},"img":{"alt_text":"","src":"https:\/\/i0.wp.com\/elbauldelupe.com\/wp-content\/uploads\/2023\/11\/Imagen-de-WhatsApp-2023-11-14-a-las-17.12.47_e8a345e4.jpg?fit=800%2C800&ssl=1&resize=350%2C200","width":350,"height":200,"srcset":"https:\/\/i0.wp.com\/elbauldelupe.com\/wp-content\/uploads\/2023\/11\/Imagen-de-WhatsApp-2023-11-14-a-las-17.12.47_e8a345e4.jpg?fit=800%2C800&ssl=1&resize=350%2C200 1x, https:\/\/i0.wp.com\/elbauldelupe.com\/wp-content\/uploads\/2023\/11\/Imagen-de-WhatsApp-2023-11-14-a-las-17.12.47_e8a345e4.jpg?fit=800%2C800&ssl=1&resize=525%2C300 1.5x, https:\/\/i0.wp.com\/elbauldelupe.com\/wp-content\/uploads\/2023\/11\/Imagen-de-WhatsApp-2023-11-14-a-las-17.12.47_e8a345e4.jpg?fit=800%2C800&ssl=1&resize=700%2C400 2x"},"classes":[]},{"id":4152,"url":"https:\/\/elbauldelupe.com\/?product=vestido-colibri","url_meta":{"origin":9877,"position":4},"title":"VESTIDO COLIBRI","author":"admin","date":"16\/02\/2024","format":false,"excerpt":"Hermoso vestido elaborado con un hermoso velo de tul incluye algod\u00f3n intern\u00f3","rel":"","context":"Entrada similar","block_context":{"text":"Entrada similar","link":""},"img":{"alt_text":"","src":"https:\/\/i0.wp.com\/elbauldelupe.com\/wp-content\/uploads\/2024\/02\/Imagen-de-WhatsApp-2024-02-04-a-las-19.27.34_a8550157.jpg?fit=800%2C800&ssl=1&resize=350%2C200","width":350,"height":200,"srcset":"https:\/\/i0.wp.com\/elbauldelupe.com\/wp-content\/uploads\/2024\/02\/Imagen-de-WhatsApp-2024-02-04-a-las-19.27.34_a8550157.jpg?fit=800%2C800&ssl=1&resize=350%2C200 1x, https:\/\/i0.wp.com\/elbauldelupe.com\/wp-content\/uploads\/2024\/02\/Imagen-de-WhatsApp-2024-02-04-a-las-19.27.34_a8550157.jpg?fit=800%2C800&ssl=1&resize=525%2C300 1.5x, https:\/\/i0.wp.com\/elbauldelupe.com\/wp-content\/uploads\/2024\/02\/Imagen-de-WhatsApp-2024-02-04-a-las-19.27.34_a8550157.jpg?fit=800%2C800&ssl=1&resize=700%2C400 2x"},"classes":[]},{"id":770,"url":"https:\/\/elbauldelupe.com\/?product=vestido-aurora","url_meta":{"origin":9877,"position":5},"title":"VESTIDO AURORA","author":"admin","date":"08\/09\/2023","format":false,"excerpt":"Vestido Aurora un hermoso vestido dise\u00f1ado para que tu beb\u00e9 est\u00e9 c\u00f3moda y luzca radiante en cualquier ocasi\u00f3n confeccionado con tul suave y delicado que le brinda un toque de elegancia angelical incluye diadema a juego","rel":"","context":"Entrada similar","block_context":{"text":"Entrada similar","link":""},"img":{"alt_text":"","src":"https:\/\/i0.wp.com\/elbauldelupe.com\/wp-content\/uploads\/2023\/09\/photoroom_20260211_230725.png?fit=800%2C1200&ssl=1&resize=350%2C200","width":350,"height":200,"srcset":"https:\/\/i0.wp.com\/elbauldelupe.com\/wp-content\/uploads\/2023\/09\/photoroom_20260211_230725.png?fit=800%2C1200&ssl=1&resize=350%2C200 1x, https:\/\/i0.wp.com\/elbauldelupe.com\/wp-content\/uploads\/2023\/09\/photoroom_20260211_230725.png?fit=800%2C1200&ssl=1&resize=525%2C300 1.5x, https:\/\/i0.wp.com\/elbauldelupe.com\/wp-content\/uploads\/2023\/09\/photoroom_20260211_230725.png?fit=800%2C1200&ssl=1&resize=700%2C400 2x"},"classes":[]}],"_links":{"self":[{"href":"https:\/\/elbauldelupe.com\/index.php?rest_route=\/wp\/v2\/product\/9877","targetHints":{"allow":["GET"]}}],"collection":[{"href":"https:\/\/elbauldelupe.com\/index.php?rest_route=\/wp\/v2\/product"}],"about":[{"href":"https:\/\/elbauldelupe.com\/index.php?rest_route=\/wp\/v2\/types\/product"}],"replies":[{"embeddable":true,"href":"https:\/\/elbauldelupe.com\/index.php?rest_route=%2Fwp%2Fv2%2Fcomments&post=9877"}],"wp:featuredmedia":[{"embeddable":true,"href":"https:\/\/elbauldelupe.com\/index.php?rest_route=\/wp\/v2\/media\/9968"}],"wp:attachment":[{"href":"https:\/\/elbauldelupe.com\/index.php?rest_route=%2Fwp%2Fv2%2Fmedia&parent=9877"}],"wp:term":[{"taxonomy":"product_brand","embeddable":true,"href":"https:\/\/elbauldelupe.com\/index.php?rest_route=%2Fwp%2Fv2%2Fproduct_brand&post=9877"},{"taxonomy":"product_cat","embeddable":true,"href":"https:\/\/elbauldelupe.com\/index.php?rest_route=%2Fwp%2Fv2%2Fproduct_cat&post=9877"},{"taxonomy":"product_tag","embeddable":true,"href":"https:\/\/elbauldelupe.com\/index.php?rest_route=%2Fwp%2Fv2%2Fproduct_tag&post=9877"}],"curies":[{"name":"wp","href":"https:\/\/api.w.org\/{rel}","templated":true}]}}