{"id":9567,"date":"2025-11-08T19:35:47","date_gmt":"2025-11-09T00:35:47","guid":{"rendered":"https:\/\/elbauldelupe.com\/?post_type=product&#038;p=9567"},"modified":"2026-02-18T19:12:38","modified_gmt":"2026-02-19T00:12:38","slug":"set-flower","status":"publish","type":"product","link":"https:\/\/elbauldelupe.com\/?product=set-flower","title":{"rendered":"SET FLOWER"},"content":{"rendered":"","protected":false},"excerpt":{"rendered":"<p>Comodidad y estilo primaveral. Este encantador conjunto de dos piezas color crema\/vainilla presenta un top de tirantes con corte peplum y delicadas flores 3D bordadas. El pantal\u00f3n es de corte ancho y tejido estriado para garantizar la m\u00e1xima libertad de movimiento y un look muy chic. \u00a1Ideal para cualquier ocasi\u00f3n!<\/p>\n","protected":false},"featured_media":9565,"comment_status":"open","ping_status":"closed","template":"","meta":{"site-sidebar-layout":"default","site-content-layout":"","ast-site-content-layout":"default","site-content-style":"default","site-sidebar-style":"default","ast-global-header-display":"","ast-banner-title-visibility":"","ast-main-header-display":"","ast-hfb-above-header-display":"","ast-hfb-below-header-display":"","ast-hfb-mobile-header-display":"","site-post-title":"","ast-breadcrumbs-content":"","ast-featured-img":"","footer-sml-layout":"","ast-disable-related-posts":"","theme-transparent-header-meta":"","adv-header-id-meta":"","stick-header-meta":"","header-above-stick-meta":"","header-main-stick-meta":"","header-below-stick-meta":"","astra-migrate-meta-layouts":"default","ast-page-background-enabled":"default","ast-page-background-meta":{"desktop":{"background-color":"var(--ast-global-color-4)","background-image":"","background-repeat":"repeat","background-position":"center center","background-size":"auto","background-attachment":"scroll","background-type":"","background-media":"","overlay-type":"","overlay-color":"","overlay-opacity":"","overlay-gradient":""},"tablet":{"background-color":"","background-image":"","background-repeat":"repeat","background-position":"center center","background-size":"auto","background-attachment":"scroll","background-type":"","background-media":"","overlay-type":"","overlay-color":"","overlay-opacity":"","overlay-gradient":""},"mobile":{"background-color":"","background-image":"","background-repeat":"repeat","background-position":"center center","background-size":"auto","background-attachment":"scroll","background-type":"","background-media":"","overlay-type":"","overlay-color":"","overlay-opacity":"","overlay-gradient":""}},"ast-content-background-meta":{"desktop":{"background-color":"var(--ast-global-color-5)","background-image":"","background-repeat":"repeat","background-position":"center center","background-size":"auto","background-attachment":"scroll","background-type":"","background-media":"","overlay-type":"","overlay-color":"","overlay-opacity":"","overlay-gradient":""},"tablet":{"background-color":"var(--ast-global-color-5)","background-image":"","background-repeat":"repeat","background-position":"center center","background-size":"auto","background-attachment":"scroll","background-type":"","background-media":"","overlay-type":"","overlay-color":"","overlay-opacity":"","overlay-gradient":""},"mobile":{"background-color":"var(--ast-global-color-5)","background-image":"","background-repeat":"repeat","background-position":"center center","background-size":"auto","background-attachment":"scroll","background-type":"","background-media":"","overlay-type":"","overlay-color":"","overlay-opacity":"","overlay-gradient":""}}},"product_brand":[],"product_cat":[15,44,57],"product_tag":[],"class_list":{"0":"post-9567","1":"product","2":"type-product","3":"status-publish","4":"has-post-thumbnail","6":"product_cat-uncategorized","7":"product_cat-bebe-nina","8":"product_cat-sets","9":"pa_tallas-3-anos","10":"pa_tallas-4-anos","11":"desktop-align-left","12":"tablet-align-left","13":"mobile-align-left","15":"first","16":"instock","17":"taxable","18":"shipping-taxable","19":"purchasable","20":"product-type-variable"},"jetpack-related-posts":[{"id":6706,"url":"https:\/\/elbauldelupe.com\/?product=cardigan-nube-de-punto","url_meta":{"origin":9567,"position":0},"title":"CARDIGAN NUBE DE PUNTO","author":"admin","date":"14\/09\/2024","format":false,"excerpt":"Este c\u00e1rdigan corto de tejido de punto es el complemento perfecto para crear un look dulce y sofisticado. Confeccionado en un suave algod\u00f3n, es ideal para cualquier ocasi\u00f3n, aportando calidez y estilo.","rel":"","context":"Entrada similar","block_context":{"text":"Entrada similar","link":""},"img":{"alt_text":"","src":"https:\/\/i0.wp.com\/elbauldelupe.com\/wp-content\/uploads\/2024\/09\/img_5509-scaled.jpeg?fit=1200%2C1200&ssl=1&resize=350%2C200","width":350,"height":200,"srcset":"https:\/\/i0.wp.com\/elbauldelupe.com\/wp-content\/uploads\/2024\/09\/img_5509-scaled.jpeg?fit=1200%2C1200&ssl=1&resize=350%2C200 1x, https:\/\/i0.wp.com\/elbauldelupe.com\/wp-content\/uploads\/2024\/09\/img_5509-scaled.jpeg?fit=1200%2C1200&ssl=1&resize=525%2C300 1.5x, https:\/\/i0.wp.com\/elbauldelupe.com\/wp-content\/uploads\/2024\/09\/img_5509-scaled.jpeg?fit=1200%2C1200&ssl=1&resize=700%2C400 2x, https:\/\/i0.wp.com\/elbauldelupe.com\/wp-content\/uploads\/2024\/09\/img_5509-scaled.jpeg?fit=1200%2C1200&ssl=1&resize=1050%2C600 3x"},"classes":[]},{"id":7966,"url":"https:\/\/elbauldelupe.com\/?product=mameluco-thiago","url_meta":{"origin":9567,"position":1},"title":"MAMELUCO THIAGO","author":"admin","date":"10\/03\/2025","format":false,"excerpt":"Este adorable mameluco est\u00e1 confeccionado en un suave tejido acanalado de color azul, con un bolsillo frontal decorado por la carita de un osito. Cuenta con broches en la parte inferior para facilitar el cambio y ofrece un corte c\u00f3modo que permite total libertad de movimiento","rel":"","context":"Entrada similar","block_context":{"text":"Entrada similar","link":""},"img":{"alt_text":"","src":"https:\/\/i0.wp.com\/elbauldelupe.com\/wp-content\/uploads\/2025\/03\/img_9432-2.jpeg?fit=1200%2C1172&ssl=1&resize=350%2C200","width":350,"height":200,"srcset":"https:\/\/i0.wp.com\/elbauldelupe.com\/wp-content\/uploads\/2025\/03\/img_9432-2.jpeg?fit=1200%2C1172&ssl=1&resize=350%2C200 1x, https:\/\/i0.wp.com\/elbauldelupe.com\/wp-content\/uploads\/2025\/03\/img_9432-2.jpeg?fit=1200%2C1172&ssl=1&resize=525%2C300 1.5x, https:\/\/i0.wp.com\/elbauldelupe.com\/wp-content\/uploads\/2025\/03\/img_9432-2.jpeg?fit=1200%2C1172&ssl=1&resize=700%2C400 2x, https:\/\/i0.wp.com\/elbauldelupe.com\/wp-content\/uploads\/2025\/03\/img_9432-2.jpeg?fit=1200%2C1172&ssl=1&resize=1050%2C600 3x"},"classes":[]},{"id":10214,"url":"https:\/\/elbauldelupe.com\/?product=set-bear-gris","url_meta":{"origin":9567,"position":2},"title":"SET BEAR GRIS","author":"admin","date":"20\/01\/2026","format":false,"excerpt":"El set Bear Gris Incluye camiseta blanca de algod\u00f3n suave con adorable aplicaci\u00f3n de osito en felpa y pantaloncito corto en tono arena, con cintura el\u00e1stica y lazo ajustable. Perfecto para mantener a tu beb\u00e9 fresco y libre en sus primeros paseos o juegos en casa.","rel":"","context":"Entrada similar","block_context":{"text":"Entrada similar","link":""},"img":{"alt_text":"","src":"https:\/\/i0.wp.com\/elbauldelupe.com\/wp-content\/uploads\/2026\/01\/img_9492.jpeg?fit=1056%2C992&ssl=1&resize=350%2C200","width":350,"height":200,"srcset":"https:\/\/i0.wp.com\/elbauldelupe.com\/wp-content\/uploads\/2026\/01\/img_9492.jpeg?fit=1056%2C992&ssl=1&resize=350%2C200 1x, https:\/\/i0.wp.com\/elbauldelupe.com\/wp-content\/uploads\/2026\/01\/img_9492.jpeg?fit=1056%2C992&ssl=1&resize=525%2C300 1.5x, https:\/\/i0.wp.com\/elbauldelupe.com\/wp-content\/uploads\/2026\/01\/img_9492.jpeg?fit=1056%2C992&ssl=1&resize=700%2C400 2x, https:\/\/i0.wp.com\/elbauldelupe.com\/wp-content\/uploads\/2026\/01\/img_9492.jpeg?fit=1056%2C992&ssl=1&resize=1050%2C600 3x"},"classes":[]}],"_links":{"self":[{"href":"https:\/\/elbauldelupe.com\/index.php?rest_route=\/wp\/v2\/product\/9567","targetHints":{"allow":["GET"]}}],"collection":[{"href":"https:\/\/elbauldelupe.com\/index.php?rest_route=\/wp\/v2\/product"}],"about":[{"href":"https:\/\/elbauldelupe.com\/index.php?rest_route=\/wp\/v2\/types\/product"}],"replies":[{"embeddable":true,"href":"https:\/\/elbauldelupe.com\/index.php?rest_route=%2Fwp%2Fv2%2Fcomments&post=9567"}],"wp:featuredmedia":[{"embeddable":true,"href":"https:\/\/elbauldelupe.com\/index.php?rest_route=\/wp\/v2\/media\/9565"}],"wp:attachment":[{"href":"https:\/\/elbauldelupe.com\/index.php?rest_route=%2Fwp%2Fv2%2Fmedia&parent=9567"}],"wp:term":[{"taxonomy":"product_brand","embeddable":true,"href":"https:\/\/elbauldelupe.com\/index.php?rest_route=%2Fwp%2Fv2%2Fproduct_brand&post=9567"},{"taxonomy":"product_cat","embeddable":true,"href":"https:\/\/elbauldelupe.com\/index.php?rest_route=%2Fwp%2Fv2%2Fproduct_cat&post=9567"},{"taxonomy":"product_tag","embeddable":true,"href":"https:\/\/elbauldelupe.com\/index.php?rest_route=%2Fwp%2Fv2%2Fproduct_tag&post=9567"}],"curies":[{"name":"wp","href":"https:\/\/api.w.org\/{rel}","templated":true}]}}