{"id":9549,"date":"2025-11-08T19:24:44","date_gmt":"2025-11-09T00:24:44","guid":{"rendered":"https:\/\/elbauldelupe.com\/?post_type=product&#038;p=9549"},"modified":"2026-01-20T17:07:36","modified_gmt":"2026-01-20T22:07:36","slug":"vestido-destellos","status":"publish","type":"product","link":"https:\/\/elbauldelupe.com\/?product=vestido-destellos","title":{"rendered":"VESTIDO DESTELLOS"},"content":{"rendered":"<p>Un vestido ligero y dulce, perfecto para momentos especiales.<\/p>\n<p>Con falda de tul suave con destellos brillantes y tirantes con volantes delicados que le dan un toque encantador.<\/p>\n<p>Forro interno en tela suave para mayor comodidad en la piel de tu peque\u00f1a.<\/p>\n","protected":false},"excerpt":{"rendered":"<p>Un vestido ligero y dulce, perfecto para momentos especiales. Con falda de tul suave con destellos brillantes y tirantes con volantes delicados que le dan un toque encantador. Forro interno en tela suave para mayor comodidad en la piel de tu peque\u00f1a.<\/p>\n","protected":false},"featured_media":9815,"comment_status":"open","ping_status":"closed","template":"","meta":{"site-sidebar-layout":"default","site-content-layout":"","ast-site-content-layout":"default","site-content-style":"default","site-sidebar-style":"default","ast-global-header-display":"","ast-banner-title-visibility":"","ast-main-header-display":"","ast-hfb-above-header-display":"","ast-hfb-below-header-display":"","ast-hfb-mobile-header-display":"","site-post-title":"","ast-breadcrumbs-content":"","ast-featured-img":"","footer-sml-layout":"","ast-disable-related-posts":"","theme-transparent-header-meta":"","adv-header-id-meta":"","stick-header-meta":"","header-above-stick-meta":"","header-main-stick-meta":"","header-below-stick-meta":"","astra-migrate-meta-layouts":"default","ast-page-background-enabled":"default","ast-page-background-meta":{"desktop":{"background-color":"var(--ast-global-color-4)","background-image":"","background-repeat":"repeat","background-position":"center center","background-size":"auto","background-attachment":"scroll","background-type":"","background-media":"","overlay-type":"","overlay-color":"","overlay-opacity":"","overlay-gradient":""},"tablet":{"background-color":"","background-image":"","background-repeat":"repeat","background-position":"center center","background-size":"auto","background-attachment":"scroll","background-type":"","background-media":"","overlay-type":"","overlay-color":"","overlay-opacity":"","overlay-gradient":""},"mobile":{"background-color":"","background-image":"","background-repeat":"repeat","background-position":"center center","background-size":"auto","background-attachment":"scroll","background-type":"","background-media":"","overlay-type":"","overlay-color":"","overlay-opacity":"","overlay-gradient":""}},"ast-content-background-meta":{"desktop":{"background-color":"var(--ast-global-color-5)","background-image":"","background-repeat":"repeat","background-position":"center center","background-size":"auto","background-attachment":"scroll","background-type":"","background-media":"","overlay-type":"","overlay-color":"","overlay-opacity":"","overlay-gradient":""},"tablet":{"background-color":"var(--ast-global-color-5)","background-image":"","background-repeat":"repeat","background-position":"center center","background-size":"auto","background-attachment":"scroll","background-type":"","background-media":"","overlay-type":"","overlay-color":"","overlay-opacity":"","overlay-gradient":""},"mobile":{"background-color":"var(--ast-global-color-5)","background-image":"","background-repeat":"repeat","background-position":"center center","background-size":"auto","background-attachment":"scroll","background-type":"","background-media":"","overlay-type":"","overlay-color":"","overlay-opacity":"","overlay-gradient":""}}},"product_brand":[],"product_cat":[15,44,43,62,47],"product_tag":[136],"class_list":{"0":"post-9549","1":"product","2":"type-product","3":"status-publish","4":"has-post-thumbnail","6":"product_cat-uncategorized","7":"product_cat-bebe-nina","8":"product_cat-nueva-coleccion","9":"product_cat-todos-los-articulos","10":"product_cat-vestidos","11":"product_tag-un-vestido-ligero-y-dulce","12":"pa_tallas-3-anos","13":"pa_tallas-4-anos","14":"desktop-align-left","15":"tablet-align-left","16":"mobile-align-left","18":"first","19":"instock","20":"taxable","21":"shipping-taxable","22":"purchasable","23":"product-type-variable"},"jetpack-related-posts":[{"id":1541,"url":"https:\/\/elbauldelupe.com\/?product=vestido-velo","url_meta":{"origin":9549,"position":0},"title":"VESTIDO VELO","author":"admin","date":"13\/09\/2023","format":false,"excerpt":"Un hermoso vestido\u00a0 confeccionado en suave algod\u00f3n y adornado con delicado tul, con forro de algod\u00f3n interno perfecto para lucir elegante y fresca en cualquier\u00a0ocasi\u00f3n","rel":"","context":"Entrada similar","block_context":{"text":"Entrada similar","link":""},"img":{"alt_text":"","src":"https:\/\/i0.wp.com\/elbauldelupe.com\/wp-content\/uploads\/2023\/09\/img_3725.jpeg?fit=1024%2C1024&ssl=1&resize=350%2C200","width":350,"height":200,"srcset":"https:\/\/i0.wp.com\/elbauldelupe.com\/wp-content\/uploads\/2023\/09\/img_3725.jpeg?fit=1024%2C1024&ssl=1&resize=350%2C200 1x, https:\/\/i0.wp.com\/elbauldelupe.com\/wp-content\/uploads\/2023\/09\/img_3725.jpeg?fit=1024%2C1024&ssl=1&resize=525%2C300 1.5x, https:\/\/i0.wp.com\/elbauldelupe.com\/wp-content\/uploads\/2023\/09\/img_3725.jpeg?fit=1024%2C1024&ssl=1&resize=700%2C400 2x"},"classes":[]},{"id":9080,"url":"https:\/\/elbauldelupe.com\/?product=vestido-coral","url_meta":{"origin":9549,"position":1},"title":"VESTIDO CORAL","author":"admin","date":"23\/09\/2025","format":false,"excerpt":"Vestido de algod\u00f3n suave en tono marfil, decorado con encantadoras cerezas tejidas","rel":"","context":"Entrada similar","block_context":{"text":"Entrada similar","link":""},"img":{"alt_text":"","src":"https:\/\/i0.wp.com\/elbauldelupe.com\/wp-content\/uploads\/2025\/09\/img_3493.jpeg?fit=1024%2C1024&ssl=1&resize=350%2C200","width":350,"height":200,"srcset":"https:\/\/i0.wp.com\/elbauldelupe.com\/wp-content\/uploads\/2025\/09\/img_3493.jpeg?fit=1024%2C1024&ssl=1&resize=350%2C200 1x, https:\/\/i0.wp.com\/elbauldelupe.com\/wp-content\/uploads\/2025\/09\/img_3493.jpeg?fit=1024%2C1024&ssl=1&resize=525%2C300 1.5x, https:\/\/i0.wp.com\/elbauldelupe.com\/wp-content\/uploads\/2025\/09\/img_3493.jpeg?fit=1024%2C1024&ssl=1&resize=700%2C400 2x"},"classes":[]},{"id":779,"url":"https:\/\/elbauldelupe.com\/?product=vestido-carnaval","url_meta":{"origin":9549,"position":2},"title":"VESTIDO CARNAVAL","author":"admin","date":"08\/09\/2023","format":false,"excerpt":"Vestido Carnaval est\u00e1 confeccionado en tela suave y c\u00f3moda adornado con c\u00edrculos de colores y un hermoso arcoiris bordado. Con este vestido, tu beb\u00e9 lucir\u00e1 fresca y radiante. en la parte de atr\u00e1s tiene botones ajustables","rel":"","context":"Entrada similar","block_context":{"text":"Entrada similar","link":""},"img":{"alt_text":"","src":"https:\/\/i0.wp.com\/elbauldelupe.com\/wp-content\/uploads\/2023\/09\/img_9554.jpeg?fit=1024%2C1024&ssl=1&resize=350%2C200","width":350,"height":200,"srcset":"https:\/\/i0.wp.com\/elbauldelupe.com\/wp-content\/uploads\/2023\/09\/img_9554.jpeg?fit=1024%2C1024&ssl=1&resize=350%2C200 1x, https:\/\/i0.wp.com\/elbauldelupe.com\/wp-content\/uploads\/2023\/09\/img_9554.jpeg?fit=1024%2C1024&ssl=1&resize=525%2C300 1.5x, https:\/\/i0.wp.com\/elbauldelupe.com\/wp-content\/uploads\/2023\/09\/img_9554.jpeg?fit=1024%2C1024&ssl=1&resize=700%2C400 2x"},"classes":[]},{"id":2892,"url":"https:\/\/elbauldelupe.com\/?product=vestido-velo-azul","url_meta":{"origin":9549,"position":3},"title":"VESTIDO VELO AZUL","author":"admin","date":"14\/11\/2023","format":false,"excerpt":"Un hermoso vestido\u00a0 confeccionado en suave algod\u00f3n y adornado con delicado tul, con forro de algod\u00f3n interno perfecto para lucir elegante y fresca en cualquier\u00a0ocasi\u00f3n","rel":"","context":"Entrada similar","block_context":{"text":"Entrada similar","link":""},"img":{"alt_text":"","src":"https:\/\/i0.wp.com\/elbauldelupe.com\/wp-content\/uploads\/2023\/11\/Imagen-de-WhatsApp-2023-11-12-a-las-20.24.19_33f5a32a.jpg?fit=800%2C800&ssl=1&resize=350%2C200","width":350,"height":200,"srcset":"https:\/\/i0.wp.com\/elbauldelupe.com\/wp-content\/uploads\/2023\/11\/Imagen-de-WhatsApp-2023-11-12-a-las-20.24.19_33f5a32a.jpg?fit=800%2C800&ssl=1&resize=350%2C200 1x, https:\/\/i0.wp.com\/elbauldelupe.com\/wp-content\/uploads\/2023\/11\/Imagen-de-WhatsApp-2023-11-12-a-las-20.24.19_33f5a32a.jpg?fit=800%2C800&ssl=1&resize=525%2C300 1.5x, https:\/\/i0.wp.com\/elbauldelupe.com\/wp-content\/uploads\/2023\/11\/Imagen-de-WhatsApp-2023-11-12-a-las-20.24.19_33f5a32a.jpg?fit=800%2C800&ssl=1&resize=700%2C400 2x"},"classes":[]},{"id":6677,"url":"https:\/\/elbauldelupe.com\/?product=vestido-velo-blanco","url_meta":{"origin":9549,"position":4},"title":"VESTIDO VELO BLANCO","author":"admin","date":"05\/09\/2024","format":false,"excerpt":"Un hermoso vestido\u00a0 confeccionado en suave algod\u00f3n y adornado con delicado tul, con forro de algod\u00f3n interno perfecto para lucir elegante y fresca en cualquier\u00a0ocasi\u00f3n","rel":"","context":"Entrada similar","block_context":{"text":"Entrada similar","link":""},"img":{"alt_text":"","src":"https:\/\/i0.wp.com\/elbauldelupe.com\/wp-content\/uploads\/2024\/09\/photoroom_20260213_184255.jpeg?fit=1080%2C1080&ssl=1&resize=350%2C200","width":350,"height":200,"srcset":"https:\/\/i0.wp.com\/elbauldelupe.com\/wp-content\/uploads\/2024\/09\/photoroom_20260213_184255.jpeg?fit=1080%2C1080&ssl=1&resize=350%2C200 1x, https:\/\/i0.wp.com\/elbauldelupe.com\/wp-content\/uploads\/2024\/09\/photoroom_20260213_184255.jpeg?fit=1080%2C1080&ssl=1&resize=525%2C300 1.5x, https:\/\/i0.wp.com\/elbauldelupe.com\/wp-content\/uploads\/2024\/09\/photoroom_20260213_184255.jpeg?fit=1080%2C1080&ssl=1&resize=700%2C400 2x, https:\/\/i0.wp.com\/elbauldelupe.com\/wp-content\/uploads\/2024\/09\/photoroom_20260213_184255.jpeg?fit=1080%2C1080&ssl=1&resize=1050%2C600 3x"},"classes":[]},{"id":770,"url":"https:\/\/elbauldelupe.com\/?product=vestido-aurora","url_meta":{"origin":9549,"position":5},"title":"VESTIDO AURORA","author":"admin","date":"08\/09\/2023","format":false,"excerpt":"Vestido Aurora un hermoso vestido dise\u00f1ado para que tu beb\u00e9 est\u00e9 c\u00f3moda y luzca radiante en cualquier ocasi\u00f3n confeccionado con tul suave y delicado que le brinda un toque de elegancia angelical incluye diadema a juego","rel":"","context":"Entrada similar","block_context":{"text":"Entrada similar","link":""},"img":{"alt_text":"","src":"https:\/\/i0.wp.com\/elbauldelupe.com\/wp-content\/uploads\/2023\/09\/photoroom_20260211_230725.png?fit=800%2C1200&ssl=1&resize=350%2C200","width":350,"height":200,"srcset":"https:\/\/i0.wp.com\/elbauldelupe.com\/wp-content\/uploads\/2023\/09\/photoroom_20260211_230725.png?fit=800%2C1200&ssl=1&resize=350%2C200 1x, https:\/\/i0.wp.com\/elbauldelupe.com\/wp-content\/uploads\/2023\/09\/photoroom_20260211_230725.png?fit=800%2C1200&ssl=1&resize=525%2C300 1.5x, https:\/\/i0.wp.com\/elbauldelupe.com\/wp-content\/uploads\/2023\/09\/photoroom_20260211_230725.png?fit=800%2C1200&ssl=1&resize=700%2C400 2x"},"classes":[]}],"_links":{"self":[{"href":"https:\/\/elbauldelupe.com\/index.php?rest_route=\/wp\/v2\/product\/9549","targetHints":{"allow":["GET"]}}],"collection":[{"href":"https:\/\/elbauldelupe.com\/index.php?rest_route=\/wp\/v2\/product"}],"about":[{"href":"https:\/\/elbauldelupe.com\/index.php?rest_route=\/wp\/v2\/types\/product"}],"replies":[{"embeddable":true,"href":"https:\/\/elbauldelupe.com\/index.php?rest_route=%2Fwp%2Fv2%2Fcomments&post=9549"}],"wp:featuredmedia":[{"embeddable":true,"href":"https:\/\/elbauldelupe.com\/index.php?rest_route=\/wp\/v2\/media\/9815"}],"wp:attachment":[{"href":"https:\/\/elbauldelupe.com\/index.php?rest_route=%2Fwp%2Fv2%2Fmedia&parent=9549"}],"wp:term":[{"taxonomy":"product_brand","embeddable":true,"href":"https:\/\/elbauldelupe.com\/index.php?rest_route=%2Fwp%2Fv2%2Fproduct_brand&post=9549"},{"taxonomy":"product_cat","embeddable":true,"href":"https:\/\/elbauldelupe.com\/index.php?rest_route=%2Fwp%2Fv2%2Fproduct_cat&post=9549"},{"taxonomy":"product_tag","embeddable":true,"href":"https:\/\/elbauldelupe.com\/index.php?rest_route=%2Fwp%2Fv2%2Fproduct_tag&post=9549"}],"curies":[{"name":"wp","href":"https:\/\/api.w.org\/{rel}","templated":true}]}}