{"id":9516,"date":"2025-11-04T18:22:46","date_gmt":"2025-11-04T23:22:46","guid":{"rendered":"https:\/\/elbauldelupe.com\/?post_type=product&#038;p=9516"},"modified":"2026-02-18T17:46:22","modified_gmt":"2026-02-18T22:46:22","slug":"zapatos-coquet-negros","status":"publish","type":"product","link":"https:\/\/elbauldelupe.com\/?product=zapatos-coquet-negros","title":{"rendered":"ZAPATOS COQUET NEGROS"},"content":{"rendered":"","protected":false},"excerpt":{"rendered":"<p><img fetchpriority=\"high\" decoding=\"async\" class=\"alignnone size-medium wp-image-9610\" src=\"https:\/\/elbauldelupe.com\/wp-content\/uploads\/2025\/11\/guia-za-1-169x300.jpg\" alt=\"\" width=\"169\" height=\"300\" srcset=\"https:\/\/i0.wp.com\/elbauldelupe.com\/wp-content\/uploads\/2025\/11\/guia-za-1.jpg?resize=169%2C300&amp;ssl=1 169w, https:\/\/i0.wp.com\/elbauldelupe.com\/wp-content\/uploads\/2025\/11\/guia-za-1.jpg?resize=576%2C1024&amp;ssl=1 576w, https:\/\/i0.wp.com\/elbauldelupe.com\/wp-content\/uploads\/2025\/11\/guia-za-1.jpg?resize=768%2C1365&amp;ssl=1 768w, https:\/\/i0.wp.com\/elbauldelupe.com\/wp-content\/uploads\/2025\/11\/guia-za-1.jpg?resize=864%2C1536&amp;ssl=1 864w, https:\/\/i0.wp.com\/elbauldelupe.com\/wp-content\/uploads\/2025\/11\/guia-za-1.jpg?resize=600%2C1067&amp;ssl=1 600w, https:\/\/i0.wp.com\/elbauldelupe.com\/wp-content\/uploads\/2025\/11\/guia-za-1.jpg?w=900&amp;ssl=1 900w\" sizes=\"(max-width: 169px) 100vw, 169px\" \/>\u00a0 \u00a0 \u00a0 \u00a0 \u00a0 \u00a0 \u00a0 \u00a0 \u00a0 \u00a0 \u00a0 \u00a0 \u00a0 \u00a0 \u00a0 \u00a0 \u00a0 \u00a0 \u00a0 \u00a0 \u00a0 \u00a0 \u00a0 \u00a0 \u00a0 Elegantes zapatos de ni\u00f1a elaborados en charol, adornados con un hermoso mo\u00f1o removible que permite personalizar el estilo. Su excelente calidad garantiza comodidad y durabilidad, convirti\u00e9ndolos en la opci\u00f3n ideal para completar el outfit perfecto para tu princesa<\/p>\n","protected":false},"featured_media":11937,"comment_status":"open","ping_status":"closed","template":"","meta":{"site-sidebar-layout":"default","site-content-layout":"","ast-site-content-layout":"default","site-content-style":"default","site-sidebar-style":"default","ast-global-header-display":"","ast-banner-title-visibility":"","ast-main-header-display":"","ast-hfb-above-header-display":"","ast-hfb-below-header-display":"","ast-hfb-mobile-header-display":"","site-post-title":"","ast-breadcrumbs-content":"","ast-featured-img":"","footer-sml-layout":"","ast-disable-related-posts":"","theme-transparent-header-meta":"default","adv-header-id-meta":"","stick-header-meta":"","header-above-stick-meta":"","header-main-stick-meta":"","header-below-stick-meta":"","astra-migrate-meta-layouts":"set","ast-page-background-enabled":"default","ast-page-background-meta":{"desktop":{"background-color":"var(--ast-global-color-4)","background-image":"","background-repeat":"repeat","background-position":"center center","background-size":"auto","background-attachment":"scroll","background-type":"","background-media":"","overlay-type":"","overlay-color":"","overlay-opacity":"","overlay-gradient":""},"tablet":{"background-color":"","background-image":"","background-repeat":"repeat","background-position":"center center","background-size":"auto","background-attachment":"scroll","background-type":"","background-media":"","overlay-type":"","overlay-color":"","overlay-opacity":"","overlay-gradient":""},"mobile":{"background-color":"","background-image":"","background-repeat":"repeat","background-position":"center center","background-size":"auto","background-attachment":"scroll","background-type":"","background-media":"","overlay-type":"","overlay-color":"","overlay-opacity":"","overlay-gradient":""}},"ast-content-background-meta":{"desktop":{"background-color":"var(--ast-global-color-5)","background-image":"","background-repeat":"repeat","background-position":"center center","background-size":"auto","background-attachment":"scroll","background-type":"","background-media":"","overlay-type":"","overlay-color":"","overlay-opacity":"","overlay-gradient":""},"tablet":{"background-color":"var(--ast-global-color-5)","background-image":"","background-repeat":"repeat","background-position":"center center","background-size":"auto","background-attachment":"scroll","background-type":"","background-media":"","overlay-type":"","overlay-color":"","overlay-opacity":"","overlay-gradient":""},"mobile":{"background-color":"var(--ast-global-color-5)","background-image":"","background-repeat":"repeat","background-position":"center center","background-size":"auto","background-attachment":"scroll","background-type":"","background-media":"","overlay-type":"","overlay-color":"","overlay-opacity":"","overlay-gradient":""}}},"product_brand":[],"product_cat":[64,44,43,62],"product_tag":[],"class_list":{"0":"post-9516","1":"product","2":"type-product","3":"status-publish","4":"has-post-thumbnail","6":"product_cat-calzado-nina","7":"product_cat-bebe-nina","8":"product_cat-nueva-coleccion","9":"product_cat-todos-los-articulos","10":"pa_tallas-12-18-meses","11":"pa_tallas-6-12-meses","12":"desktop-align-left","13":"tablet-align-left","14":"mobile-align-left","16":"first","17":"instock","18":"taxable","19":"shipping-taxable","20":"purchasable","21":"product-type-variable"},"jetpack-related-posts":[{"id":1616,"url":"https:\/\/elbauldelupe.com\/?product=zapatos-ballet","url_meta":{"origin":9516,"position":0},"title":"ZAPATOS BALLET","author":"admin","date":"14\/09\/2023","format":false,"excerpt":"Zapatos Ballet Zapatos ergon\u00f3micos en gamuza suela flexible y antideslizante que permiten una marcha natural.\u00a0 \u00a0 \u00a0 \u00a0 \u00a0 \u00a0 \u00a0 \u00a0 \u00a0 \u00a0 \u00a0 \u00a0 \u00a0 \u00a0 \u00a0 \u00a0 \u00a0 \u00a0 \u00a0 \u00a0 \u00a0 \u00a0 \u00a0 \u00a0 \u00a0 \u00a0 \u00a0 \u00a0 \u00a0 \u00a0 \u00a0 \u00a0 \u00a0","rel":"","context":"Entrada similar","block_context":{"text":"Entrada similar","link":""},"img":{"alt_text":"","src":"https:\/\/i0.wp.com\/elbauldelupe.com\/wp-content\/uploads\/2023\/09\/img_3716.jpeg?fit=1056%2C992&ssl=1&resize=350%2C200","width":350,"height":200,"srcset":"https:\/\/i0.wp.com\/elbauldelupe.com\/wp-content\/uploads\/2023\/09\/img_3716.jpeg?fit=1056%2C992&ssl=1&resize=350%2C200 1x, https:\/\/i0.wp.com\/elbauldelupe.com\/wp-content\/uploads\/2023\/09\/img_3716.jpeg?fit=1056%2C992&ssl=1&resize=525%2C300 1.5x, https:\/\/i0.wp.com\/elbauldelupe.com\/wp-content\/uploads\/2023\/09\/img_3716.jpeg?fit=1056%2C992&ssl=1&resize=700%2C400 2x, https:\/\/i0.wp.com\/elbauldelupe.com\/wp-content\/uploads\/2023\/09\/img_3716.jpeg?fit=1056%2C992&ssl=1&resize=1050%2C600 3x"},"classes":[]},{"id":3277,"url":"https:\/\/elbauldelupe.com\/?product=media-zapato-beily","url_meta":{"origin":9516,"position":1},"title":"MEDIA ZAPATO BEILY","author":"admin","date":"25\/11\/2023","format":false,"excerpt":"Encantadores zapatos estilo calcet\u00edn perfectos para tu beb\u00e9, con suela antideslizante y un precioso lazo en la parte frontal que le da un toque \u00fanico.","rel":"","context":"Entrada similar","block_context":{"text":"Entrada similar","link":""},"img":{"alt_text":"","src":"https:\/\/i0.wp.com\/elbauldelupe.com\/wp-content\/uploads\/2023\/11\/Imagen-de-WhatsApp-2023-11-25-a-las-20.17.33_66288d8b.jpg?fit=800%2C800&ssl=1&resize=350%2C200","width":350,"height":200,"srcset":"https:\/\/i0.wp.com\/elbauldelupe.com\/wp-content\/uploads\/2023\/11\/Imagen-de-WhatsApp-2023-11-25-a-las-20.17.33_66288d8b.jpg?fit=800%2C800&ssl=1&resize=350%2C200 1x, https:\/\/i0.wp.com\/elbauldelupe.com\/wp-content\/uploads\/2023\/11\/Imagen-de-WhatsApp-2023-11-25-a-las-20.17.33_66288d8b.jpg?fit=800%2C800&ssl=1&resize=525%2C300 1.5x, https:\/\/i0.wp.com\/elbauldelupe.com\/wp-content\/uploads\/2023\/11\/Imagen-de-WhatsApp-2023-11-25-a-las-20.17.33_66288d8b.jpg?fit=800%2C800&ssl=1&resize=700%2C400 2x"},"classes":[]},{"id":10437,"url":"https:\/\/elbauldelupe.com\/?product=zapatos-mariposa","url_meta":{"origin":9516,"position":2},"title":"ZAPATOS MARIPOSA","author":"admin","date":"21\/01\/2026","format":false,"excerpt":"Zapatos para beb\u00e9 en acabado suave y delicado, con detalle de lazo bordado que aporta un toque elegante. Ideales para completar looks especiales con comodidad y encanto.","rel":"","context":"Entrada similar","block_context":{"text":"Entrada similar","link":""},"img":{"alt_text":"","src":"https:\/\/i0.wp.com\/elbauldelupe.com\/wp-content\/uploads\/2026\/01\/img_3303.jpeg?fit=960%2C1088&ssl=1&resize=350%2C200","width":350,"height":200,"srcset":"https:\/\/i0.wp.com\/elbauldelupe.com\/wp-content\/uploads\/2026\/01\/img_3303.jpeg?fit=960%2C1088&ssl=1&resize=350%2C200 1x, https:\/\/i0.wp.com\/elbauldelupe.com\/wp-content\/uploads\/2026\/01\/img_3303.jpeg?fit=960%2C1088&ssl=1&resize=525%2C300 1.5x, https:\/\/i0.wp.com\/elbauldelupe.com\/wp-content\/uploads\/2026\/01\/img_3303.jpeg?fit=960%2C1088&ssl=1&resize=700%2C400 2x"},"classes":[]},{"id":6298,"url":"https:\/\/elbauldelupe.com\/?product=zapatos-lyam","url_meta":{"origin":9516,"position":3},"title":"ZAPATOS LYAM","author":"admin","date":"02\/08\/2024","format":false,"excerpt":"Elegante dise\u00f1o de zapato ergon\u00f3mico para beb\u00e9, con suela de goma y forro interno de algod\u00f3n para prevenir lesiones por rozaduras. Los zapatitos perfectos completar los outfits de tu peque\u00f1o\u00a0 \u00a0 \u00a0 \u00a0 \u00a0 \u00a0","rel":"","context":"Entrada similar","block_context":{"text":"Entrada similar","link":""},"img":{"alt_text":"","src":"https:\/\/i0.wp.com\/elbauldelupe.com\/wp-content\/uploads\/2024\/08\/img_7959.jpeg?fit=922%2C922&ssl=1&resize=350%2C200","width":350,"height":200,"srcset":"https:\/\/i0.wp.com\/elbauldelupe.com\/wp-content\/uploads\/2024\/08\/img_7959.jpeg?fit=922%2C922&ssl=1&resize=350%2C200 1x, https:\/\/i0.wp.com\/elbauldelupe.com\/wp-content\/uploads\/2024\/08\/img_7959.jpeg?fit=922%2C922&ssl=1&resize=525%2C300 1.5x, https:\/\/i0.wp.com\/elbauldelupe.com\/wp-content\/uploads\/2024\/08\/img_7959.jpeg?fit=922%2C922&ssl=1&resize=700%2C400 2x"},"classes":[]},{"id":8990,"url":"https:\/\/elbauldelupe.com\/?product=zapatos-tom","url_meta":{"origin":9516,"position":4},"title":"ZAPATOS TOM","author":"admin","date":"23\/09\/2025","format":false,"excerpt":"\u00a0 \u00a0 \u00a0 \u00a0 \u00a0 \u00a0 \u00a0 \u00a0 \u00a0 \u00a0 \u00a0 \u00a0 \u00a0 \u00a0 \u00a0 \u00a0 \u00a0 \u00a0 \u00a0 \u00a0 \u00a0 \u00a0 \u00a0 \u00a0 \u00a0 \u00a0 \u00a0 Zapatos tipo bot\u00edn en suave gamuza, con cordones ajustables y suela de goma antideslizante que brinda seguridad en cada paso. Ideales para complementar\u2026","rel":"","context":"Entrada similar","block_context":{"text":"Entrada similar","link":""},"img":{"alt_text":"","src":"https:\/\/i0.wp.com\/elbauldelupe.com\/wp-content\/uploads\/2025\/09\/img_0295.jpeg?fit=948%2C942&ssl=1&resize=350%2C200","width":350,"height":200,"srcset":"https:\/\/i0.wp.com\/elbauldelupe.com\/wp-content\/uploads\/2025\/09\/img_0295.jpeg?fit=948%2C942&ssl=1&resize=350%2C200 1x, https:\/\/i0.wp.com\/elbauldelupe.com\/wp-content\/uploads\/2025\/09\/img_0295.jpeg?fit=948%2C942&ssl=1&resize=525%2C300 1.5x, https:\/\/i0.wp.com\/elbauldelupe.com\/wp-content\/uploads\/2025\/09\/img_0295.jpeg?fit=948%2C942&ssl=1&resize=700%2C400 2x"},"classes":[]},{"id":10735,"url":"https:\/\/elbauldelupe.com\/?product=zapatos-gael","url_meta":{"origin":9516,"position":5},"title":"ZAPATOS GAEL","author":"admin","date":"12\/02\/2026","format":false,"excerpt":"Cl\u00e1sicos, elegantes y pensados para momentos especiales. Nuestros zapatos blancos est\u00e1n dise\u00f1ados con acabados delicados y una suela antideslizante, brindando mayor seguridad en cada peque\u00f1o paso.","rel":"","context":"Entrada similar","block_context":{"text":"Entrada similar","link":""},"img":{"alt_text":"","src":"https:\/\/i0.wp.com\/elbauldelupe.com\/wp-content\/uploads\/2026\/02\/img_3006.jpeg?fit=1024%2C1024&ssl=1&resize=350%2C200","width":350,"height":200,"srcset":"https:\/\/i0.wp.com\/elbauldelupe.com\/wp-content\/uploads\/2026\/02\/img_3006.jpeg?fit=1024%2C1024&ssl=1&resize=350%2C200 1x, https:\/\/i0.wp.com\/elbauldelupe.com\/wp-content\/uploads\/2026\/02\/img_3006.jpeg?fit=1024%2C1024&ssl=1&resize=525%2C300 1.5x, https:\/\/i0.wp.com\/elbauldelupe.com\/wp-content\/uploads\/2026\/02\/img_3006.jpeg?fit=1024%2C1024&ssl=1&resize=700%2C400 2x"},"classes":[]}],"_links":{"self":[{"href":"https:\/\/elbauldelupe.com\/index.php?rest_route=\/wp\/v2\/product\/9516","targetHints":{"allow":["GET"]}}],"collection":[{"href":"https:\/\/elbauldelupe.com\/index.php?rest_route=\/wp\/v2\/product"}],"about":[{"href":"https:\/\/elbauldelupe.com\/index.php?rest_route=\/wp\/v2\/types\/product"}],"replies":[{"embeddable":true,"href":"https:\/\/elbauldelupe.com\/index.php?rest_route=%2Fwp%2Fv2%2Fcomments&post=9516"}],"wp:featuredmedia":[{"embeddable":true,"href":"https:\/\/elbauldelupe.com\/index.php?rest_route=\/wp\/v2\/media\/11937"}],"wp:attachment":[{"href":"https:\/\/elbauldelupe.com\/index.php?rest_route=%2Fwp%2Fv2%2Fmedia&parent=9516"}],"wp:term":[{"taxonomy":"product_brand","embeddable":true,"href":"https:\/\/elbauldelupe.com\/index.php?rest_route=%2Fwp%2Fv2%2Fproduct_brand&post=9516"},{"taxonomy":"product_cat","embeddable":true,"href":"https:\/\/elbauldelupe.com\/index.php?rest_route=%2Fwp%2Fv2%2Fproduct_cat&post=9516"},{"taxonomy":"product_tag","embeddable":true,"href":"https:\/\/elbauldelupe.com\/index.php?rest_route=%2Fwp%2Fv2%2Fproduct_tag&post=9516"}],"curies":[{"name":"wp","href":"https:\/\/api.w.org\/{rel}","templated":true}]}}