{"id":9450,"date":"2025-10-27T18:39:44","date_gmt":"2025-10-27T23:39:44","guid":{"rendered":"https:\/\/elbauldelupe.com\/?post_type=product&#038;p=9450"},"modified":"2025-11-13T18:59:45","modified_gmt":"2025-11-13T23:59:45","slug":"zapatos-lazo-encaje","status":"publish","type":"product","link":"https:\/\/elbauldelupe.com\/?product=zapatos-lazo-encaje","title":{"rendered":"ZAPATOS LAZO ENCAJE"},"content":{"rendered":"","protected":false},"excerpt":{"rendered":"<p><img fetchpriority=\"high\" decoding=\"async\" class=\"alignnone size-medium wp-image-9614\" src=\"https:\/\/elbauldelupe.com\/wp-content\/uploads\/2025\/10\/guia-za-1-169x300.jpg\" alt=\"\" width=\"169\" height=\"300\" srcset=\"https:\/\/i0.wp.com\/elbauldelupe.com\/wp-content\/uploads\/2025\/10\/guia-za-1.jpg?resize=169%2C300&amp;ssl=1 169w, https:\/\/i0.wp.com\/elbauldelupe.com\/wp-content\/uploads\/2025\/10\/guia-za-1.jpg?resize=576%2C1024&amp;ssl=1 576w, https:\/\/i0.wp.com\/elbauldelupe.com\/wp-content\/uploads\/2025\/10\/guia-za-1.jpg?resize=768%2C1365&amp;ssl=1 768w, https:\/\/i0.wp.com\/elbauldelupe.com\/wp-content\/uploads\/2025\/10\/guia-za-1.jpg?resize=864%2C1536&amp;ssl=1 864w, https:\/\/i0.wp.com\/elbauldelupe.com\/wp-content\/uploads\/2025\/10\/guia-za-1.jpg?resize=600%2C1067&amp;ssl=1 600w, https:\/\/i0.wp.com\/elbauldelupe.com\/wp-content\/uploads\/2025\/10\/guia-za-1.jpg?w=900&amp;ssl=1 900w\" sizes=\"(max-width: 169px) 100vw, 169px\" \/>\u00a0 \u00a0 \u00a0 \u00a0 \u00a0 \u00a0 \u00a0 \u00a0 \u00a0 \u00a0 \u00a0 \u00a0 \u00a0 \u00a0 \u00a0 \u00a0 \u00a0 \u00a0 \u00a0 \u00a0 \u00a0 \u00a0 \u00a0 \u00a0 \u00a0 \u00a0Unos zapatitos llenos de encanto y dulzura \ud83e\udd0d<\/p>\n<p>Con delicado bordado floral y un lazo de encaje, son el toque perfecto para los looks m\u00e1s especiales de tu peque\u00f1a.<\/p>\n<p>Suaves, c\u00f3modos y llenos de magia, ideales para acompa\u00f1ar los momentos m\u00e1s lindos de esta Navidad<\/p>\n","protected":false},"featured_media":9449,"comment_status":"open","ping_status":"closed","template":"","meta":{"site-sidebar-layout":"default","site-content-layout":"","ast-site-content-layout":"default","site-content-style":"default","site-sidebar-style":"default","ast-global-header-display":"","ast-banner-title-visibility":"","ast-main-header-display":"","ast-hfb-above-header-display":"","ast-hfb-below-header-display":"","ast-hfb-mobile-header-display":"","site-post-title":"","ast-breadcrumbs-content":"","ast-featured-img":"","footer-sml-layout":"","ast-disable-related-posts":"","theme-transparent-header-meta":"default","adv-header-id-meta":"","stick-header-meta":"","header-above-stick-meta":"","header-main-stick-meta":"","header-below-stick-meta":"","astra-migrate-meta-layouts":"set","ast-page-background-enabled":"default","ast-page-background-meta":{"desktop":{"background-color":"var(--ast-global-color-4)","background-image":"","background-repeat":"repeat","background-position":"center center","background-size":"auto","background-attachment":"scroll","background-type":"","background-media":"","overlay-type":"","overlay-color":"","overlay-opacity":"","overlay-gradient":""},"tablet":{"background-color":"","background-image":"","background-repeat":"repeat","background-position":"center center","background-size":"auto","background-attachment":"scroll","background-type":"","background-media":"","overlay-type":"","overlay-color":"","overlay-opacity":"","overlay-gradient":""},"mobile":{"background-color":"","background-image":"","background-repeat":"repeat","background-position":"center center","background-size":"auto","background-attachment":"scroll","background-type":"","background-media":"","overlay-type":"","overlay-color":"","overlay-opacity":"","overlay-gradient":""}},"ast-content-background-meta":{"desktop":{"background-color":"var(--ast-global-color-5)","background-image":"","background-repeat":"repeat","background-position":"center center","background-size":"auto","background-attachment":"scroll","background-type":"","background-media":"","overlay-type":"","overlay-color":"","overlay-opacity":"","overlay-gradient":""},"tablet":{"background-color":"var(--ast-global-color-5)","background-image":"","background-repeat":"repeat","background-position":"center center","background-size":"auto","background-attachment":"scroll","background-type":"","background-media":"","overlay-type":"","overlay-color":"","overlay-opacity":"","overlay-gradient":""},"mobile":{"background-color":"var(--ast-global-color-5)","background-image":"","background-repeat":"repeat","background-position":"center center","background-size":"auto","background-attachment":"scroll","background-type":"","background-media":"","overlay-type":"","overlay-color":"","overlay-opacity":"","overlay-gradient":""}}},"product_brand":[],"product_cat":[64,15,44,43,62],"product_tag":[],"class_list":{"0":"post-9450","1":"product","2":"type-product","3":"status-publish","4":"has-post-thumbnail","6":"product_cat-calzado-nina","7":"product_cat-uncategorized","8":"product_cat-bebe-nina","9":"product_cat-nueva-coleccion","10":"product_cat-todos-los-articulos","11":"pa_tallas-12-18-meses","12":"pa_tallas-6-12-meses","13":"desktop-align-left","14":"tablet-align-left","15":"mobile-align-left","17":"first","18":"instock","19":"taxable","20":"shipping-taxable","21":"purchasable","22":"product-type-variable"},"jetpack-related-posts":[{"id":9353,"url":"https:\/\/elbauldelupe.com\/?product=vestido-dulce-navidad","url_meta":{"origin":9450,"position":0},"title":"MAMELUCO LAZO","author":"admin","date":"21\/10\/2025","format":false,"excerpt":"Un conjunto lleno de dulzura y elegancia para las fiestas \ud83c\udf84. Este hermoso mameluco tipo vestido est\u00e1 confeccionado en algod\u00f3n suave y c\u00f3modo, ideal para la delicada piel de tu beb\u00e9. Su dise\u00f1o en tono rojo vino con encaje floral y diadema a juego","rel":"","context":"Entrada similar","block_context":{"text":"Entrada similar","link":""},"img":{"alt_text":"","src":"https:\/\/i0.wp.com\/elbauldelupe.com\/wp-content\/uploads\/2025\/10\/photoroom_20260213_205418.png?fit=1024%2C1024&ssl=1&resize=350%2C200","width":350,"height":200,"srcset":"https:\/\/i0.wp.com\/elbauldelupe.com\/wp-content\/uploads\/2025\/10\/photoroom_20260213_205418.png?fit=1024%2C1024&ssl=1&resize=350%2C200 1x, https:\/\/i0.wp.com\/elbauldelupe.com\/wp-content\/uploads\/2025\/10\/photoroom_20260213_205418.png?fit=1024%2C1024&ssl=1&resize=525%2C300 1.5x, https:\/\/i0.wp.com\/elbauldelupe.com\/wp-content\/uploads\/2025\/10\/photoroom_20260213_205418.png?fit=1024%2C1024&ssl=1&resize=700%2C400 2x"},"classes":[]},{"id":9911,"url":"https:\/\/elbauldelupe.com\/?product=medias-cielo","url_meta":{"origin":9450,"position":1},"title":"MEDIAS CIELO","author":"admin","date":"19\/01\/2026","format":false,"excerpt":"Medias tejidas elaboradas en algod\u00f3n suave, con tejido calado y un hermoso detalle en encaje con lazo y perla que aporta un toque rom\u00e1ntico y elegante. Dise\u00f1adas para brindar comodidad sin apretar, son ideales para completar outfits especiales o looks cl\u00e1sicos del d\u00eda a d\u00eda.","rel":"","context":"Entrada similar","block_context":{"text":"Entrada similar","link":""},"img":{"alt_text":"","src":"https:\/\/i0.wp.com\/elbauldelupe.com\/wp-content\/uploads\/2026\/01\/photoroom_20260220_131801.jpeg?fit=1080%2C1080&ssl=1&resize=350%2C200","width":350,"height":200,"srcset":"https:\/\/i0.wp.com\/elbauldelupe.com\/wp-content\/uploads\/2026\/01\/photoroom_20260220_131801.jpeg?fit=1080%2C1080&ssl=1&resize=350%2C200 1x, https:\/\/i0.wp.com\/elbauldelupe.com\/wp-content\/uploads\/2026\/01\/photoroom_20260220_131801.jpeg?fit=1080%2C1080&ssl=1&resize=525%2C300 1.5x, https:\/\/i0.wp.com\/elbauldelupe.com\/wp-content\/uploads\/2026\/01\/photoroom_20260220_131801.jpeg?fit=1080%2C1080&ssl=1&resize=700%2C400 2x, https:\/\/i0.wp.com\/elbauldelupe.com\/wp-content\/uploads\/2026\/01\/photoroom_20260220_131801.jpeg?fit=1080%2C1080&ssl=1&resize=1050%2C600 3x"},"classes":[]},{"id":8199,"url":"https:\/\/elbauldelupe.com\/?product=set-alanna","url_meta":{"origin":9450,"position":2},"title":"SET ALANNA","author":"admin","date":"15\/04\/2025","format":false,"excerpt":"Conjunto blanco delicado, ideal para bautizo. Incluye un vestido de algod\u00f3n con detalles de encaje floral, lazos de sat\u00edn y un gorrito a juego, suave y ligero. Dise\u00f1ado para brindar comodidad sin perder elegancia. \u00a1Tu beb\u00e9 se ver\u00e1 divina con este set!","rel":"","context":"Entrada similar","block_context":{"text":"Entrada similar","link":""},"img":{"alt_text":"","src":"https:\/\/i0.wp.com\/elbauldelupe.com\/wp-content\/uploads\/2025\/04\/img_3648.jpeg?fit=928%2C928&ssl=1&resize=350%2C200","width":350,"height":200,"srcset":"https:\/\/i0.wp.com\/elbauldelupe.com\/wp-content\/uploads\/2025\/04\/img_3648.jpeg?fit=928%2C928&ssl=1&resize=350%2C200 1x, https:\/\/i0.wp.com\/elbauldelupe.com\/wp-content\/uploads\/2025\/04\/img_3648.jpeg?fit=928%2C928&ssl=1&resize=525%2C300 1.5x, https:\/\/i0.wp.com\/elbauldelupe.com\/wp-content\/uploads\/2025\/04\/img_3648.jpeg?fit=928%2C928&ssl=1&resize=700%2C400 2x"},"classes":[]},{"id":9409,"url":"https:\/\/elbauldelupe.com\/?product=zapatos-cream","url_meta":{"origin":9450,"position":3},"title":"ZAPATOS CREAM","author":"admin","date":"24\/10\/2025","format":false,"excerpt":"Un\u00a0 \u00a0 \u00a0 \u00a0 \u00a0 \u00a0 \u00a0 \u00a0 \u00a0 \u00a0 \u00a0 \u00a0 \u00a0 \u00a0 \u00a0 \u00a0 \u00a0 \u00a0 \u00a0 \u00a0 \u00a0 Zapatos lleno de ternura y elegancia. \ud83d\udc95 Estos delicados zapatitos tipo bailarina, en tono beige brillante, cuentan con un lazo frontal y cierre ajustable con hebilla dorada para un\u2026","rel":"","context":"Entrada similar","block_context":{"text":"Entrada similar","link":""},"img":{"alt_text":"","src":"https:\/\/i0.wp.com\/elbauldelupe.com\/wp-content\/uploads\/2025\/10\/img_2366.jpeg?fit=908%2C974&ssl=1&resize=350%2C200","width":350,"height":200,"srcset":"https:\/\/i0.wp.com\/elbauldelupe.com\/wp-content\/uploads\/2025\/10\/img_2366.jpeg?fit=908%2C974&ssl=1&resize=350%2C200 1x, https:\/\/i0.wp.com\/elbauldelupe.com\/wp-content\/uploads\/2025\/10\/img_2366.jpeg?fit=908%2C974&ssl=1&resize=525%2C300 1.5x, https:\/\/i0.wp.com\/elbauldelupe.com\/wp-content\/uploads\/2025\/10\/img_2366.jpeg?fit=908%2C974&ssl=1&resize=700%2C400 2x"},"classes":[]},{"id":10246,"url":"https:\/\/elbauldelupe.com\/?product=mameluco-lirio","url_meta":{"origin":9450,"position":4},"title":"MAMELUCO LIRIO","author":"admin","date":"20\/01\/2026","format":false,"excerpt":"Conjunto para beb\u00e9 en algod\u00f3n suave, con delicado estampado floral y tirantes con lazos. Incluye mameluco y diadema a juego, ideal para un look fresco, c\u00f3modo y lleno de ternura.","rel":"","context":"Entrada similar","block_context":{"text":"Entrada similar","link":""},"img":{"alt_text":"","src":"https:\/\/i0.wp.com\/elbauldelupe.com\/wp-content\/uploads\/2026\/01\/img_9105.jpeg?fit=1024%2C1024&ssl=1&resize=350%2C200","width":350,"height":200,"srcset":"https:\/\/i0.wp.com\/elbauldelupe.com\/wp-content\/uploads\/2026\/01\/img_9105.jpeg?fit=1024%2C1024&ssl=1&resize=350%2C200 1x, https:\/\/i0.wp.com\/elbauldelupe.com\/wp-content\/uploads\/2026\/01\/img_9105.jpeg?fit=1024%2C1024&ssl=1&resize=525%2C300 1.5x, https:\/\/i0.wp.com\/elbauldelupe.com\/wp-content\/uploads\/2026\/01\/img_9105.jpeg?fit=1024%2C1024&ssl=1&resize=700%2C400 2x"},"classes":[]},{"id":9444,"url":"https:\/\/elbauldelupe.com\/?product=zapatos-clara","url_meta":{"origin":9450,"position":5},"title":"ZAPATOS CLARA","author":"admin","date":"27\/10\/2025","format":false,"excerpt":"\u00a0 \u00a0 \u00a0 \u00a0 \u00a0 \u00a0 \u00a0 \u00a0 \u00a0 \u00a0 \u00a0 \u00a0 \u00a0 \u00a0 \u00a0 \u00a0 \u00a0 \u00a0 \u00a0 \u00a0 \u00a0 \u00a0 \u00a0 \u00a0 \u00a0 Unos zapatitos llenos de ternura y elegancia \ud83e\udd0d Con su delicado lazo y acabado brillante, son el complemento perfecto para los primeros pasos de tu\u2026","rel":"","context":"Entrada similar","block_context":{"text":"Entrada similar","link":""},"img":{"alt_text":"","src":"https:\/\/i0.wp.com\/elbauldelupe.com\/wp-content\/uploads\/2025\/10\/img_3582.jpeg?fit=896%2C1152&ssl=1&resize=350%2C200","width":350,"height":200,"srcset":"https:\/\/i0.wp.com\/elbauldelupe.com\/wp-content\/uploads\/2025\/10\/img_3582.jpeg?fit=896%2C1152&ssl=1&resize=350%2C200 1x, https:\/\/i0.wp.com\/elbauldelupe.com\/wp-content\/uploads\/2025\/10\/img_3582.jpeg?fit=896%2C1152&ssl=1&resize=525%2C300 1.5x, https:\/\/i0.wp.com\/elbauldelupe.com\/wp-content\/uploads\/2025\/10\/img_3582.jpeg?fit=896%2C1152&ssl=1&resize=700%2C400 2x"},"classes":[]}],"_links":{"self":[{"href":"https:\/\/elbauldelupe.com\/index.php?rest_route=\/wp\/v2\/product\/9450","targetHints":{"allow":["GET"]}}],"collection":[{"href":"https:\/\/elbauldelupe.com\/index.php?rest_route=\/wp\/v2\/product"}],"about":[{"href":"https:\/\/elbauldelupe.com\/index.php?rest_route=\/wp\/v2\/types\/product"}],"replies":[{"embeddable":true,"href":"https:\/\/elbauldelupe.com\/index.php?rest_route=%2Fwp%2Fv2%2Fcomments&post=9450"}],"wp:featuredmedia":[{"embeddable":true,"href":"https:\/\/elbauldelupe.com\/index.php?rest_route=\/wp\/v2\/media\/9449"}],"wp:attachment":[{"href":"https:\/\/elbauldelupe.com\/index.php?rest_route=%2Fwp%2Fv2%2Fmedia&parent=9450"}],"wp:term":[{"taxonomy":"product_brand","embeddable":true,"href":"https:\/\/elbauldelupe.com\/index.php?rest_route=%2Fwp%2Fv2%2Fproduct_brand&post=9450"},{"taxonomy":"product_cat","embeddable":true,"href":"https:\/\/elbauldelupe.com\/index.php?rest_route=%2Fwp%2Fv2%2Fproduct_cat&post=9450"},{"taxonomy":"product_tag","embeddable":true,"href":"https:\/\/elbauldelupe.com\/index.php?rest_route=%2Fwp%2Fv2%2Fproduct_tag&post=9450"}],"curies":[{"name":"wp","href":"https:\/\/api.w.org\/{rel}","templated":true}]}}