{"id":8115,"date":"2025-04-15T20:18:01","date_gmt":"2025-04-16T01:18:01","guid":{"rendered":"https:\/\/elbauldelupe.com\/?post_type=product&#038;p=8115"},"modified":"2026-02-20T13:38:26","modified_gmt":"2026-02-20T18:38:26","slug":"medias-terciopelo","status":"publish","type":"product","link":"https:\/\/elbauldelupe.com\/?product=medias-terciopelo","title":{"rendered":"MEDIAS TERCIOPELO"},"content":{"rendered":"","protected":false},"excerpt":{"rendered":"<p>A\u00f1ade un toque de elegancia a cualquier look con estas medias tejidas de algod\u00f3n, suaves y c\u00f3modas para tu beb\u00e9. Decoradas con delicados lazos de terciopelo en tonos neutros ideales para completar un hermoso outfit<\/p>\n","protected":false},"featured_media":12016,"comment_status":"open","ping_status":"closed","template":"","meta":{"site-sidebar-layout":"default","site-content-layout":"","ast-site-content-layout":"default","site-content-style":"default","site-sidebar-style":"default","ast-global-header-display":"","ast-banner-title-visibility":"","ast-main-header-display":"","ast-hfb-above-header-display":"","ast-hfb-below-header-display":"","ast-hfb-mobile-header-display":"","site-post-title":"","ast-breadcrumbs-content":"","ast-featured-img":"","footer-sml-layout":"","ast-disable-related-posts":"","theme-transparent-header-meta":"","adv-header-id-meta":"","stick-header-meta":"","header-above-stick-meta":"","header-main-stick-meta":"","header-below-stick-meta":"","astra-migrate-meta-layouts":"default","ast-page-background-enabled":"default","ast-page-background-meta":{"desktop":{"background-color":"var(--ast-global-color-4)","background-image":"","background-repeat":"repeat","background-position":"center center","background-size":"auto","background-attachment":"scroll","background-type":"","background-media":"","overlay-type":"","overlay-color":"","overlay-opacity":"","overlay-gradient":""},"tablet":{"background-color":"","background-image":"","background-repeat":"repeat","background-position":"center center","background-size":"auto","background-attachment":"scroll","background-type":"","background-media":"","overlay-type":"","overlay-color":"","overlay-opacity":"","overlay-gradient":""},"mobile":{"background-color":"","background-image":"","background-repeat":"repeat","background-position":"center center","background-size":"auto","background-attachment":"scroll","background-type":"","background-media":"","overlay-type":"","overlay-color":"","overlay-opacity":"","overlay-gradient":""}},"ast-content-background-meta":{"desktop":{"background-color":"var(--ast-global-color-5)","background-image":"","background-repeat":"repeat","background-position":"center center","background-size":"auto","background-attachment":"scroll","background-type":"","background-media":"","overlay-type":"","overlay-color":"","overlay-opacity":"","overlay-gradient":""},"tablet":{"background-color":"var(--ast-global-color-5)","background-image":"","background-repeat":"repeat","background-position":"center center","background-size":"auto","background-attachment":"scroll","background-type":"","background-media":"","overlay-type":"","overlay-color":"","overlay-opacity":"","overlay-gradient":""},"mobile":{"background-color":"var(--ast-global-color-5)","background-image":"","background-repeat":"repeat","background-position":"center center","background-size":"auto","background-attachment":"scroll","background-type":"","background-media":"","overlay-type":"","overlay-color":"","overlay-opacity":"","overlay-gradient":""}}},"product_brand":[],"product_cat":[70,15,63,44,43,62],"product_tag":[],"class_list":{"0":"post-8115","1":"product","2":"type-product","3":"status-publish","4":"has-post-thumbnail","6":"product_cat-accesorios","7":"product_cat-uncategorized","8":"product_cat-medias","9":"product_cat-bebe-nina","10":"product_cat-nueva-coleccion","11":"product_cat-todos-los-articulos","12":"pa_tallas-0-6-meses","13":"pa_tallas-12-18-meses","14":"pa_tallas-18-24-meses","15":"pa_tallas-6-12-meses","16":"desktop-align-left","17":"tablet-align-left","18":"mobile-align-left","20":"first","21":"instock","22":"taxable","23":"shipping-taxable","24":"purchasable","25":"product-type-variable"},"jetpack-related-posts":[{"id":6801,"url":"https:\/\/elbauldelupe.com\/?product=medias-verde-festin","url_meta":{"origin":8115,"position":0},"title":"MEDIAS VERDE FESTIN","author":"admin","date":"27\/09\/2024","format":false,"excerpt":"Estas medias de algod\u00f3n suave, adornadas con un hermoso lazo de terciopelo, son el complemento perfecto para cualquier atuendo festivo.","rel":"","context":"Entrada similar","block_context":{"text":"Entrada similar","link":""},"img":{"alt_text":"","src":"https:\/\/i0.wp.com\/elbauldelupe.com\/wp-content\/uploads\/2024\/09\/b2f43a82-ab64-49c6-b6e5-0fe2a898a25c.jpeg?fit=1000%2C1000&ssl=1&resize=350%2C200","width":350,"height":200,"srcset":"https:\/\/i0.wp.com\/elbauldelupe.com\/wp-content\/uploads\/2024\/09\/b2f43a82-ab64-49c6-b6e5-0fe2a898a25c.jpeg?fit=1000%2C1000&ssl=1&resize=350%2C200 1x, https:\/\/i0.wp.com\/elbauldelupe.com\/wp-content\/uploads\/2024\/09\/b2f43a82-ab64-49c6-b6e5-0fe2a898a25c.jpeg?fit=1000%2C1000&ssl=1&resize=525%2C300 1.5x, https:\/\/i0.wp.com\/elbauldelupe.com\/wp-content\/uploads\/2024\/09\/b2f43a82-ab64-49c6-b6e5-0fe2a898a25c.jpeg?fit=1000%2C1000&ssl=1&resize=700%2C400 2x"},"classes":[]},{"id":7411,"url":"https:\/\/elbauldelupe.com\/?product=medias-lazo-festivo","url_meta":{"origin":8115,"position":1},"title":"MEDIAS LAZO FESTIVO","author":"admin","date":"19\/10\/2024","format":false,"excerpt":"Estas medias de algod\u00f3n suave, adornadas con un hermoso lazo de terciopelo, son el complemento perfecto para cualquier atuendo festivo.","rel":"","context":"Entrada similar","block_context":{"text":"Entrada similar","link":""},"img":{"alt_text":"","src":"https:\/\/i0.wp.com\/elbauldelupe.com\/wp-content\/uploads\/2024\/10\/img_8811.jpeg?fit=1200%2C1162&ssl=1&resize=350%2C200","width":350,"height":200,"srcset":"https:\/\/i0.wp.com\/elbauldelupe.com\/wp-content\/uploads\/2024\/10\/img_8811.jpeg?fit=1200%2C1162&ssl=1&resize=350%2C200 1x, https:\/\/i0.wp.com\/elbauldelupe.com\/wp-content\/uploads\/2024\/10\/img_8811.jpeg?fit=1200%2C1162&ssl=1&resize=525%2C300 1.5x, https:\/\/i0.wp.com\/elbauldelupe.com\/wp-content\/uploads\/2024\/10\/img_8811.jpeg?fit=1200%2C1162&ssl=1&resize=700%2C400 2x, https:\/\/i0.wp.com\/elbauldelupe.com\/wp-content\/uploads\/2024\/10\/img_8811.jpeg?fit=1200%2C1162&ssl=1&resize=1050%2C600 3x"},"classes":[]},{"id":7358,"url":"https:\/\/elbauldelupe.com\/?product=diadema-navidad","url_meta":{"origin":8115,"position":2},"title":"DIADEMA TERCIOPELO","author":"admin","date":"18\/10\/2024","format":false,"excerpt":"Diadema de mo\u00f1o en pana elaborada con una banda muy suave y c\u00f3moda para tu beb\u00e9","rel":"","context":"Entrada similar","block_context":{"text":"Entrada similar","link":""},"img":{"alt_text":"","src":"https:\/\/i0.wp.com\/elbauldelupe.com\/wp-content\/uploads\/2024\/10\/img_8790.jpeg?fit=1200%2C1102&ssl=1&resize=350%2C200","width":350,"height":200,"srcset":"https:\/\/i0.wp.com\/elbauldelupe.com\/wp-content\/uploads\/2024\/10\/img_8790.jpeg?fit=1200%2C1102&ssl=1&resize=350%2C200 1x, https:\/\/i0.wp.com\/elbauldelupe.com\/wp-content\/uploads\/2024\/10\/img_8790.jpeg?fit=1200%2C1102&ssl=1&resize=525%2C300 1.5x, https:\/\/i0.wp.com\/elbauldelupe.com\/wp-content\/uploads\/2024\/10\/img_8790.jpeg?fit=1200%2C1102&ssl=1&resize=700%2C400 2x, https:\/\/i0.wp.com\/elbauldelupe.com\/wp-content\/uploads\/2024\/10\/img_8790.jpeg?fit=1200%2C1102&ssl=1&resize=1050%2C600 3x"},"classes":[]},{"id":3392,"url":"https:\/\/elbauldelupe.com\/?product=diadema-liz","url_meta":{"origin":8115,"position":3},"title":"DIADEMA LIZ","author":"admin","date":"17\/12\/2023","format":false,"excerpt":"Diadema de mo\u00f1o en terciopelo elaborada con una banda muy suave y c\u00f3moda para tu bebe","rel":"","context":"Entrada similar","block_context":{"text":"Entrada similar","link":""},"img":{"alt_text":"","src":"https:\/\/i0.wp.com\/elbauldelupe.com\/wp-content\/uploads\/2023\/12\/img_4589.jpeg?fit=1056%2C1008&ssl=1&resize=350%2C200","width":350,"height":200,"srcset":"https:\/\/i0.wp.com\/elbauldelupe.com\/wp-content\/uploads\/2023\/12\/img_4589.jpeg?fit=1056%2C1008&ssl=1&resize=350%2C200 1x, https:\/\/i0.wp.com\/elbauldelupe.com\/wp-content\/uploads\/2023\/12\/img_4589.jpeg?fit=1056%2C1008&ssl=1&resize=525%2C300 1.5x, https:\/\/i0.wp.com\/elbauldelupe.com\/wp-content\/uploads\/2023\/12\/img_4589.jpeg?fit=1056%2C1008&ssl=1&resize=700%2C400 2x, https:\/\/i0.wp.com\/elbauldelupe.com\/wp-content\/uploads\/2023\/12\/img_4589.jpeg?fit=1056%2C1008&ssl=1&resize=1050%2C600 3x"},"classes":[]},{"id":7567,"url":"https:\/\/elbauldelupe.com\/?product=vestido-love-pink","url_meta":{"origin":8115,"position":4},"title":"VESTIDO LOVE ROSA","author":"admin","date":"13\/11\/2024","format":false,"excerpt":"Vestido de manga larga en terciopelo rosado con estampado de corazones y detalle de volantes en los hombros. Lleva un lazo en el frente y falda de tul que aporta un toque elegante y encantador, ideal para ocasiones especiales.","rel":"","context":"Entrada similar","block_context":{"text":"Entrada similar","link":""},"img":{"alt_text":"","src":"https:\/\/i0.wp.com\/elbauldelupe.com\/wp-content\/uploads\/2024\/11\/img_1360.jpeg?fit=902%2C1200&ssl=1&resize=350%2C200","width":350,"height":200,"srcset":"https:\/\/i0.wp.com\/elbauldelupe.com\/wp-content\/uploads\/2024\/11\/img_1360.jpeg?fit=902%2C1200&ssl=1&resize=350%2C200 1x, https:\/\/i0.wp.com\/elbauldelupe.com\/wp-content\/uploads\/2024\/11\/img_1360.jpeg?fit=902%2C1200&ssl=1&resize=525%2C300 1.5x, https:\/\/i0.wp.com\/elbauldelupe.com\/wp-content\/uploads\/2024\/11\/img_1360.jpeg?fit=902%2C1200&ssl=1&resize=700%2C400 2x"},"classes":[]},{"id":4549,"url":"https:\/\/elbauldelupe.com\/?product=medias-danil","url_meta":{"origin":8115,"position":5},"title":"MEDIAS DANIL","author":"admin","date":"05\/03\/2024","format":false,"excerpt":"Medias de alta calidad acanaladas es el complemento perfecto para los outfis tu bebe","rel":"","context":"Entrada similar","block_context":{"text":"Entrada similar","link":""},"img":{"alt_text":"","src":"https:\/\/i0.wp.com\/elbauldelupe.com\/wp-content\/uploads\/2024\/03\/img_3755.jpeg?fit=1024%2C1024&ssl=1&resize=350%2C200","width":350,"height":200,"srcset":"https:\/\/i0.wp.com\/elbauldelupe.com\/wp-content\/uploads\/2024\/03\/img_3755.jpeg?fit=1024%2C1024&ssl=1&resize=350%2C200 1x, https:\/\/i0.wp.com\/elbauldelupe.com\/wp-content\/uploads\/2024\/03\/img_3755.jpeg?fit=1024%2C1024&ssl=1&resize=525%2C300 1.5x, https:\/\/i0.wp.com\/elbauldelupe.com\/wp-content\/uploads\/2024\/03\/img_3755.jpeg?fit=1024%2C1024&ssl=1&resize=700%2C400 2x"},"classes":[]}],"_links":{"self":[{"href":"https:\/\/elbauldelupe.com\/index.php?rest_route=\/wp\/v2\/product\/8115","targetHints":{"allow":["GET"]}}],"collection":[{"href":"https:\/\/elbauldelupe.com\/index.php?rest_route=\/wp\/v2\/product"}],"about":[{"href":"https:\/\/elbauldelupe.com\/index.php?rest_route=\/wp\/v2\/types\/product"}],"replies":[{"embeddable":true,"href":"https:\/\/elbauldelupe.com\/index.php?rest_route=%2Fwp%2Fv2%2Fcomments&post=8115"}],"wp:featuredmedia":[{"embeddable":true,"href":"https:\/\/elbauldelupe.com\/index.php?rest_route=\/wp\/v2\/media\/12016"}],"wp:attachment":[{"href":"https:\/\/elbauldelupe.com\/index.php?rest_route=%2Fwp%2Fv2%2Fmedia&parent=8115"}],"wp:term":[{"taxonomy":"product_brand","embeddable":true,"href":"https:\/\/elbauldelupe.com\/index.php?rest_route=%2Fwp%2Fv2%2Fproduct_brand&post=8115"},{"taxonomy":"product_cat","embeddable":true,"href":"https:\/\/elbauldelupe.com\/index.php?rest_route=%2Fwp%2Fv2%2Fproduct_cat&post=8115"},{"taxonomy":"product_tag","embeddable":true,"href":"https:\/\/elbauldelupe.com\/index.php?rest_route=%2Fwp%2Fv2%2Fproduct_tag&post=8115"}],"curies":[{"name":"wp","href":"https:\/\/api.w.org\/{rel}","templated":true}]}}