{"id":734,"date":"2023-09-08T14:17:00","date_gmt":"2023-09-08T19:17:00","guid":{"rendered":"https:\/\/elbauldelupe.com\/?post_type=product&#038;p=734"},"modified":"2026-01-08T17:46:03","modified_gmt":"2026-01-08T22:46:03","slug":"mameluco-pascua","status":"publish","type":"product","link":"https:\/\/elbauldelupe.com\/?product=mameluco-pascua","title":{"rendered":"MAMELUCO PASCUA"},"content":{"rendered":"","protected":false},"excerpt":{"rendered":"<p>Mameluco elaborado con una tela blanca en encaje ideal para bautizo sesi\u00f3n de fotos o ocasiones especiales una prenda sencillamente hermosa<\/p>\n<p>Lo puedes combinar con nuestro gorro espa\u00f1ol encaje<\/p>\n","protected":false},"featured_media":6509,"comment_status":"open","ping_status":"closed","template":"","meta":{"site-sidebar-layout":"default","site-content-layout":"","ast-site-content-layout":"default","site-content-style":"default","site-sidebar-style":"default","ast-global-header-display":"","ast-banner-title-visibility":"","ast-main-header-display":"","ast-hfb-above-header-display":"","ast-hfb-below-header-display":"","ast-hfb-mobile-header-display":"","site-post-title":"","ast-breadcrumbs-content":"","ast-featured-img":"","footer-sml-layout":"","ast-disable-related-posts":"","theme-transparent-header-meta":"default","adv-header-id-meta":"","stick-header-meta":"","header-above-stick-meta":"","header-main-stick-meta":"","header-below-stick-meta":"","astra-migrate-meta-layouts":"set","ast-page-background-enabled":"default","ast-page-background-meta":{"desktop":{"background-color":"var(--ast-global-color-4)","background-image":"","background-repeat":"repeat","background-position":"center center","background-size":"auto","background-attachment":"scroll","background-type":"","background-media":"","overlay-type":"","overlay-color":"","overlay-opacity":"","overlay-gradient":""},"tablet":{"background-color":"","background-image":"","background-repeat":"repeat","background-position":"center center","background-size":"auto","background-attachment":"scroll","background-type":"","background-media":"","overlay-type":"","overlay-color":"","overlay-opacity":"","overlay-gradient":""},"mobile":{"background-color":"","background-image":"","background-repeat":"repeat","background-position":"center center","background-size":"auto","background-attachment":"scroll","background-type":"","background-media":"","overlay-type":"","overlay-color":"","overlay-opacity":"","overlay-gradient":""}},"ast-content-background-meta":{"desktop":{"background-color":"var(--ast-global-color-5)","background-image":"","background-repeat":"repeat","background-position":"center center","background-size":"auto","background-attachment":"scroll","background-type":"","background-media":"","overlay-type":"","overlay-color":"","overlay-opacity":"","overlay-gradient":""},"tablet":{"background-color":"var(--ast-global-color-5)","background-image":"","background-repeat":"repeat","background-position":"center center","background-size":"auto","background-attachment":"scroll","background-type":"","background-media":"","overlay-type":"","overlay-color":"","overlay-opacity":"","overlay-gradient":""},"mobile":{"background-color":"var(--ast-global-color-5)","background-image":"","background-repeat":"repeat","background-position":"center center","background-size":"auto","background-attachment":"scroll","background-type":"","background-media":"","overlay-type":"","overlay-color":"","overlay-opacity":"","overlay-gradient":""}}},"product_brand":[],"product_cat":[96,84,15,46,44,43,62,47],"product_tag":[],"class_list":{"0":"post-734","1":"product","2":"type-product","3":"status-publish","4":"has-post-thumbnail","6":"product_cat-bautizo-2","7":"product_cat-bautizo","8":"product_cat-uncategorized","9":"product_cat-mamelucos","10":"product_cat-bebe-nina","11":"product_cat-nueva-coleccion","12":"product_cat-todos-los-articulos","13":"product_cat-vestidos","14":"desktop-align-left","15":"tablet-align-left","16":"mobile-align-left","18":"first","19":"instock","20":"taxable","21":"shipping-taxable","22":"purchasable","23":"product-type-variable"},"jetpack-related-posts":[{"id":5473,"url":"https:\/\/elbauldelupe.com\/?product=mameluco-encaje","url_meta":{"origin":734,"position":0},"title":"MAMELUCO ENCAJE","author":"admin","date":"22\/05\/2024","format":false,"excerpt":"Elegante mameluco de encajes finos, dise\u00f1ado especialmente para bautizos y ocasiones especiales.","rel":"","context":"Entrada similar","block_context":{"text":"Entrada similar","link":""},"img":{"alt_text":"","src":"https:\/\/i0.wp.com\/elbauldelupe.com\/wp-content\/uploads\/2024\/05\/photoroom_20260219_155206.png?fit=1024%2C1024&ssl=1&resize=350%2C200","width":350,"height":200,"srcset":"https:\/\/i0.wp.com\/elbauldelupe.com\/wp-content\/uploads\/2024\/05\/photoroom_20260219_155206.png?fit=1024%2C1024&ssl=1&resize=350%2C200 1x, https:\/\/i0.wp.com\/elbauldelupe.com\/wp-content\/uploads\/2024\/05\/photoroom_20260219_155206.png?fit=1024%2C1024&ssl=1&resize=525%2C300 1.5x, https:\/\/i0.wp.com\/elbauldelupe.com\/wp-content\/uploads\/2024\/05\/photoroom_20260219_155206.png?fit=1024%2C1024&ssl=1&resize=700%2C400 2x"},"classes":[]},{"id":5022,"url":"https:\/\/elbauldelupe.com\/?product=mameluco-lucero","url_meta":{"origin":734,"position":1},"title":"MAMELUCO LUCERO","author":"admin","date":"03\/04\/2024","format":false,"excerpt":"Mameluco elaborado en\u00a0 algod\u00f3n\u00a0 adornado con hermosos encajes incluye\u00a0 diadema a juego","rel":"","context":"Entrada similar","block_context":{"text":"Entrada similar","link":""},"img":{"alt_text":"","src":"https:\/\/i0.wp.com\/elbauldelupe.com\/wp-content\/uploads\/2024\/04\/photoroom_20260219_144709.png?fit=1024%2C1024&ssl=1&resize=350%2C200","width":350,"height":200,"srcset":"https:\/\/i0.wp.com\/elbauldelupe.com\/wp-content\/uploads\/2024\/04\/photoroom_20260219_144709.png?fit=1024%2C1024&ssl=1&resize=350%2C200 1x, https:\/\/i0.wp.com\/elbauldelupe.com\/wp-content\/uploads\/2024\/04\/photoroom_20260219_144709.png?fit=1024%2C1024&ssl=1&resize=525%2C300 1.5x, https:\/\/i0.wp.com\/elbauldelupe.com\/wp-content\/uploads\/2024\/04\/photoroom_20260219_144709.png?fit=1024%2C1024&ssl=1&resize=700%2C400 2x"},"classes":[]},{"id":808,"url":"https:\/\/elbauldelupe.com\/?product=mameluco-fantasia","url_meta":{"origin":734,"position":2},"title":"MAMELUCO FANTASIA","author":"admin","date":"08\/09\/2023","format":false,"excerpt":"Este mameluco est\u00e1 elaborado en lino, un tejido ligero y transpirable que garantiza que tu peque\u00f1a se sienta fresca y c\u00f3moda Lo que hace que este mameluco sea especialmente encantador es el encaje de flores lila que adorna la prenda","rel":"","context":"Entrada similar","block_context":{"text":"Entrada similar","link":""},"img":{"alt_text":"","src":"https:\/\/i0.wp.com\/elbauldelupe.com\/wp-content\/uploads\/2023\/09\/img_0931.jpeg?fit=864%2C1184&ssl=1&resize=350%2C200","width":350,"height":200,"srcset":"https:\/\/i0.wp.com\/elbauldelupe.com\/wp-content\/uploads\/2023\/09\/img_0931.jpeg?fit=864%2C1184&ssl=1&resize=350%2C200 1x, https:\/\/i0.wp.com\/elbauldelupe.com\/wp-content\/uploads\/2023\/09\/img_0931.jpeg?fit=864%2C1184&ssl=1&resize=525%2C300 1.5x, https:\/\/i0.wp.com\/elbauldelupe.com\/wp-content\/uploads\/2023\/09\/img_0931.jpeg?fit=864%2C1184&ssl=1&resize=700%2C400 2x"},"classes":[]},{"id":903,"url":"https:\/\/elbauldelupe.com\/?product=mameluco-one-rosa","url_meta":{"origin":734,"position":3},"title":"MAMELUCO ONE ROSA","author":"admin","date":"09\/09\/2023","format":false,"excerpt":"Este mameluco es una elecci\u00f3n encantadora para eventos como cumplea\u00f1os sesi\u00f3n de fotos tu\u00a0beb\u00e9 se ver\u00e1 como una verdadera princesa en este dise\u00f1o en encaje rosa y seguramente robar\u00e1 corazones con su belleza y elegancia.","rel":"","context":"Entrada similar","block_context":{"text":"Entrada similar","link":""},"img":{"alt_text":"","src":"https:\/\/i0.wp.com\/elbauldelupe.com\/wp-content\/uploads\/2023\/09\/img_3730.jpeg?fit=1024%2C1024&ssl=1&resize=350%2C200","width":350,"height":200,"srcset":"https:\/\/i0.wp.com\/elbauldelupe.com\/wp-content\/uploads\/2023\/09\/img_3730.jpeg?fit=1024%2C1024&ssl=1&resize=350%2C200 1x, https:\/\/i0.wp.com\/elbauldelupe.com\/wp-content\/uploads\/2023\/09\/img_3730.jpeg?fit=1024%2C1024&ssl=1&resize=525%2C300 1.5x, https:\/\/i0.wp.com\/elbauldelupe.com\/wp-content\/uploads\/2023\/09\/img_3730.jpeg?fit=1024%2C1024&ssl=1&resize=700%2C400 2x"},"classes":[]},{"id":983,"url":"https:\/\/elbauldelupe.com\/?product=mameluco-lucia","url_meta":{"origin":734,"position":4},"title":"MAMELUCO LUCIA","author":"admin","date":"10\/09\/2023","format":false,"excerpt":"Mameluco de algod\u00f3n con un encaj\u00e9 floral y detalles de perlas blancas es la elecci\u00f3n perfecta para una ocasi\u00f3n especial. Su dise\u00f1o elegante y sofisticado lo convierte en una prenda \u00fanica que te har\u00e1 destacar en cualquier evento.","rel":"","context":"Entrada similar","block_context":{"text":"Entrada similar","link":""},"img":{"alt_text":"","src":"https:\/\/i0.wp.com\/elbauldelupe.com\/wp-content\/uploads\/2023\/09\/img_4955.jpeg?fit=1123%2C1200&ssl=1&resize=350%2C200","width":350,"height":200,"srcset":"https:\/\/i0.wp.com\/elbauldelupe.com\/wp-content\/uploads\/2023\/09\/img_4955.jpeg?fit=1123%2C1200&ssl=1&resize=350%2C200 1x, https:\/\/i0.wp.com\/elbauldelupe.com\/wp-content\/uploads\/2023\/09\/img_4955.jpeg?fit=1123%2C1200&ssl=1&resize=525%2C300 1.5x, https:\/\/i0.wp.com\/elbauldelupe.com\/wp-content\/uploads\/2023\/09\/img_4955.jpeg?fit=1123%2C1200&ssl=1&resize=700%2C400 2x, https:\/\/i0.wp.com\/elbauldelupe.com\/wp-content\/uploads\/2023\/09\/img_4955.jpeg?fit=1123%2C1200&ssl=1&resize=1050%2C600 3x"},"classes":[]},{"id":1023,"url":"https:\/\/elbauldelupe.com\/?product=mameluco-tejido-mariposa","url_meta":{"origin":734,"position":5},"title":"MAMELUCO SUMMER","author":"admin","date":"10\/09\/2023","format":false,"excerpt":"Su tejido suave y fresco es perfecto para mantener a tu beb\u00e9 c\u00f3modo incluso en d\u00edas calurosos, y el encaje aporta una dosis extra de elegancia. Tu beb\u00e9 estar\u00e1 listo para deslumbrar en cualquier evento.","rel":"","context":"Entrada similar","block_context":{"text":"Entrada similar","link":""},"img":{"alt_text":"","src":"https:\/\/i0.wp.com\/elbauldelupe.com\/wp-content\/uploads\/2023\/09\/MAMELUCO-26.jpg?fit=750%2C937&ssl=1&resize=350%2C200","width":350,"height":200,"srcset":"https:\/\/i0.wp.com\/elbauldelupe.com\/wp-content\/uploads\/2023\/09\/MAMELUCO-26.jpg?fit=750%2C937&ssl=1&resize=350%2C200 1x, https:\/\/i0.wp.com\/elbauldelupe.com\/wp-content\/uploads\/2023\/09\/MAMELUCO-26.jpg?fit=750%2C937&ssl=1&resize=525%2C300 1.5x, https:\/\/i0.wp.com\/elbauldelupe.com\/wp-content\/uploads\/2023\/09\/MAMELUCO-26.jpg?fit=750%2C937&ssl=1&resize=700%2C400 2x"},"classes":[]}],"_links":{"self":[{"href":"https:\/\/elbauldelupe.com\/index.php?rest_route=\/wp\/v2\/product\/734","targetHints":{"allow":["GET"]}}],"collection":[{"href":"https:\/\/elbauldelupe.com\/index.php?rest_route=\/wp\/v2\/product"}],"about":[{"href":"https:\/\/elbauldelupe.com\/index.php?rest_route=\/wp\/v2\/types\/product"}],"replies":[{"embeddable":true,"href":"https:\/\/elbauldelupe.com\/index.php?rest_route=%2Fwp%2Fv2%2Fcomments&post=734"}],"wp:featuredmedia":[{"embeddable":true,"href":"https:\/\/elbauldelupe.com\/index.php?rest_route=\/wp\/v2\/media\/6509"}],"wp:attachment":[{"href":"https:\/\/elbauldelupe.com\/index.php?rest_route=%2Fwp%2Fv2%2Fmedia&parent=734"}],"wp:term":[{"taxonomy":"product_brand","embeddable":true,"href":"https:\/\/elbauldelupe.com\/index.php?rest_route=%2Fwp%2Fv2%2Fproduct_brand&post=734"},{"taxonomy":"product_cat","embeddable":true,"href":"https:\/\/elbauldelupe.com\/index.php?rest_route=%2Fwp%2Fv2%2Fproduct_cat&post=734"},{"taxonomy":"product_tag","embeddable":true,"href":"https:\/\/elbauldelupe.com\/index.php?rest_route=%2Fwp%2Fv2%2Fproduct_tag&post=734"}],"curies":[{"name":"wp","href":"https:\/\/api.w.org\/{rel}","templated":true}]}}