{"id":6677,"date":"2024-09-05T00:19:13","date_gmt":"2024-09-05T05:19:13","guid":{"rendered":"https:\/\/elbauldelupe.com\/?post_type=product&#038;p=6677"},"modified":"2026-02-13T18:43:19","modified_gmt":"2026-02-13T23:43:19","slug":"vestido-velo-blanco","status":"publish","type":"product","link":"https:\/\/elbauldelupe.com\/?product=vestido-velo-blanco","title":{"rendered":"VESTIDO VELO BLANCO"},"content":{"rendered":"","protected":false},"excerpt":{"rendered":"<p><span style=\"font-size: 16px;font-style: normal;font-weight: 400\">Un hermoso vestido&nbsp; confeccionado en suave algod\u00f3n y adornado con delicado tul, con forro de algod\u00f3n interno perfecto para lucir elegante y fresca en cualquier&nbsp;<\/span>ocasi\u00f3n<\/p>\n","protected":false},"featured_media":10816,"comment_status":"open","ping_status":"closed","template":"","meta":{"site-sidebar-layout":"default","site-content-layout":"","ast-site-content-layout":"default","site-content-style":"default","site-sidebar-style":"default","ast-global-header-display":"","ast-banner-title-visibility":"","ast-main-header-display":"","ast-hfb-above-header-display":"","ast-hfb-below-header-display":"","ast-hfb-mobile-header-display":"","site-post-title":"","ast-breadcrumbs-content":"","ast-featured-img":"","footer-sml-layout":"","ast-disable-related-posts":"","theme-transparent-header-meta":"","adv-header-id-meta":"","stick-header-meta":"","header-above-stick-meta":"","header-main-stick-meta":"","header-below-stick-meta":"","astra-migrate-meta-layouts":"default","ast-page-background-enabled":"default","ast-page-background-meta":{"desktop":{"background-color":"var(--ast-global-color-4)","background-image":"","background-repeat":"repeat","background-position":"center center","background-size":"auto","background-attachment":"scroll","background-type":"","background-media":"","overlay-type":"","overlay-color":"","overlay-opacity":"","overlay-gradient":""},"tablet":{"background-color":"","background-image":"","background-repeat":"repeat","background-position":"center center","background-size":"auto","background-attachment":"scroll","background-type":"","background-media":"","overlay-type":"","overlay-color":"","overlay-opacity":"","overlay-gradient":""},"mobile":{"background-color":"","background-image":"","background-repeat":"repeat","background-position":"center center","background-size":"auto","background-attachment":"scroll","background-type":"","background-media":"","overlay-type":"","overlay-color":"","overlay-opacity":"","overlay-gradient":""}},"ast-content-background-meta":{"desktop":{"background-color":"var(--ast-global-color-5)","background-image":"","background-repeat":"repeat","background-position":"center center","background-size":"auto","background-attachment":"scroll","background-type":"","background-media":"","overlay-type":"","overlay-color":"","overlay-opacity":"","overlay-gradient":""},"tablet":{"background-color":"var(--ast-global-color-5)","background-image":"","background-repeat":"repeat","background-position":"center center","background-size":"auto","background-attachment":"scroll","background-type":"","background-media":"","overlay-type":"","overlay-color":"","overlay-opacity":"","overlay-gradient":""},"mobile":{"background-color":"var(--ast-global-color-5)","background-image":"","background-repeat":"repeat","background-position":"center center","background-size":"auto","background-attachment":"scroll","background-type":"","background-media":"","overlay-type":"","overlay-color":"","overlay-opacity":"","overlay-gradient":""}}},"product_brand":[],"product_cat":[96,84,44,43,62,47],"product_tag":[],"class_list":{"0":"post-6677","1":"product","2":"type-product","3":"status-publish","4":"has-post-thumbnail","6":"product_cat-bautizo-2","7":"product_cat-bautizo","8":"product_cat-bebe-nina","9":"product_cat-nueva-coleccion","10":"product_cat-todos-los-articulos","11":"product_cat-vestidos","12":"pa_tallas-12-18-meses","13":"pa_tallas-18-24-meses-2","14":"pa_tallas-24-meses","15":"pa_tallas-3-anos","16":"pa_tallas-9-12-meses","17":"desktop-align-left","18":"tablet-align-left","19":"mobile-align-left","21":"first","22":"instock","23":"taxable","24":"shipping-taxable","25":"purchasable","26":"product-type-variable"},"jetpack-related-posts":[{"id":1541,"url":"https:\/\/elbauldelupe.com\/?product=vestido-velo","url_meta":{"origin":6677,"position":0},"title":"VESTIDO VELO","author":"admin","date":"13\/09\/2023","format":false,"excerpt":"Un hermoso vestido\u00a0 confeccionado en suave algod\u00f3n y adornado con delicado tul, con forro de algod\u00f3n interno perfecto para lucir elegante y fresca en cualquier\u00a0ocasi\u00f3n","rel":"","context":"Entrada similar","block_context":{"text":"Entrada similar","link":""},"img":{"alt_text":"","src":"https:\/\/i0.wp.com\/elbauldelupe.com\/wp-content\/uploads\/2023\/09\/img_3725.jpeg?fit=1024%2C1024&ssl=1&resize=350%2C200","width":350,"height":200,"srcset":"https:\/\/i0.wp.com\/elbauldelupe.com\/wp-content\/uploads\/2023\/09\/img_3725.jpeg?fit=1024%2C1024&ssl=1&resize=350%2C200 1x, https:\/\/i0.wp.com\/elbauldelupe.com\/wp-content\/uploads\/2023\/09\/img_3725.jpeg?fit=1024%2C1024&ssl=1&resize=525%2C300 1.5x, https:\/\/i0.wp.com\/elbauldelupe.com\/wp-content\/uploads\/2023\/09\/img_3725.jpeg?fit=1024%2C1024&ssl=1&resize=700%2C400 2x"},"classes":[]},{"id":3642,"url":"https:\/\/elbauldelupe.com\/?product=vestido-clhoe","url_meta":{"origin":6677,"position":1},"title":"VESTIDO ARIA","author":"admin","date":"06\/01\/2024","format":false,"excerpt":"Vestido elaborado en tela algod\u00f3n\u00a0 con un hermoso encaje en la\u00a0 parte del pecho con bordado de flores mameluco interno en algod\u00f3n","rel":"","context":"Entrada similar","block_context":{"text":"Entrada similar","link":""},"img":{"alt_text":"","src":"https:\/\/i0.wp.com\/elbauldelupe.com\/wp-content\/uploads\/2024\/01\/img_3500.jpeg?fit=1024%2C1024&ssl=1&resize=350%2C200","width":350,"height":200,"srcset":"https:\/\/i0.wp.com\/elbauldelupe.com\/wp-content\/uploads\/2024\/01\/img_3500.jpeg?fit=1024%2C1024&ssl=1&resize=350%2C200 1x, https:\/\/i0.wp.com\/elbauldelupe.com\/wp-content\/uploads\/2024\/01\/img_3500.jpeg?fit=1024%2C1024&ssl=1&resize=525%2C300 1.5x, https:\/\/i0.wp.com\/elbauldelupe.com\/wp-content\/uploads\/2024\/01\/img_3500.jpeg?fit=1024%2C1024&ssl=1&resize=700%2C400 2x"},"classes":[]},{"id":2892,"url":"https:\/\/elbauldelupe.com\/?product=vestido-velo-azul","url_meta":{"origin":6677,"position":2},"title":"VESTIDO VELO AZUL","author":"admin","date":"14\/11\/2023","format":false,"excerpt":"Un hermoso vestido\u00a0 confeccionado en suave algod\u00f3n y adornado con delicado tul, con forro de algod\u00f3n interno perfecto para lucir elegante y fresca en cualquier\u00a0ocasi\u00f3n","rel":"","context":"Entrada similar","block_context":{"text":"Entrada similar","link":""},"img":{"alt_text":"","src":"https:\/\/i0.wp.com\/elbauldelupe.com\/wp-content\/uploads\/2023\/11\/Imagen-de-WhatsApp-2023-11-12-a-las-20.24.19_33f5a32a.jpg?fit=800%2C800&ssl=1&resize=350%2C200","width":350,"height":200,"srcset":"https:\/\/i0.wp.com\/elbauldelupe.com\/wp-content\/uploads\/2023\/11\/Imagen-de-WhatsApp-2023-11-12-a-las-20.24.19_33f5a32a.jpg?fit=800%2C800&ssl=1&resize=350%2C200 1x, https:\/\/i0.wp.com\/elbauldelupe.com\/wp-content\/uploads\/2023\/11\/Imagen-de-WhatsApp-2023-11-12-a-las-20.24.19_33f5a32a.jpg?fit=800%2C800&ssl=1&resize=525%2C300 1.5x, https:\/\/i0.wp.com\/elbauldelupe.com\/wp-content\/uploads\/2023\/11\/Imagen-de-WhatsApp-2023-11-12-a-las-20.24.19_33f5a32a.jpg?fit=800%2C800&ssl=1&resize=700%2C400 2x"},"classes":[]},{"id":6385,"url":"https:\/\/elbauldelupe.com\/?product=vestido-gardel","url_meta":{"origin":6677,"position":3},"title":"VESTIDO GARDEL","author":"admin","date":"22\/08\/2024","format":false,"excerpt":"Un hermoso vestido con detalles de flores bordadas, confeccionado en suave algod\u00f3n y adornado con delicado tul, con forro de algod\u00f3n interno perfecto para lucir elegante y fresca en cualquier ocasi\u00f3n.","rel":"","context":"Entrada similar","block_context":{"text":"Entrada similar","link":""},"img":{"alt_text":"","src":"https:\/\/i0.wp.com\/elbauldelupe.com\/wp-content\/uploads\/2024\/08\/img_3496.jpeg?fit=1024%2C1024&ssl=1&resize=350%2C200","width":350,"height":200,"srcset":"https:\/\/i0.wp.com\/elbauldelupe.com\/wp-content\/uploads\/2024\/08\/img_3496.jpeg?fit=1024%2C1024&ssl=1&resize=350%2C200 1x, https:\/\/i0.wp.com\/elbauldelupe.com\/wp-content\/uploads\/2024\/08\/img_3496.jpeg?fit=1024%2C1024&ssl=1&resize=525%2C300 1.5x, https:\/\/i0.wp.com\/elbauldelupe.com\/wp-content\/uploads\/2024\/08\/img_3496.jpeg?fit=1024%2C1024&ssl=1&resize=700%2C400 2x"},"classes":[]},{"id":2901,"url":"https:\/\/elbauldelupe.com\/?product=vestido-velo-palo-rosa","url_meta":{"origin":6677,"position":4},"title":"VESTIDO VELO PALO ROSA","author":"admin","date":"14\/11\/2023","format":false,"excerpt":"Un hermoso vestido\u00a0 confeccionado en suave algod\u00f3n y adornado con delicado tul, con forro de algod\u00f3n interno perfecto para lucir elegante\u00a0 en cualquier ocasi\u00f3n","rel":"","context":"Entrada similar","block_context":{"text":"Entrada similar","link":""},"img":{"alt_text":"","src":"https:\/\/i0.wp.com\/elbauldelupe.com\/wp-content\/uploads\/2023\/11\/img_9631.jpeg?fit=1024%2C1024&ssl=1&resize=350%2C200","width":350,"height":200,"srcset":"https:\/\/i0.wp.com\/elbauldelupe.com\/wp-content\/uploads\/2023\/11\/img_9631.jpeg?fit=1024%2C1024&ssl=1&resize=350%2C200 1x, https:\/\/i0.wp.com\/elbauldelupe.com\/wp-content\/uploads\/2023\/11\/img_9631.jpeg?fit=1024%2C1024&ssl=1&resize=525%2C300 1.5x, https:\/\/i0.wp.com\/elbauldelupe.com\/wp-content\/uploads\/2023\/11\/img_9631.jpeg?fit=1024%2C1024&ssl=1&resize=700%2C400 2x"},"classes":[]}],"_links":{"self":[{"href":"https:\/\/elbauldelupe.com\/index.php?rest_route=\/wp\/v2\/product\/6677","targetHints":{"allow":["GET"]}}],"collection":[{"href":"https:\/\/elbauldelupe.com\/index.php?rest_route=\/wp\/v2\/product"}],"about":[{"href":"https:\/\/elbauldelupe.com\/index.php?rest_route=\/wp\/v2\/types\/product"}],"replies":[{"embeddable":true,"href":"https:\/\/elbauldelupe.com\/index.php?rest_route=%2Fwp%2Fv2%2Fcomments&post=6677"}],"wp:featuredmedia":[{"embeddable":true,"href":"https:\/\/elbauldelupe.com\/index.php?rest_route=\/wp\/v2\/media\/10816"}],"wp:attachment":[{"href":"https:\/\/elbauldelupe.com\/index.php?rest_route=%2Fwp%2Fv2%2Fmedia&parent=6677"}],"wp:term":[{"taxonomy":"product_brand","embeddable":true,"href":"https:\/\/elbauldelupe.com\/index.php?rest_route=%2Fwp%2Fv2%2Fproduct_brand&post=6677"},{"taxonomy":"product_cat","embeddable":true,"href":"https:\/\/elbauldelupe.com\/index.php?rest_route=%2Fwp%2Fv2%2Fproduct_cat&post=6677"},{"taxonomy":"product_tag","embeddable":true,"href":"https:\/\/elbauldelupe.com\/index.php?rest_route=%2Fwp%2Fv2%2Fproduct_tag&post=6677"}],"curies":[{"name":"wp","href":"https:\/\/api.w.org\/{rel}","templated":true}]}}