{"id":5896,"date":"2024-06-22T14:05:10","date_gmt":"2024-06-22T19:05:10","guid":{"rendered":"https:\/\/elbauldelupe.com\/?post_type=product&#038;p=5896"},"modified":"2025-09-09T09:28:19","modified_gmt":"2025-09-09T14:28:19","slug":"mameluco-wafle","status":"publish","type":"product","link":"https:\/\/elbauldelupe.com\/?product=mameluco-wafle","title":{"rendered":"MAMELUCO TOMMY"},"content":{"rendered":"","protected":false},"excerpt":{"rendered":"<p>Mameluco elaborado en algod\u00f3n con cuello redondo y botones en la parte superior ideal para completar un hermoso outfit<\/p>\n","protected":false},"featured_media":6178,"comment_status":"open","ping_status":"closed","template":"","meta":{"site-sidebar-layout":"default","site-content-layout":"","ast-site-content-layout":"default","site-content-style":"default","site-sidebar-style":"default","ast-global-header-display":"","ast-banner-title-visibility":"","ast-main-header-display":"","ast-hfb-above-header-display":"","ast-hfb-below-header-display":"","ast-hfb-mobile-header-display":"","site-post-title":"","ast-breadcrumbs-content":"","ast-featured-img":"","footer-sml-layout":"","ast-disable-related-posts":"","theme-transparent-header-meta":"","adv-header-id-meta":"","stick-header-meta":"","header-above-stick-meta":"","header-main-stick-meta":"","header-below-stick-meta":"","astra-migrate-meta-layouts":"default","ast-page-background-enabled":"default","ast-page-background-meta":{"desktop":{"background-color":"var(--ast-global-color-4)","background-image":"","background-repeat":"repeat","background-position":"center center","background-size":"auto","background-attachment":"scroll","background-type":"","background-media":"","overlay-type":"","overlay-color":"","overlay-opacity":"","overlay-gradient":""},"tablet":{"background-color":"","background-image":"","background-repeat":"repeat","background-position":"center center","background-size":"auto","background-attachment":"scroll","background-type":"","background-media":"","overlay-type":"","overlay-color":"","overlay-opacity":"","overlay-gradient":""},"mobile":{"background-color":"","background-image":"","background-repeat":"repeat","background-position":"center center","background-size":"auto","background-attachment":"scroll","background-type":"","background-media":"","overlay-type":"","overlay-color":"","overlay-opacity":"","overlay-gradient":""}},"ast-content-background-meta":{"desktop":{"background-color":"var(--ast-global-color-5)","background-image":"","background-repeat":"repeat","background-position":"center center","background-size":"auto","background-attachment":"scroll","background-type":"","background-media":"","overlay-type":"","overlay-color":"","overlay-opacity":"","overlay-gradient":""},"tablet":{"background-color":"var(--ast-global-color-5)","background-image":"","background-repeat":"repeat","background-position":"center center","background-size":"auto","background-attachment":"scroll","background-type":"","background-media":"","overlay-type":"","overlay-color":"","overlay-opacity":"","overlay-gradient":""},"mobile":{"background-color":"var(--ast-global-color-5)","background-image":"","background-repeat":"repeat","background-position":"center center","background-size":"auto","background-attachment":"scroll","background-type":"","background-media":"","overlay-type":"","overlay-color":"","overlay-opacity":"","overlay-gradient":""}}},"product_brand":[],"product_cat":[50,15,51,45,43,62],"product_tag":[],"class_list":{"0":"post-5896","1":"product","2":"type-product","3":"status-publish","4":"has-post-thumbnail","6":"product_cat-camisas","7":"product_cat-uncategorized","8":"product_cat-mamelucos-bebe-nino","9":"product_cat-bebe-nino","10":"product_cat-nueva-coleccion","11":"product_cat-todos-los-articulos","12":"pa_tallas-0-3-meses","13":"pa_tallas-12-18-meses","14":"pa_tallas-3-6-meses","15":"pa_tallas-6-12-meses","16":"desktop-align-left","17":"tablet-align-left","18":"mobile-align-left","20":"first","21":"instock","22":"featured","23":"taxable","24":"shipping-taxable","25":"purchasable","26":"product-type-variable"},"jetpack-related-posts":[{"id":2435,"url":"https:\/\/elbauldelupe.com\/?product=mameluco-basico-botones","url_meta":{"origin":5896,"position":0},"title":"MAMELUCO BASICO BOTONES","author":"admin","date":"06\/10\/2023","format":false,"excerpt":"Mameluco acanalado elaborado en tela algod\u00f3n es hermoso y c\u00f3modo ideal para completar un hermoso outfit","rel":"","context":"Entrada similar","block_context":{"text":"Entrada similar","link":""},"img":{"alt_text":"","src":"https:\/\/i0.wp.com\/elbauldelupe.com\/wp-content\/uploads\/2023\/10\/Imagen-de-WhatsApp-2024-03-05-a-las-14.32.31_aa94ed9f.jpg?fit=960%2C960&ssl=1&resize=350%2C200","width":350,"height":200,"srcset":"https:\/\/i0.wp.com\/elbauldelupe.com\/wp-content\/uploads\/2023\/10\/Imagen-de-WhatsApp-2024-03-05-a-las-14.32.31_aa94ed9f.jpg?fit=960%2C960&ssl=1&resize=350%2C200 1x, https:\/\/i0.wp.com\/elbauldelupe.com\/wp-content\/uploads\/2023\/10\/Imagen-de-WhatsApp-2024-03-05-a-las-14.32.31_aa94ed9f.jpg?fit=960%2C960&ssl=1&resize=525%2C300 1.5x, https:\/\/i0.wp.com\/elbauldelupe.com\/wp-content\/uploads\/2023\/10\/Imagen-de-WhatsApp-2024-03-05-a-las-14.32.31_aa94ed9f.jpg?fit=960%2C960&ssl=1&resize=700%2C400 2x"},"classes":[]},{"id":7284,"url":"https:\/\/elbauldelupe.com\/?product=mameluco-basico-vinotinto","url_meta":{"origin":5896,"position":1},"title":"MAMELUCO B\u00c1SICO VINOTINTO","author":"admin","date":"15\/10\/2024","format":false,"excerpt":"Mameluco acanalado elaborado en algod\u00f3n es c\u00f3modo ideal para completar un hermoso outfit navide\u00f1o","rel":"","context":"Entrada similar","block_context":{"text":"Entrada similar","link":""},"img":{"alt_text":"","src":"https:\/\/i0.wp.com\/elbauldelupe.com\/wp-content\/uploads\/2024\/10\/img_3505.jpeg?fit=1024%2C1024&ssl=1&resize=350%2C200","width":350,"height":200,"srcset":"https:\/\/i0.wp.com\/elbauldelupe.com\/wp-content\/uploads\/2024\/10\/img_3505.jpeg?fit=1024%2C1024&ssl=1&resize=350%2C200 1x, https:\/\/i0.wp.com\/elbauldelupe.com\/wp-content\/uploads\/2024\/10\/img_3505.jpeg?fit=1024%2C1024&ssl=1&resize=525%2C300 1.5x, https:\/\/i0.wp.com\/elbauldelupe.com\/wp-content\/uploads\/2024\/10\/img_3505.jpeg?fit=1024%2C1024&ssl=1&resize=700%2C400 2x"},"classes":[]},{"id":4507,"url":"https:\/\/elbauldelupe.com\/?product=mameluco-tejido-holly","url_meta":{"origin":5896,"position":2},"title":"MAMELUCO TEJIDO HOLLY","author":"admin","date":"05\/03\/2024","format":false,"excerpt":"Mameluco unisex elaborado en tejido de punto es c\u00f3modo hermoso ideal\u00a0 para completar un hermoso outfit","rel":"","context":"Entrada similar","block_context":{"text":"Entrada similar","link":""},"img":{"alt_text":"","src":"https:\/\/i0.wp.com\/elbauldelupe.com\/wp-content\/uploads\/2024\/03\/photoroom_20260312_220821.jpeg?fit=1080%2C1080&ssl=1&resize=350%2C200","width":350,"height":200,"srcset":"https:\/\/i0.wp.com\/elbauldelupe.com\/wp-content\/uploads\/2024\/03\/photoroom_20260312_220821.jpeg?fit=1080%2C1080&ssl=1&resize=350%2C200 1x, https:\/\/i0.wp.com\/elbauldelupe.com\/wp-content\/uploads\/2024\/03\/photoroom_20260312_220821.jpeg?fit=1080%2C1080&ssl=1&resize=525%2C300 1.5x, https:\/\/i0.wp.com\/elbauldelupe.com\/wp-content\/uploads\/2024\/03\/photoroom_20260312_220821.jpeg?fit=1080%2C1080&ssl=1&resize=700%2C400 2x, https:\/\/i0.wp.com\/elbauldelupe.com\/wp-content\/uploads\/2024\/03\/photoroom_20260312_220821.jpeg?fit=1080%2C1080&ssl=1&resize=1050%2C600 3x"},"classes":[]},{"id":2370,"url":"https:\/\/elbauldelupe.com\/?product=mameluco-arena","url_meta":{"origin":5896,"position":3},"title":"MAMELUCO ARENA","author":"admin","date":"04\/10\/2023","format":false,"excerpt":"Elaborado en tejido de punto es c\u00f3modo hermoso ideal\u00a0 para completar un hermoso outfit","rel":"","context":"Entrada similar","block_context":{"text":"Entrada similar","link":""},"img":{"alt_text":"","src":"https:\/\/i0.wp.com\/elbauldelupe.com\/wp-content\/uploads\/2023\/10\/img_9542-1.jpeg?fit=1024%2C1024&ssl=1&resize=350%2C200","width":350,"height":200,"srcset":"https:\/\/i0.wp.com\/elbauldelupe.com\/wp-content\/uploads\/2023\/10\/img_9542-1.jpeg?fit=1024%2C1024&ssl=1&resize=350%2C200 1x, https:\/\/i0.wp.com\/elbauldelupe.com\/wp-content\/uploads\/2023\/10\/img_9542-1.jpeg?fit=1024%2C1024&ssl=1&resize=525%2C300 1.5x, https:\/\/i0.wp.com\/elbauldelupe.com\/wp-content\/uploads\/2023\/10\/img_9542-1.jpeg?fit=1024%2C1024&ssl=1&resize=700%2C400 2x"},"classes":[]},{"id":2153,"url":"https:\/\/elbauldelupe.com\/?product=mameluco-basico-manag-larga","url_meta":{"origin":5896,"position":4},"title":"MAMELUCO BASICO MANGA LARGA","author":"admin","date":"22\/09\/2023","format":false,"excerpt":"Mameluco elaborado en algod\u00f3n c\u00f3modo hermoso excelente opci\u00f3n para armar un hermoso outfit","rel":"","context":"Entrada similar","block_context":{"text":"Entrada similar","link":""},"img":{"alt_text":"","src":"https:\/\/i0.wp.com\/elbauldelupe.com\/wp-content\/uploads\/2023\/09\/Imagen-de-WhatsApp-2024-03-13-a-las-16.35.27_f4d5e281.jpg?fit=960%2C1200&ssl=1&resize=350%2C200","width":350,"height":200,"srcset":"https:\/\/i0.wp.com\/elbauldelupe.com\/wp-content\/uploads\/2023\/09\/Imagen-de-WhatsApp-2024-03-13-a-las-16.35.27_f4d5e281.jpg?fit=960%2C1200&ssl=1&resize=350%2C200 1x, https:\/\/i0.wp.com\/elbauldelupe.com\/wp-content\/uploads\/2023\/09\/Imagen-de-WhatsApp-2024-03-13-a-las-16.35.27_f4d5e281.jpg?fit=960%2C1200&ssl=1&resize=525%2C300 1.5x, https:\/\/i0.wp.com\/elbauldelupe.com\/wp-content\/uploads\/2023\/09\/Imagen-de-WhatsApp-2024-03-13-a-las-16.35.27_f4d5e281.jpg?fit=960%2C1200&ssl=1&resize=700%2C400 2x"},"classes":[]},{"id":2181,"url":"https:\/\/elbauldelupe.com\/?product=camisa-peter-pan","url_meta":{"origin":5896,"position":5},"title":"CAMISA PETER PAN","author":"admin","date":"25\/09\/2023","format":false,"excerpt":"Camisa elaborada en tela algod\u00f3n con un hermoso dise\u00f1o ideal para combinar un hermoso outfit","rel":"","context":"Entrada similar","block_context":{"text":"Entrada similar","link":""},"img":{"alt_text":"","src":"https:\/\/i0.wp.com\/elbauldelupe.com\/wp-content\/uploads\/2023\/09\/IMG-20230905-WA0323.jpg?fit=1180%2C1145&ssl=1&resize=350%2C200","width":350,"height":200,"srcset":"https:\/\/i0.wp.com\/elbauldelupe.com\/wp-content\/uploads\/2023\/09\/IMG-20230905-WA0323.jpg?fit=1180%2C1145&ssl=1&resize=350%2C200 1x, https:\/\/i0.wp.com\/elbauldelupe.com\/wp-content\/uploads\/2023\/09\/IMG-20230905-WA0323.jpg?fit=1180%2C1145&ssl=1&resize=525%2C300 1.5x, https:\/\/i0.wp.com\/elbauldelupe.com\/wp-content\/uploads\/2023\/09\/IMG-20230905-WA0323.jpg?fit=1180%2C1145&ssl=1&resize=700%2C400 2x, https:\/\/i0.wp.com\/elbauldelupe.com\/wp-content\/uploads\/2023\/09\/IMG-20230905-WA0323.jpg?fit=1180%2C1145&ssl=1&resize=1050%2C600 3x"},"classes":[]}],"_links":{"self":[{"href":"https:\/\/elbauldelupe.com\/index.php?rest_route=\/wp\/v2\/product\/5896","targetHints":{"allow":["GET"]}}],"collection":[{"href":"https:\/\/elbauldelupe.com\/index.php?rest_route=\/wp\/v2\/product"}],"about":[{"href":"https:\/\/elbauldelupe.com\/index.php?rest_route=\/wp\/v2\/types\/product"}],"replies":[{"embeddable":true,"href":"https:\/\/elbauldelupe.com\/index.php?rest_route=%2Fwp%2Fv2%2Fcomments&post=5896"}],"wp:featuredmedia":[{"embeddable":true,"href":"https:\/\/elbauldelupe.com\/index.php?rest_route=\/wp\/v2\/media\/6178"}],"wp:attachment":[{"href":"https:\/\/elbauldelupe.com\/index.php?rest_route=%2Fwp%2Fv2%2Fmedia&parent=5896"}],"wp:term":[{"taxonomy":"product_brand","embeddable":true,"href":"https:\/\/elbauldelupe.com\/index.php?rest_route=%2Fwp%2Fv2%2Fproduct_brand&post=5896"},{"taxonomy":"product_cat","embeddable":true,"href":"https:\/\/elbauldelupe.com\/index.php?rest_route=%2Fwp%2Fv2%2Fproduct_cat&post=5896"},{"taxonomy":"product_tag","embeddable":true,"href":"https:\/\/elbauldelupe.com\/index.php?rest_route=%2Fwp%2Fv2%2Fproduct_tag&post=5896"}],"curies":[{"name":"wp","href":"https:\/\/api.w.org\/{rel}","templated":true}]}}