{"id":5321,"date":"2024-05-22T10:42:24","date_gmt":"2024-05-22T15:42:24","guid":{"rendered":"https:\/\/elbauldelupe.com\/?post_type=product&#038;p=5321"},"modified":"2026-02-17T22:54:00","modified_gmt":"2026-02-18T03:54:00","slug":"overalls-pepe","status":"publish","type":"product","link":"https:\/\/elbauldelupe.com\/?product=overalls-pepe","title":{"rendered":"OVERALLS PEPE"},"content":{"rendered":"","protected":false},"excerpt":{"rendered":"<p>Overalls elaborado en tela de algod\u00f3n con un hermoso estampado de pato con botones para facilitar el cambio de pa\u00f1al y botones en la parte superior para graduar seg\u00fan el tama\u00f1o de tu beb\u00e9<\/p>\n","protected":false},"featured_media":11700,"comment_status":"open","ping_status":"closed","template":"","meta":{"site-sidebar-layout":"default","site-content-layout":"","ast-site-content-layout":"default","site-content-style":"default","site-sidebar-style":"default","ast-global-header-display":"","ast-banner-title-visibility":"","ast-main-header-display":"","ast-hfb-above-header-display":"","ast-hfb-below-header-display":"","ast-hfb-mobile-header-display":"","site-post-title":"","ast-breadcrumbs-content":"","ast-featured-img":"","footer-sml-layout":"","ast-disable-related-posts":"","theme-transparent-header-meta":"","adv-header-id-meta":"","stick-header-meta":"","header-above-stick-meta":"","header-main-stick-meta":"","header-below-stick-meta":"","astra-migrate-meta-layouts":"default","ast-page-background-enabled":"default","ast-page-background-meta":{"desktop":{"background-color":"var(--ast-global-color-4)","background-image":"","background-repeat":"repeat","background-position":"center center","background-size":"auto","background-attachment":"scroll","background-type":"","background-media":"","overlay-type":"","overlay-color":"","overlay-opacity":"","overlay-gradient":""},"tablet":{"background-color":"","background-image":"","background-repeat":"repeat","background-position":"center center","background-size":"auto","background-attachment":"scroll","background-type":"","background-media":"","overlay-type":"","overlay-color":"","overlay-opacity":"","overlay-gradient":""},"mobile":{"background-color":"","background-image":"","background-repeat":"repeat","background-position":"center center","background-size":"auto","background-attachment":"scroll","background-type":"","background-media":"","overlay-type":"","overlay-color":"","overlay-opacity":"","overlay-gradient":""}},"ast-content-background-meta":{"desktop":{"background-color":"var(--ast-global-color-5)","background-image":"","background-repeat":"repeat","background-position":"center center","background-size":"auto","background-attachment":"scroll","background-type":"","background-media":"","overlay-type":"","overlay-color":"","overlay-opacity":"","overlay-gradient":""},"tablet":{"background-color":"var(--ast-global-color-5)","background-image":"","background-repeat":"repeat","background-position":"center center","background-size":"auto","background-attachment":"scroll","background-type":"","background-media":"","overlay-type":"","overlay-color":"","overlay-opacity":"","overlay-gradient":""},"mobile":{"background-color":"var(--ast-global-color-5)","background-image":"","background-repeat":"repeat","background-position":"center center","background-size":"auto","background-attachment":"scroll","background-type":"","background-media":"","overlay-type":"","overlay-color":"","overlay-opacity":"","overlay-gradient":""}}},"product_brand":[],"product_cat":[15,51,45,43,53,62],"product_tag":[],"class_list":{"0":"post-5321","1":"product","2":"type-product","3":"status-publish","4":"has-post-thumbnail","6":"product_cat-uncategorized","7":"product_cat-mamelucos-bebe-nino","8":"product_cat-bebe-nino","9":"product_cat-nueva-coleccion","10":"product_cat-overalls-bebe-nino","11":"product_cat-todos-los-articulos","12":"pa_tallas-0-3-meses","13":"pa_tallas-12-18-meses","14":"pa_tallas-3-6-meses","15":"pa_tallas-6-9-meses","16":"pa_tallas-9-12-meses","17":"desktop-align-left","18":"tablet-align-left","19":"mobile-align-left","21":"first","22":"instock","23":"taxable","24":"shipping-taxable","25":"purchasable","26":"product-type-variable"},"jetpack-related-posts":[{"id":1449,"url":"https:\/\/elbauldelupe.com\/?product=overol-en-corduroy","url_meta":{"origin":5321,"position":0},"title":"OVERALLS  EN CORDUROY","author":"admin","date":"13\/09\/2023","format":false,"excerpt":"Overol en corduroy con botones de ajustes y botones para facilitar el cambio de pa\u00f1al","rel":"","context":"Entrada similar","block_context":{"text":"Entrada similar","link":""},"img":{"alt_text":"","src":"https:\/\/i0.wp.com\/elbauldelupe.com\/wp-content\/uploads\/2024\/03\/img_2398.jpeg?fit=749%2C599&ssl=1&resize=350%2C200","width":350,"height":200,"srcset":"https:\/\/i0.wp.com\/elbauldelupe.com\/wp-content\/uploads\/2024\/03\/img_2398.jpeg?fit=749%2C599&ssl=1&resize=350%2C200 1x, https:\/\/i0.wp.com\/elbauldelupe.com\/wp-content\/uploads\/2024\/03\/img_2398.jpeg?fit=749%2C599&ssl=1&resize=525%2C300 1.5x, https:\/\/i0.wp.com\/elbauldelupe.com\/wp-content\/uploads\/2024\/03\/img_2398.jpeg?fit=749%2C599&ssl=1&resize=700%2C400 2x"},"classes":[]},{"id":7575,"url":"https:\/\/elbauldelupe.com\/?product=overalls-tejido-blue","url_meta":{"origin":5321,"position":1},"title":"OVERALLS TEJIDO BLUE","author":"admin","date":"13\/11\/2024","format":false,"excerpt":"Overalls de punto con dise\u00f1o cl\u00e1sico y tirantes con botones, perfectos para un look acogedor.","rel":"","context":"Entrada similar","block_context":{"text":"Entrada similar","link":""},"img":{"alt_text":"","src":"https:\/\/i0.wp.com\/elbauldelupe.com\/wp-content\/uploads\/2024\/11\/img_3504.jpeg?fit=1024%2C1024&ssl=1&resize=350%2C200","width":350,"height":200,"srcset":"https:\/\/i0.wp.com\/elbauldelupe.com\/wp-content\/uploads\/2024\/11\/img_3504.jpeg?fit=1024%2C1024&ssl=1&resize=350%2C200 1x, https:\/\/i0.wp.com\/elbauldelupe.com\/wp-content\/uploads\/2024\/11\/img_3504.jpeg?fit=1024%2C1024&ssl=1&resize=525%2C300 1.5x, https:\/\/i0.wp.com\/elbauldelupe.com\/wp-content\/uploads\/2024\/11\/img_3504.jpeg?fit=1024%2C1024&ssl=1&resize=700%2C400 2x"},"classes":[]},{"id":4328,"url":"https:\/\/elbauldelupe.com\/?product=overalls","url_meta":{"origin":5321,"position":2},"title":"OVERALL TEJIDO GUST","author":"admin","date":"03\/03\/2024","format":false,"excerpt":"Overalls de punto con dise\u00f1o cl\u00e1sico y tirantes con botones, perfectos para un look acogedor.","rel":"","context":"Entrada similar","block_context":{"text":"Entrada similar","link":""},"img":{"alt_text":"","src":"https:\/\/i0.wp.com\/elbauldelupe.com\/wp-content\/uploads\/2024\/03\/img_3541.jpeg?fit=1056%2C992&ssl=1&resize=350%2C200","width":350,"height":200,"srcset":"https:\/\/i0.wp.com\/elbauldelupe.com\/wp-content\/uploads\/2024\/03\/img_3541.jpeg?fit=1056%2C992&ssl=1&resize=350%2C200 1x, https:\/\/i0.wp.com\/elbauldelupe.com\/wp-content\/uploads\/2024\/03\/img_3541.jpeg?fit=1056%2C992&ssl=1&resize=525%2C300 1.5x, https:\/\/i0.wp.com\/elbauldelupe.com\/wp-content\/uploads\/2024\/03\/img_3541.jpeg?fit=1056%2C992&ssl=1&resize=700%2C400 2x, https:\/\/i0.wp.com\/elbauldelupe.com\/wp-content\/uploads\/2024\/03\/img_3541.jpeg?fit=1056%2C992&ssl=1&resize=1050%2C600 3x"},"classes":[]},{"id":7996,"url":"https:\/\/elbauldelupe.com\/?product=overalls-iker","url_meta":{"origin":5321,"position":3},"title":"OVERALLS  IKER","author":"admin","date":"10\/03\/2025","format":false,"excerpt":"Un adorable overol de pana en tono miel, con un simp\u00e1tico dise\u00f1o de oso en la parte frontal. Cuenta con tirantes ajustables y botones resistentes, ofreciendo un ajuste c\u00f3modo y seguro. Su tejido de pana brinda calidez y un estilo \u00fanico, ideal para mantener a tu beb\u00e9 abrigado y lleno\u2026","rel":"","context":"Entrada similar","block_context":{"text":"Entrada similar","link":""},"img":{"alt_text":"","src":"https:\/\/i0.wp.com\/elbauldelupe.com\/wp-content\/uploads\/2025\/03\/photoroom_20250415_184822.jpeg?fit=1200%2C1200&ssl=1&resize=350%2C200","width":350,"height":200,"srcset":"https:\/\/i0.wp.com\/elbauldelupe.com\/wp-content\/uploads\/2025\/03\/photoroom_20250415_184822.jpeg?fit=1200%2C1200&ssl=1&resize=350%2C200 1x, https:\/\/i0.wp.com\/elbauldelupe.com\/wp-content\/uploads\/2025\/03\/photoroom_20250415_184822.jpeg?fit=1200%2C1200&ssl=1&resize=525%2C300 1.5x, https:\/\/i0.wp.com\/elbauldelupe.com\/wp-content\/uploads\/2025\/03\/photoroom_20250415_184822.jpeg?fit=1200%2C1200&ssl=1&resize=700%2C400 2x, https:\/\/i0.wp.com\/elbauldelupe.com\/wp-content\/uploads\/2025\/03\/photoroom_20250415_184822.jpeg?fit=1200%2C1200&ssl=1&resize=1050%2C600 3x"},"classes":[]},{"id":2623,"url":"https:\/\/elbauldelupe.com\/?product=short-con-tirantes","url_meta":{"origin":5321,"position":4},"title":"SHORT CON TIRANTES","author":"admin","date":"25\/10\/2023","format":false,"excerpt":"Hermosos shorts\u00a0 con tirantes elaborados en tela de pana tienen botones para ajustar a la talla de tu bebe","rel":"","context":"Entrada similar","block_context":{"text":"Entrada similar","link":""},"img":{"alt_text":"","src":"https:\/\/i0.wp.com\/elbauldelupe.com\/wp-content\/uploads\/2023\/10\/img_6411.jpeg?fit=1024%2C1024&ssl=1&resize=350%2C200","width":350,"height":200,"srcset":"https:\/\/i0.wp.com\/elbauldelupe.com\/wp-content\/uploads\/2023\/10\/img_6411.jpeg?fit=1024%2C1024&ssl=1&resize=350%2C200 1x, https:\/\/i0.wp.com\/elbauldelupe.com\/wp-content\/uploads\/2023\/10\/img_6411.jpeg?fit=1024%2C1024&ssl=1&resize=525%2C300 1.5x, https:\/\/i0.wp.com\/elbauldelupe.com\/wp-content\/uploads\/2023\/10\/img_6411.jpeg?fit=1024%2C1024&ssl=1&resize=700%2C400 2x"},"classes":[]},{"id":9165,"url":"https:\/\/elbauldelupe.com\/?product=mameluco-noel","url_meta":{"origin":5321,"position":5},"title":"MAMELUCO CHARLY","author":"admin","date":"10\/10\/2025","format":false,"excerpt":"Un mameluco cl\u00e1sico y encantador elaborado en tejido suave y ligero, pensado para brindarle comodidad y frescura a tu beb\u00e9. Su dise\u00f1o en color rojo vibrante destaca por los delicados detalles calados y tirantes con botones, que adem\u00e1s facilitan el cambio. Una prenda vers\u00e1til y especial, perfecta para ocasiones importantes\u2026","rel":"","context":"Entrada similar","block_context":{"text":"Entrada similar","link":""},"img":{"alt_text":"","src":"https:\/\/i0.wp.com\/elbauldelupe.com\/wp-content\/uploads\/2025\/10\/img_1634-1.jpeg?fit=1078%2C1200&ssl=1&resize=350%2C200","width":350,"height":200,"srcset":"https:\/\/i0.wp.com\/elbauldelupe.com\/wp-content\/uploads\/2025\/10\/img_1634-1.jpeg?fit=1078%2C1200&ssl=1&resize=350%2C200 1x, https:\/\/i0.wp.com\/elbauldelupe.com\/wp-content\/uploads\/2025\/10\/img_1634-1.jpeg?fit=1078%2C1200&ssl=1&resize=525%2C300 1.5x, https:\/\/i0.wp.com\/elbauldelupe.com\/wp-content\/uploads\/2025\/10\/img_1634-1.jpeg?fit=1078%2C1200&ssl=1&resize=700%2C400 2x, https:\/\/i0.wp.com\/elbauldelupe.com\/wp-content\/uploads\/2025\/10\/img_1634-1.jpeg?fit=1078%2C1200&ssl=1&resize=1050%2C600 3x"},"classes":[]}],"_links":{"self":[{"href":"https:\/\/elbauldelupe.com\/index.php?rest_route=\/wp\/v2\/product\/5321","targetHints":{"allow":["GET"]}}],"collection":[{"href":"https:\/\/elbauldelupe.com\/index.php?rest_route=\/wp\/v2\/product"}],"about":[{"href":"https:\/\/elbauldelupe.com\/index.php?rest_route=\/wp\/v2\/types\/product"}],"replies":[{"embeddable":true,"href":"https:\/\/elbauldelupe.com\/index.php?rest_route=%2Fwp%2Fv2%2Fcomments&post=5321"}],"wp:featuredmedia":[{"embeddable":true,"href":"https:\/\/elbauldelupe.com\/index.php?rest_route=\/wp\/v2\/media\/11700"}],"wp:attachment":[{"href":"https:\/\/elbauldelupe.com\/index.php?rest_route=%2Fwp%2Fv2%2Fmedia&parent=5321"}],"wp:term":[{"taxonomy":"product_brand","embeddable":true,"href":"https:\/\/elbauldelupe.com\/index.php?rest_route=%2Fwp%2Fv2%2Fproduct_brand&post=5321"},{"taxonomy":"product_cat","embeddable":true,"href":"https:\/\/elbauldelupe.com\/index.php?rest_route=%2Fwp%2Fv2%2Fproduct_cat&post=5321"},{"taxonomy":"product_tag","embeddable":true,"href":"https:\/\/elbauldelupe.com\/index.php?rest_route=%2Fwp%2Fv2%2Fproduct_tag&post=5321"}],"curies":[{"name":"wp","href":"https:\/\/api.w.org\/{rel}","templated":true}]}}