{"id":4656,"date":"2024-03-13T17:55:46","date_gmt":"2024-03-13T22:55:46","guid":{"rendered":"https:\/\/elbauldelupe.com\/?post_type=product&#038;p=4656"},"modified":"2024-10-06T11:25:03","modified_gmt":"2024-10-06T16:25:03","slug":"mameluco-margot","status":"publish","type":"product","link":"https:\/\/elbauldelupe.com\/?product=mameluco-margot","title":{"rendered":"MAMELUCO MARGOT"},"content":{"rendered":"","protected":false},"excerpt":{"rendered":"<p>Mameluco elaborado en tela algod\u00f3n perfecto para climas calientes donde tu bebe estar\u00e1 c\u00f3moda y fresca<\/p>\n","protected":false},"featured_media":4658,"comment_status":"open","ping_status":"closed","template":"","meta":{"site-sidebar-layout":"default","site-content-layout":"","ast-site-content-layout":"default","site-content-style":"default","site-sidebar-style":"default","ast-global-header-display":"","ast-banner-title-visibility":"","ast-main-header-display":"","ast-hfb-above-header-display":"","ast-hfb-below-header-display":"","ast-hfb-mobile-header-display":"","site-post-title":"","ast-breadcrumbs-content":"","ast-featured-img":"","footer-sml-layout":"","ast-disable-related-posts":"","theme-transparent-header-meta":"default","adv-header-id-meta":"","stick-header-meta":"","header-above-stick-meta":"","header-main-stick-meta":"","header-below-stick-meta":"","astra-migrate-meta-layouts":"set","ast-page-background-enabled":"default","ast-page-background-meta":{"desktop":{"background-color":"var(--ast-global-color-4)","background-image":"","background-repeat":"repeat","background-position":"center center","background-size":"auto","background-attachment":"scroll","background-type":"","background-media":"","overlay-type":"","overlay-color":"","overlay-opacity":"","overlay-gradient":""},"tablet":{"background-color":"","background-image":"","background-repeat":"repeat","background-position":"center center","background-size":"auto","background-attachment":"scroll","background-type":"","background-media":"","overlay-type":"","overlay-color":"","overlay-opacity":"","overlay-gradient":""},"mobile":{"background-color":"","background-image":"","background-repeat":"repeat","background-position":"center center","background-size":"auto","background-attachment":"scroll","background-type":"","background-media":"","overlay-type":"","overlay-color":"","overlay-opacity":"","overlay-gradient":""}},"ast-content-background-meta":{"desktop":{"background-color":"var(--ast-global-color-5)","background-image":"","background-repeat":"repeat","background-position":"center center","background-size":"auto","background-attachment":"scroll","background-type":"","background-media":"","overlay-type":"","overlay-color":"","overlay-opacity":"","overlay-gradient":""},"tablet":{"background-color":"var(--ast-global-color-5)","background-image":"","background-repeat":"repeat","background-position":"center center","background-size":"auto","background-attachment":"scroll","background-type":"","background-media":"","overlay-type":"","overlay-color":"","overlay-opacity":"","overlay-gradient":""},"mobile":{"background-color":"var(--ast-global-color-5)","background-image":"","background-repeat":"repeat","background-position":"center center","background-size":"auto","background-attachment":"scroll","background-type":"","background-media":"","overlay-type":"","overlay-color":"","overlay-opacity":"","overlay-gradient":""}}},"product_brand":[],"product_cat":[46,44,43,62],"product_tag":[],"class_list":{"0":"post-4656","1":"product","2":"type-product","3":"status-publish","4":"has-post-thumbnail","6":"product_cat-mamelucos","7":"product_cat-bebe-nina","8":"product_cat-nueva-coleccion","9":"product_cat-todos-los-articulos","10":"desktop-align-left","11":"tablet-align-left","12":"mobile-align-left","14":"first","15":"instock","16":"taxable","17":"shipping-taxable","18":"purchasable","19":"product-type-variable"},"jetpack-related-posts":[{"id":4535,"url":"https:\/\/elbauldelupe.com\/?product=mameluco-roma","url_meta":{"origin":4656,"position":0},"title":"MAMELUCO ROMA","author":"admin","date":"05\/03\/2024","format":false,"excerpt":"Mameluco elaborado en tela algod\u00f3n perfecto para climas calientes donde tu bebe estar\u00e1 c\u00f3moda y fresca","rel":"","context":"Entrada similar","block_context":{"text":"Entrada similar","link":""},"img":{"alt_text":"","src":"https:\/\/i0.wp.com\/elbauldelupe.com\/wp-content\/uploads\/2024\/03\/Imagen-de-WhatsApp-2024-03-05-a-las-15.40.58_939f3cce.jpg?fit=960%2C960&ssl=1&resize=350%2C200","width":350,"height":200,"srcset":"https:\/\/i0.wp.com\/elbauldelupe.com\/wp-content\/uploads\/2024\/03\/Imagen-de-WhatsApp-2024-03-05-a-las-15.40.58_939f3cce.jpg?fit=960%2C960&ssl=1&resize=350%2C200 1x, https:\/\/i0.wp.com\/elbauldelupe.com\/wp-content\/uploads\/2024\/03\/Imagen-de-WhatsApp-2024-03-05-a-las-15.40.58_939f3cce.jpg?fit=960%2C960&ssl=1&resize=525%2C300 1.5x, https:\/\/i0.wp.com\/elbauldelupe.com\/wp-content\/uploads\/2024\/03\/Imagen-de-WhatsApp-2024-03-05-a-las-15.40.58_939f3cce.jpg?fit=960%2C960&ssl=1&resize=700%2C400 2x"},"classes":[]},{"id":4498,"url":"https:\/\/elbauldelupe.com\/?product=4498","url_meta":{"origin":4656,"position":1},"title":"ENTERIZO THOMAS","author":"admin","date":"05\/03\/2024","format":false,"excerpt":"Mameluco elaborado en tela algod\u00f3n perfecto para climas calientes donde tu bebe estar\u00e1 c\u00f3modo y fresco","rel":"","context":"Entrada similar","block_context":{"text":"Entrada similar","link":""},"img":{"alt_text":"","src":"https:\/\/i0.wp.com\/elbauldelupe.com\/wp-content\/uploads\/2024\/03\/img_0234.jpeg?fit=1024%2C1024&ssl=1&resize=350%2C200","width":350,"height":200,"srcset":"https:\/\/i0.wp.com\/elbauldelupe.com\/wp-content\/uploads\/2024\/03\/img_0234.jpeg?fit=1024%2C1024&ssl=1&resize=350%2C200 1x, https:\/\/i0.wp.com\/elbauldelupe.com\/wp-content\/uploads\/2024\/03\/img_0234.jpeg?fit=1024%2C1024&ssl=1&resize=525%2C300 1.5x, https:\/\/i0.wp.com\/elbauldelupe.com\/wp-content\/uploads\/2024\/03\/img_0234.jpeg?fit=1024%2C1024&ssl=1&resize=700%2C400 2x"},"classes":[]},{"id":4350,"url":"https:\/\/elbauldelupe.com\/?product=enterizo-alan","url_meta":{"origin":4656,"position":2},"title":"ENTERIZO ALAN","author":"admin","date":"03\/03\/2024","format":false,"excerpt":"Mameluco elaborado en tela algod\u00f3n perfecto para climas calientes donde tu bebe estar\u00e1 c\u00f3modo y fresco","rel":"","context":"Entrada similar","block_context":{"text":"Entrada similar","link":""},"img":{"alt_text":"","src":"https:\/\/i0.wp.com\/elbauldelupe.com\/wp-content\/uploads\/2024\/03\/img_0226.jpeg?fit=1024%2C1024&ssl=1&resize=350%2C200","width":350,"height":200,"srcset":"https:\/\/i0.wp.com\/elbauldelupe.com\/wp-content\/uploads\/2024\/03\/img_0226.jpeg?fit=1024%2C1024&ssl=1&resize=350%2C200 1x, https:\/\/i0.wp.com\/elbauldelupe.com\/wp-content\/uploads\/2024\/03\/img_0226.jpeg?fit=1024%2C1024&ssl=1&resize=525%2C300 1.5x, https:\/\/i0.wp.com\/elbauldelupe.com\/wp-content\/uploads\/2024\/03\/img_0226.jpeg?fit=1024%2C1024&ssl=1&resize=700%2C400 2x"},"classes":[]},{"id":4489,"url":"https:\/\/elbauldelupe.com\/?product=mameluco-rallas","url_meta":{"origin":4656,"position":3},"title":"ENTERIZO ARTURO","author":"admin","date":"05\/03\/2024","format":false,"excerpt":"Enterizo unisex elaborado en tela algod\u00f3n perfecto para climas calientes donde tu bebe estar\u00e1 c\u00f3modo y fresco","rel":"","context":"Entrada similar","block_context":{"text":"Entrada similar","link":""},"img":{"alt_text":"","src":"https:\/\/i0.wp.com\/elbauldelupe.com\/wp-content\/uploads\/2024\/03\/img_0219.jpeg?fit=1024%2C1024&ssl=1&resize=350%2C200","width":350,"height":200,"srcset":"https:\/\/i0.wp.com\/elbauldelupe.com\/wp-content\/uploads\/2024\/03\/img_0219.jpeg?fit=1024%2C1024&ssl=1&resize=350%2C200 1x, https:\/\/i0.wp.com\/elbauldelupe.com\/wp-content\/uploads\/2024\/03\/img_0219.jpeg?fit=1024%2C1024&ssl=1&resize=525%2C300 1.5x, https:\/\/i0.wp.com\/elbauldelupe.com\/wp-content\/uploads\/2024\/03\/img_0219.jpeg?fit=1024%2C1024&ssl=1&resize=700%2C400 2x"},"classes":[]},{"id":5291,"url":"https:\/\/elbauldelupe.com\/?product=enterizo-romeo","url_meta":{"origin":4656,"position":4},"title":"ENTERIZO ROMEO","author":"admin","date":"21\/05\/2024","format":false,"excerpt":"Enterizo unisex elaborado en tela algod\u00f3n perfecto para climas calientes donde tu bebe estar\u00e1 c\u00f3modo y fresco","rel":"","context":"Entrada similar","block_context":{"text":"Entrada similar","link":""},"img":{"alt_text":"","src":"https:\/\/i0.wp.com\/elbauldelupe.com\/wp-content\/uploads\/2024\/05\/img_6252-2.jpeg?fit=931%2C934&ssl=1&resize=350%2C200","width":350,"height":200,"srcset":"https:\/\/i0.wp.com\/elbauldelupe.com\/wp-content\/uploads\/2024\/05\/img_6252-2.jpeg?fit=931%2C934&ssl=1&resize=350%2C200 1x, https:\/\/i0.wp.com\/elbauldelupe.com\/wp-content\/uploads\/2024\/05\/img_6252-2.jpeg?fit=931%2C934&ssl=1&resize=525%2C300 1.5x, https:\/\/i0.wp.com\/elbauldelupe.com\/wp-content\/uploads\/2024\/05\/img_6252-2.jpeg?fit=931%2C934&ssl=1&resize=700%2C400 2x"},"classes":[]},{"id":3898,"url":"https:\/\/elbauldelupe.com\/?product=mameluco-ivanna","url_meta":{"origin":4656,"position":5},"title":"MAMELUCO IVANNA","author":"admin","date":"05\/02\/2024","format":false,"excerpt":"Elaborado en tela\u00a0 algod\u00f3n incluye\u00a0 diadema a juego, es la elecci\u00f3n perfecta para mantener a tu beb\u00e9 fresca y c\u00f3moda en d\u00edas calurosos. La suave y transpirable tela de algod\u00f3n permite que la piel de tu beb\u00e9 respire y se sienta fresca en climas c\u00e1lidos,","rel":"","context":"Entrada similar","block_context":{"text":"Entrada similar","link":""},"img":{"alt_text":"","src":"https:\/\/i0.wp.com\/elbauldelupe.com\/wp-content\/uploads\/2024\/02\/img_6409.jpeg?fit=1024%2C1024&ssl=1&resize=350%2C200","width":350,"height":200,"srcset":"https:\/\/i0.wp.com\/elbauldelupe.com\/wp-content\/uploads\/2024\/02\/img_6409.jpeg?fit=1024%2C1024&ssl=1&resize=350%2C200 1x, https:\/\/i0.wp.com\/elbauldelupe.com\/wp-content\/uploads\/2024\/02\/img_6409.jpeg?fit=1024%2C1024&ssl=1&resize=525%2C300 1.5x, https:\/\/i0.wp.com\/elbauldelupe.com\/wp-content\/uploads\/2024\/02\/img_6409.jpeg?fit=1024%2C1024&ssl=1&resize=700%2C400 2x"},"classes":[]}],"_links":{"self":[{"href":"https:\/\/elbauldelupe.com\/index.php?rest_route=\/wp\/v2\/product\/4656","targetHints":{"allow":["GET"]}}],"collection":[{"href":"https:\/\/elbauldelupe.com\/index.php?rest_route=\/wp\/v2\/product"}],"about":[{"href":"https:\/\/elbauldelupe.com\/index.php?rest_route=\/wp\/v2\/types\/product"}],"replies":[{"embeddable":true,"href":"https:\/\/elbauldelupe.com\/index.php?rest_route=%2Fwp%2Fv2%2Fcomments&post=4656"}],"wp:featuredmedia":[{"embeddable":true,"href":"https:\/\/elbauldelupe.com\/index.php?rest_route=\/wp\/v2\/media\/4658"}],"wp:attachment":[{"href":"https:\/\/elbauldelupe.com\/index.php?rest_route=%2Fwp%2Fv2%2Fmedia&parent=4656"}],"wp:term":[{"taxonomy":"product_brand","embeddable":true,"href":"https:\/\/elbauldelupe.com\/index.php?rest_route=%2Fwp%2Fv2%2Fproduct_brand&post=4656"},{"taxonomy":"product_cat","embeddable":true,"href":"https:\/\/elbauldelupe.com\/index.php?rest_route=%2Fwp%2Fv2%2Fproduct_cat&post=4656"},{"taxonomy":"product_tag","embeddable":true,"href":"https:\/\/elbauldelupe.com\/index.php?rest_route=%2Fwp%2Fv2%2Fproduct_tag&post=4656"}],"curies":[{"name":"wp","href":"https:\/\/api.w.org\/{rel}","templated":true}]}}