{"id":4586,"date":"2024-03-13T12:31:21","date_gmt":"2024-03-13T17:31:21","guid":{"rendered":"https:\/\/elbauldelupe.com\/?post_type=product&#038;p=4586"},"modified":"2024-10-06T11:25:37","modified_gmt":"2024-10-06T16:25:37","slug":"mameluco-butterfly","status":"publish","type":"product","link":"https:\/\/elbauldelupe.com\/?product=mameluco-butterfly","title":{"rendered":"MAMELUCO BUTTERFLY"},"content":{"rendered":"","protected":false},"excerpt":{"rendered":"<p>&nbsp;<\/p>\n<p>Elaborado en tela de algod\u00f3n es suave y fresco es perfecto para mantener a tu beb\u00e9 c\u00f3modo incluso en d\u00edas calurosos, y el encaje de mariposas\u00a0 aporta una dosis extra de elegancia. Tu beb\u00e9 estar\u00e1 lista para deslumbrar en cualquier evento. Incluye diadema a juego<\/p>\n","protected":false},"featured_media":4588,"comment_status":"open","ping_status":"closed","template":"","meta":{"site-sidebar-layout":"default","site-content-layout":"","ast-site-content-layout":"default","site-content-style":"default","site-sidebar-style":"default","ast-global-header-display":"","ast-banner-title-visibility":"","ast-main-header-display":"","ast-hfb-above-header-display":"","ast-hfb-below-header-display":"","ast-hfb-mobile-header-display":"","site-post-title":"","ast-breadcrumbs-content":"","ast-featured-img":"","footer-sml-layout":"","ast-disable-related-posts":"","theme-transparent-header-meta":"default","adv-header-id-meta":"","stick-header-meta":"","header-above-stick-meta":"","header-main-stick-meta":"","header-below-stick-meta":"","astra-migrate-meta-layouts":"set","ast-page-background-enabled":"default","ast-page-background-meta":{"desktop":{"background-color":"var(--ast-global-color-4)","background-image":"","background-repeat":"repeat","background-position":"center center","background-size":"auto","background-attachment":"scroll","background-type":"","background-media":"","overlay-type":"","overlay-color":"","overlay-opacity":"","overlay-gradient":""},"tablet":{"background-color":"","background-image":"","background-repeat":"repeat","background-position":"center center","background-size":"auto","background-attachment":"scroll","background-type":"","background-media":"","overlay-type":"","overlay-color":"","overlay-opacity":"","overlay-gradient":""},"mobile":{"background-color":"","background-image":"","background-repeat":"repeat","background-position":"center center","background-size":"auto","background-attachment":"scroll","background-type":"","background-media":"","overlay-type":"","overlay-color":"","overlay-opacity":"","overlay-gradient":""}},"ast-content-background-meta":{"desktop":{"background-color":"var(--ast-global-color-5)","background-image":"","background-repeat":"repeat","background-position":"center center","background-size":"auto","background-attachment":"scroll","background-type":"","background-media":"","overlay-type":"","overlay-color":"","overlay-opacity":"","overlay-gradient":""},"tablet":{"background-color":"var(--ast-global-color-5)","background-image":"","background-repeat":"repeat","background-position":"center center","background-size":"auto","background-attachment":"scroll","background-type":"","background-media":"","overlay-type":"","overlay-color":"","overlay-opacity":"","overlay-gradient":""},"mobile":{"background-color":"var(--ast-global-color-5)","background-image":"","background-repeat":"repeat","background-position":"center center","background-size":"auto","background-attachment":"scroll","background-type":"","background-media":"","overlay-type":"","overlay-color":"","overlay-opacity":"","overlay-gradient":""}}},"product_brand":[],"product_cat":[46,44,43,62],"product_tag":[],"class_list":{"0":"post-4586","1":"product","2":"type-product","3":"status-publish","4":"has-post-thumbnail","6":"product_cat-mamelucos","7":"product_cat-bebe-nina","8":"product_cat-nueva-coleccion","9":"product_cat-todos-los-articulos","10":"desktop-align-left","11":"tablet-align-left","12":"mobile-align-left","14":"first","15":"instock","16":"taxable","17":"shipping-taxable","18":"purchasable","19":"product-type-variable"},"jetpack-related-posts":[{"id":6809,"url":"https:\/\/elbauldelupe.com\/?product=enterizo-tejido-navidad","url_meta":{"origin":4586,"position":0},"title":"ENTERIZO TEJIDO ANNY","author":"admin","date":"27\/09\/2024","format":false,"excerpt":"Este enterizo de Nochebuena para beb\u00e9, tejido en punto, es la elecci\u00f3n perfecta para mantener a tu peque\u00f1a c\u00f3moda y elegante durante las fiestas navide\u00f1as. Su suave tejido asegura que la delicada piel del beb\u00e9 est\u00e9 protegida y abrigada, mientras que el dise\u00f1o festivo, inspirado en la Navidad, a\u00f1ade un\u2026","rel":"","context":"Entrada similar","block_context":{"text":"Entrada similar","link":""},"img":{"alt_text":"","src":"https:\/\/i0.wp.com\/elbauldelupe.com\/wp-content\/uploads\/2024\/09\/img_6480.jpeg?fit=1200%2C1167&ssl=1&resize=350%2C200","width":350,"height":200,"srcset":"https:\/\/i0.wp.com\/elbauldelupe.com\/wp-content\/uploads\/2024\/09\/img_6480.jpeg?fit=1200%2C1167&ssl=1&resize=350%2C200 1x, https:\/\/i0.wp.com\/elbauldelupe.com\/wp-content\/uploads\/2024\/09\/img_6480.jpeg?fit=1200%2C1167&ssl=1&resize=525%2C300 1.5x, https:\/\/i0.wp.com\/elbauldelupe.com\/wp-content\/uploads\/2024\/09\/img_6480.jpeg?fit=1200%2C1167&ssl=1&resize=700%2C400 2x, https:\/\/i0.wp.com\/elbauldelupe.com\/wp-content\/uploads\/2024\/09\/img_6480.jpeg?fit=1200%2C1167&ssl=1&resize=1050%2C600 3x"},"classes":[]},{"id":3321,"url":"https:\/\/elbauldelupe.com\/?product=gafas-osito","url_meta":{"origin":4586,"position":1},"title":"Gafas Osito","author":"admin","date":"02\/12\/2023","format":false,"excerpt":"Gafas de sol para bebe ideales para completar un hermoso outfit de vacaciones , para bebes de 3 meses a 3 a\u00f1os","rel":"","context":"Entrada similar","block_context":{"text":"Entrada similar","link":""},"img":{"alt_text":"","src":"https:\/\/i0.wp.com\/elbauldelupe.com\/wp-content\/uploads\/2024\/03\/img_8850.jpeg?fit=800%2C800&ssl=1&resize=350%2C200","width":350,"height":200,"srcset":"https:\/\/i0.wp.com\/elbauldelupe.com\/wp-content\/uploads\/2024\/03\/img_8850.jpeg?fit=800%2C800&ssl=1&resize=350%2C200 1x, https:\/\/i0.wp.com\/elbauldelupe.com\/wp-content\/uploads\/2024\/03\/img_8850.jpeg?fit=800%2C800&ssl=1&resize=525%2C300 1.5x, https:\/\/i0.wp.com\/elbauldelupe.com\/wp-content\/uploads\/2024\/03\/img_8850.jpeg?fit=800%2C800&ssl=1&resize=700%2C400 2x"},"classes":[]},{"id":5413,"url":"https:\/\/elbauldelupe.com\/?product=gorro-chunky","url_meta":{"origin":4586,"position":2},"title":"GORRO CHUNKY","author":"admin","date":"22\/05\/2024","format":false,"excerpt":"Hermoso gorro en tejido de punto done tu bebe estar\u00e1 c\u00f3modo y protegido en los climas de invierno para bebes 0- 3 a\u00f1os","rel":"","context":"Entrada similar","block_context":{"text":"Entrada similar","link":""},"img":{"alt_text":"","src":"https:\/\/i0.wp.com\/elbauldelupe.com\/wp-content\/uploads\/2024\/05\/img_6008.jpeg?fit=901%2C1200&ssl=1&resize=350%2C200","width":350,"height":200,"srcset":"https:\/\/i0.wp.com\/elbauldelupe.com\/wp-content\/uploads\/2024\/05\/img_6008.jpeg?fit=901%2C1200&ssl=1&resize=350%2C200 1x, https:\/\/i0.wp.com\/elbauldelupe.com\/wp-content\/uploads\/2024\/05\/img_6008.jpeg?fit=901%2C1200&ssl=1&resize=525%2C300 1.5x, https:\/\/i0.wp.com\/elbauldelupe.com\/wp-content\/uploads\/2024\/05\/img_6008.jpeg?fit=901%2C1200&ssl=1&resize=700%2C400 2x"},"classes":[]},{"id":3090,"url":"https:\/\/elbauldelupe.com\/?product=pava-verano","url_meta":{"origin":4586,"position":3},"title":"Sombrero verano","author":"admin","date":"14\/11\/2023","format":false,"excerpt":"Pava con un hermoso y c\u00f3modo dise\u00f1o ideal para proteger a tu bebe del sol en los d\u00edas verano disponible para bebes de 1 a\u00f1o a 4 a\u00f1os","rel":"","context":"Entrada similar","block_context":{"text":"Entrada similar","link":""},"img":{"alt_text":"","src":"https:\/\/i0.wp.com\/elbauldelupe.com\/wp-content\/uploads\/2024\/03\/img_8805.jpeg?fit=800%2C800&ssl=1&resize=350%2C200","width":350,"height":200,"srcset":"https:\/\/i0.wp.com\/elbauldelupe.com\/wp-content\/uploads\/2024\/03\/img_8805.jpeg?fit=800%2C800&ssl=1&resize=350%2C200 1x, https:\/\/i0.wp.com\/elbauldelupe.com\/wp-content\/uploads\/2024\/03\/img_8805.jpeg?fit=800%2C800&ssl=1&resize=525%2C300 1.5x, https:\/\/i0.wp.com\/elbauldelupe.com\/wp-content\/uploads\/2024\/03\/img_8805.jpeg?fit=800%2C800&ssl=1&resize=700%2C400 2x"},"classes":[]},{"id":2828,"url":"https:\/\/elbauldelupe.com\/?product=gorro-copo-de-nieve","url_meta":{"origin":4586,"position":4},"title":"GORRO COPO DE NIEVE","author":"admin","date":"05\/11\/2023","format":false,"excerpt":"Hermoso gorro en tejido de punto done tu bebe estar\u00e1 c\u00f3modo y protegido en los climas de invierno para bebes 0- 3 a\u00f1os","rel":"","context":"Entrada similar","block_context":{"text":"Entrada similar","link":""},"img":{"alt_text":"","src":"https:\/\/i0.wp.com\/elbauldelupe.com\/wp-content\/uploads\/2023\/11\/Imagen-de-WhatsApp-2023-10-24-a-las-16.35.21_3a9190da-1.jpg?fit=960%2C960&ssl=1&resize=350%2C200","width":350,"height":200,"srcset":"https:\/\/i0.wp.com\/elbauldelupe.com\/wp-content\/uploads\/2023\/11\/Imagen-de-WhatsApp-2023-10-24-a-las-16.35.21_3a9190da-1.jpg?fit=960%2C960&ssl=1&resize=350%2C200 1x, https:\/\/i0.wp.com\/elbauldelupe.com\/wp-content\/uploads\/2023\/11\/Imagen-de-WhatsApp-2023-10-24-a-las-16.35.21_3a9190da-1.jpg?fit=960%2C960&ssl=1&resize=525%2C300 1.5x, https:\/\/i0.wp.com\/elbauldelupe.com\/wp-content\/uploads\/2023\/11\/Imagen-de-WhatsApp-2023-10-24-a-las-16.35.21_3a9190da-1.jpg?fit=960%2C960&ssl=1&resize=700%2C400 2x"},"classes":[]},{"id":1013,"url":"https:\/\/elbauldelupe.com\/?product=mameluco-lemmon","url_meta":{"origin":4586,"position":5},"title":"MAMELUCO LEMMON","author":"admin","date":"10\/09\/2023","format":false,"excerpt":"Este mameluco le da a tu beb\u00e9 un toque elegante los mo\u00f1os de seda a\u00f1aden un encanto especial a la prenda, mientras tu beb\u00e9 esta c\u00f3moda en todo momento","rel":"","context":"Entrada similar","block_context":{"text":"Entrada similar","link":""},"img":{"alt_text":"","src":"https:\/\/i0.wp.com\/elbauldelupe.com\/wp-content\/uploads\/2023\/09\/photoroom_20260219_142451.png?fit=1024%2C1024&ssl=1&resize=350%2C200","width":350,"height":200,"srcset":"https:\/\/i0.wp.com\/elbauldelupe.com\/wp-content\/uploads\/2023\/09\/photoroom_20260219_142451.png?fit=1024%2C1024&ssl=1&resize=350%2C200 1x, https:\/\/i0.wp.com\/elbauldelupe.com\/wp-content\/uploads\/2023\/09\/photoroom_20260219_142451.png?fit=1024%2C1024&ssl=1&resize=525%2C300 1.5x, https:\/\/i0.wp.com\/elbauldelupe.com\/wp-content\/uploads\/2023\/09\/photoroom_20260219_142451.png?fit=1024%2C1024&ssl=1&resize=700%2C400 2x"},"classes":[]}],"_links":{"self":[{"href":"https:\/\/elbauldelupe.com\/index.php?rest_route=\/wp\/v2\/product\/4586","targetHints":{"allow":["GET"]}}],"collection":[{"href":"https:\/\/elbauldelupe.com\/index.php?rest_route=\/wp\/v2\/product"}],"about":[{"href":"https:\/\/elbauldelupe.com\/index.php?rest_route=\/wp\/v2\/types\/product"}],"replies":[{"embeddable":true,"href":"https:\/\/elbauldelupe.com\/index.php?rest_route=%2Fwp%2Fv2%2Fcomments&post=4586"}],"wp:featuredmedia":[{"embeddable":true,"href":"https:\/\/elbauldelupe.com\/index.php?rest_route=\/wp\/v2\/media\/4588"}],"wp:attachment":[{"href":"https:\/\/elbauldelupe.com\/index.php?rest_route=%2Fwp%2Fv2%2Fmedia&parent=4586"}],"wp:term":[{"taxonomy":"product_brand","embeddable":true,"href":"https:\/\/elbauldelupe.com\/index.php?rest_route=%2Fwp%2Fv2%2Fproduct_brand&post=4586"},{"taxonomy":"product_cat","embeddable":true,"href":"https:\/\/elbauldelupe.com\/index.php?rest_route=%2Fwp%2Fv2%2Fproduct_cat&post=4586"},{"taxonomy":"product_tag","embeddable":true,"href":"https:\/\/elbauldelupe.com\/index.php?rest_route=%2Fwp%2Fv2%2Fproduct_tag&post=4586"}],"curies":[{"name":"wp","href":"https:\/\/api.w.org\/{rel}","templated":true}]}}