{"id":4517,"date":"2024-03-05T15:10:54","date_gmt":"2024-03-05T20:10:54","guid":{"rendered":"https:\/\/elbauldelupe.com\/?post_type=product&#038;p=4517"},"modified":"2025-11-26T21:42:34","modified_gmt":"2025-11-27T02:42:34","slug":"mameluco-lady","status":"publish","type":"product","link":"https:\/\/elbauldelupe.com\/?product=mameluco-lady","title":{"rendered":"MAMELUCO MIA"},"content":{"rendered":"","protected":false},"excerpt":{"rendered":"<p>Mameluco elaborado en tela de lino tu bebe estar\u00e1 c\u00f3moda y hermosa con est\u00e1 prenda<\/p>\n","protected":false},"featured_media":4518,"comment_status":"open","ping_status":"closed","template":"","meta":{"site-sidebar-layout":"default","site-content-layout":"","ast-site-content-layout":"default","site-content-style":"default","site-sidebar-style":"default","ast-global-header-display":"","ast-banner-title-visibility":"","ast-main-header-display":"","ast-hfb-above-header-display":"","ast-hfb-below-header-display":"","ast-hfb-mobile-header-display":"","site-post-title":"","ast-breadcrumbs-content":"","ast-featured-img":"","footer-sml-layout":"","ast-disable-related-posts":"","theme-transparent-header-meta":"default","adv-header-id-meta":"","stick-header-meta":"","header-above-stick-meta":"","header-main-stick-meta":"","header-below-stick-meta":"","astra-migrate-meta-layouts":"set","ast-page-background-enabled":"default","ast-page-background-meta":{"desktop":{"background-color":"var(--ast-global-color-4)","background-image":"","background-repeat":"repeat","background-position":"center center","background-size":"auto","background-attachment":"scroll","background-type":"","background-media":"","overlay-type":"","overlay-color":"","overlay-opacity":"","overlay-gradient":""},"tablet":{"background-color":"","background-image":"","background-repeat":"repeat","background-position":"center center","background-size":"auto","background-attachment":"scroll","background-type":"","background-media":"","overlay-type":"","overlay-color":"","overlay-opacity":"","overlay-gradient":""},"mobile":{"background-color":"","background-image":"","background-repeat":"repeat","background-position":"center center","background-size":"auto","background-attachment":"scroll","background-type":"","background-media":"","overlay-type":"","overlay-color":"","overlay-opacity":"","overlay-gradient":""}},"ast-content-background-meta":{"desktop":{"background-color":"var(--ast-global-color-5)","background-image":"","background-repeat":"repeat","background-position":"center center","background-size":"auto","background-attachment":"scroll","background-type":"","background-media":"","overlay-type":"","overlay-color":"","overlay-opacity":"","overlay-gradient":""},"tablet":{"background-color":"var(--ast-global-color-5)","background-image":"","background-repeat":"repeat","background-position":"center center","background-size":"auto","background-attachment":"scroll","background-type":"","background-media":"","overlay-type":"","overlay-color":"","overlay-opacity":"","overlay-gradient":""},"mobile":{"background-color":"var(--ast-global-color-5)","background-image":"","background-repeat":"repeat","background-position":"center center","background-size":"auto","background-attachment":"scroll","background-type":"","background-media":"","overlay-type":"","overlay-color":"","overlay-opacity":"","overlay-gradient":""}}},"product_brand":[],"product_cat":[46,44,43,62],"product_tag":[],"class_list":{"0":"post-4517","1":"product","2":"type-product","3":"status-publish","4":"has-post-thumbnail","6":"product_cat-mamelucos","7":"product_cat-bebe-nina","8":"product_cat-nueva-coleccion","9":"product_cat-todos-los-articulos","10":"desktop-align-left","11":"tablet-align-left","12":"mobile-align-left","14":"first","15":"instock","16":"sale","17":"taxable","18":"shipping-taxable","19":"purchasable","20":"product-type-variable"},"jetpack-related-posts":[{"id":5208,"url":"https:\/\/elbauldelupe.com\/?product=mameluco-marcos","url_meta":{"origin":4517,"position":0},"title":"MAMELUCO MARCOS","author":"admin","date":"10\/04\/2024","format":false,"excerpt":"Mameluco unixes en tela algod\u00f3n con un hermoso dise\u00f1o de cuadros una prenda con la que t\u00fa beb\u00e9 estar\u00e1 c\u00f3modo y fresco ideal para el verano","rel":"","context":"Entrada similar","block_context":{"text":"Entrada similar","link":""},"img":{"alt_text":"","src":"https:\/\/i0.wp.com\/elbauldelupe.com\/wp-content\/uploads\/2024\/04\/img_9128.jpeg?fit=1056%2C992&ssl=1&resize=350%2C200","width":350,"height":200,"srcset":"https:\/\/i0.wp.com\/elbauldelupe.com\/wp-content\/uploads\/2024\/04\/img_9128.jpeg?fit=1056%2C992&ssl=1&resize=350%2C200 1x, https:\/\/i0.wp.com\/elbauldelupe.com\/wp-content\/uploads\/2024\/04\/img_9128.jpeg?fit=1056%2C992&ssl=1&resize=525%2C300 1.5x, https:\/\/i0.wp.com\/elbauldelupe.com\/wp-content\/uploads\/2024\/04\/img_9128.jpeg?fit=1056%2C992&ssl=1&resize=700%2C400 2x, https:\/\/i0.wp.com\/elbauldelupe.com\/wp-content\/uploads\/2024\/04\/img_9128.jpeg?fit=1056%2C992&ssl=1&resize=1050%2C600 3x"},"classes":[]},{"id":3557,"url":"https:\/\/elbauldelupe.com\/?product=mameluco-maria-clara","url_meta":{"origin":4517,"position":1},"title":"MAMELUCO MARIA CLARA","author":"admin","date":"02\/01\/2024","format":false,"excerpt":"Hermoso mameluco en color blanco elaborado en\u00a0 tela de algod\u00f3n fresca y c\u00f3modo ideal para a piel de tu beb\u00e9 esta prenda es ideal para bautizo festas o alguna ocasi\u00f3n casual","rel":"","context":"Entrada similar","block_context":{"text":"Entrada similar","link":""},"img":{"alt_text":"","src":"https:\/\/i0.wp.com\/elbauldelupe.com\/wp-content\/uploads\/2024\/01\/img_4301-scaled.jpeg?fit=1200%2C1160&ssl=1&resize=350%2C200","width":350,"height":200,"srcset":"https:\/\/i0.wp.com\/elbauldelupe.com\/wp-content\/uploads\/2024\/01\/img_4301-scaled.jpeg?fit=1200%2C1160&ssl=1&resize=350%2C200 1x, https:\/\/i0.wp.com\/elbauldelupe.com\/wp-content\/uploads\/2024\/01\/img_4301-scaled.jpeg?fit=1200%2C1160&ssl=1&resize=525%2C300 1.5x, https:\/\/i0.wp.com\/elbauldelupe.com\/wp-content\/uploads\/2024\/01\/img_4301-scaled.jpeg?fit=1200%2C1160&ssl=1&resize=700%2C400 2x, https:\/\/i0.wp.com\/elbauldelupe.com\/wp-content\/uploads\/2024\/01\/img_4301-scaled.jpeg?fit=1200%2C1160&ssl=1&resize=1050%2C600 3x"},"classes":[]},{"id":5778,"url":"https:\/\/elbauldelupe.com\/?product=vestido-roseta","url_meta":{"origin":4517,"position":2},"title":"VESTIDO ROSETA","author":"admin","date":"11\/06\/2024","format":false,"excerpt":"Hermoso mameluco en color marfil elaborado en\u00a0 tela de algod\u00f3n fresca y c\u00f3moda ideal para a piel de tu beb\u00e9 esta prenda es ideal para bautizo festas o alguna ocasi\u00f3n casual","rel":"","context":"Entrada similar","block_context":{"text":"Entrada similar","link":""},"img":{"alt_text":"","src":"https:\/\/i0.wp.com\/elbauldelupe.com\/wp-content\/uploads\/2024\/06\/img_7792.jpeg?fit=960%2C960&ssl=1&resize=350%2C200","width":350,"height":200,"srcset":"https:\/\/i0.wp.com\/elbauldelupe.com\/wp-content\/uploads\/2024\/06\/img_7792.jpeg?fit=960%2C960&ssl=1&resize=350%2C200 1x, https:\/\/i0.wp.com\/elbauldelupe.com\/wp-content\/uploads\/2024\/06\/img_7792.jpeg?fit=960%2C960&ssl=1&resize=525%2C300 1.5x, https:\/\/i0.wp.com\/elbauldelupe.com\/wp-content\/uploads\/2024\/06\/img_7792.jpeg?fit=960%2C960&ssl=1&resize=700%2C400 2x"},"classes":[]},{"id":2418,"url":"https:\/\/elbauldelupe.com\/?product=mameluco-top","url_meta":{"origin":4517,"position":3},"title":"MAMELUCO TOP","author":"admin","date":"06\/10\/2023","format":false,"excerpt":"Un mameluco elaborado en tela algod\u00f3n es una prenda hermosa suave y fresca ideal para acompa\u00f1ar a tu bebe en los d\u00edas de verano","rel":"","context":"Entrada similar","block_context":{"text":"Entrada similar","link":""},"img":{"alt_text":"","src":"https:\/\/i0.wp.com\/elbauldelupe.com\/wp-content\/uploads\/2023\/10\/Imagen-de-WhatsApp-2023-10-06-a-las-13.42.24_6f65f497.jpg?fit=960%2C960&ssl=1&resize=350%2C200","width":350,"height":200,"srcset":"https:\/\/i0.wp.com\/elbauldelupe.com\/wp-content\/uploads\/2023\/10\/Imagen-de-WhatsApp-2023-10-06-a-las-13.42.24_6f65f497.jpg?fit=960%2C960&ssl=1&resize=350%2C200 1x, https:\/\/i0.wp.com\/elbauldelupe.com\/wp-content\/uploads\/2023\/10\/Imagen-de-WhatsApp-2023-10-06-a-las-13.42.24_6f65f497.jpg?fit=960%2C960&ssl=1&resize=525%2C300 1.5x, https:\/\/i0.wp.com\/elbauldelupe.com\/wp-content\/uploads\/2023\/10\/Imagen-de-WhatsApp-2023-10-06-a-las-13.42.24_6f65f497.jpg?fit=960%2C960&ssl=1&resize=700%2C400 2x"},"classes":[]},{"id":3613,"url":"https:\/\/elbauldelupe.com\/?product=vestido-anasthasia","url_meta":{"origin":4517,"position":4},"title":"VESTIDO ANASTHASIA","author":"admin","date":"03\/01\/2024","format":false,"excerpt":"Hermoso mameluco en color marfil elaborado en\u00a0 tela de algod\u00f3n fresca y c\u00f3moda ideal para a piel de tu beb\u00e9 esta prenda es ideal para bautizo festas o alguna ocasi\u00f3n casual","rel":"","context":"Entrada similar","block_context":{"text":"Entrada similar","link":""},"img":{"alt_text":"","src":"https:\/\/i0.wp.com\/elbauldelupe.com\/wp-content\/uploads\/2024\/01\/photoroom_20260213_181814.png?fit=1024%2C1024&ssl=1&resize=350%2C200","width":350,"height":200,"srcset":"https:\/\/i0.wp.com\/elbauldelupe.com\/wp-content\/uploads\/2024\/01\/photoroom_20260213_181814.png?fit=1024%2C1024&ssl=1&resize=350%2C200 1x, https:\/\/i0.wp.com\/elbauldelupe.com\/wp-content\/uploads\/2024\/01\/photoroom_20260213_181814.png?fit=1024%2C1024&ssl=1&resize=525%2C300 1.5x, https:\/\/i0.wp.com\/elbauldelupe.com\/wp-content\/uploads\/2024\/01\/photoroom_20260213_181814.png?fit=1024%2C1024&ssl=1&resize=700%2C400 2x"},"classes":[]},{"id":4656,"url":"https:\/\/elbauldelupe.com\/?product=mameluco-margot","url_meta":{"origin":4517,"position":5},"title":"MAMELUCO MARGOT","author":"admin","date":"13\/03\/2024","format":false,"excerpt":"Mameluco elaborado en tela algod\u00f3n perfecto para climas calientes donde tu bebe estar\u00e1 c\u00f3moda y fresca","rel":"","context":"Entrada similar","block_context":{"text":"Entrada similar","link":""},"img":{"alt_text":"","src":"https:\/\/i0.wp.com\/elbauldelupe.com\/wp-content\/uploads\/2024\/03\/Imagen-de-WhatsApp-2024-03-13-a-las-17.44.31_d4098d17.jpg?fit=800%2C800&ssl=1&resize=350%2C200","width":350,"height":200,"srcset":"https:\/\/i0.wp.com\/elbauldelupe.com\/wp-content\/uploads\/2024\/03\/Imagen-de-WhatsApp-2024-03-13-a-las-17.44.31_d4098d17.jpg?fit=800%2C800&ssl=1&resize=350%2C200 1x, https:\/\/i0.wp.com\/elbauldelupe.com\/wp-content\/uploads\/2024\/03\/Imagen-de-WhatsApp-2024-03-13-a-las-17.44.31_d4098d17.jpg?fit=800%2C800&ssl=1&resize=525%2C300 1.5x, https:\/\/i0.wp.com\/elbauldelupe.com\/wp-content\/uploads\/2024\/03\/Imagen-de-WhatsApp-2024-03-13-a-las-17.44.31_d4098d17.jpg?fit=800%2C800&ssl=1&resize=700%2C400 2x"},"classes":[]}],"_links":{"self":[{"href":"https:\/\/elbauldelupe.com\/index.php?rest_route=\/wp\/v2\/product\/4517","targetHints":{"allow":["GET"]}}],"collection":[{"href":"https:\/\/elbauldelupe.com\/index.php?rest_route=\/wp\/v2\/product"}],"about":[{"href":"https:\/\/elbauldelupe.com\/index.php?rest_route=\/wp\/v2\/types\/product"}],"replies":[{"embeddable":true,"href":"https:\/\/elbauldelupe.com\/index.php?rest_route=%2Fwp%2Fv2%2Fcomments&post=4517"}],"wp:featuredmedia":[{"embeddable":true,"href":"https:\/\/elbauldelupe.com\/index.php?rest_route=\/wp\/v2\/media\/4518"}],"wp:attachment":[{"href":"https:\/\/elbauldelupe.com\/index.php?rest_route=%2Fwp%2Fv2%2Fmedia&parent=4517"}],"wp:term":[{"taxonomy":"product_brand","embeddable":true,"href":"https:\/\/elbauldelupe.com\/index.php?rest_route=%2Fwp%2Fv2%2Fproduct_brand&post=4517"},{"taxonomy":"product_cat","embeddable":true,"href":"https:\/\/elbauldelupe.com\/index.php?rest_route=%2Fwp%2Fv2%2Fproduct_cat&post=4517"},{"taxonomy":"product_tag","embeddable":true,"href":"https:\/\/elbauldelupe.com\/index.php?rest_route=%2Fwp%2Fv2%2Fproduct_tag&post=4517"}],"curies":[{"name":"wp","href":"https:\/\/api.w.org\/{rel}","templated":true}]}}