{"id":3785,"date":"2024-02-05T17:18:44","date_gmt":"2024-02-05T22:18:44","guid":{"rendered":"https:\/\/elbauldelupe.com\/?post_type=product&#038;p=3785"},"modified":"2025-11-26T21:43:28","modified_gmt":"2025-11-27T02:43:28","slug":"set-shophia","status":"publish","type":"product","link":"https:\/\/elbauldelupe.com\/?product=set-shophia","title":{"rendered":"SET SHOPHIA"},"content":{"rendered":"","protected":false},"excerpt":{"rendered":"<p>Hermoso set de 3 piezas elaborado en tela de algod\u00f3n en el que tu\u00a0 bebe lucir\u00e1 c\u00f3moda y hermosa<\/p>\n","protected":false},"featured_media":3786,"comment_status":"open","ping_status":"closed","template":"","meta":{"site-sidebar-layout":"default","site-content-layout":"","ast-site-content-layout":"default","site-content-style":"default","site-sidebar-style":"default","ast-global-header-display":"","ast-banner-title-visibility":"","ast-main-header-display":"","ast-hfb-above-header-display":"","ast-hfb-below-header-display":"","ast-hfb-mobile-header-display":"","site-post-title":"","ast-breadcrumbs-content":"","ast-featured-img":"","footer-sml-layout":"","ast-disable-related-posts":"","theme-transparent-header-meta":"default","adv-header-id-meta":"","stick-header-meta":"","header-above-stick-meta":"","header-main-stick-meta":"","header-below-stick-meta":"","astra-migrate-meta-layouts":"set","ast-page-background-enabled":"default","ast-page-background-meta":{"desktop":{"background-color":"var(--ast-global-color-4)","background-image":"","background-repeat":"repeat","background-position":"center center","background-size":"auto","background-attachment":"scroll","background-type":"","background-media":"","overlay-type":"","overlay-color":"","overlay-opacity":"","overlay-gradient":""},"tablet":{"background-color":"","background-image":"","background-repeat":"repeat","background-position":"center center","background-size":"auto","background-attachment":"scroll","background-type":"","background-media":"","overlay-type":"","overlay-color":"","overlay-opacity":"","overlay-gradient":""},"mobile":{"background-color":"","background-image":"","background-repeat":"repeat","background-position":"center center","background-size":"auto","background-attachment":"scroll","background-type":"","background-media":"","overlay-type":"","overlay-color":"","overlay-opacity":"","overlay-gradient":""}},"ast-content-background-meta":{"desktop":{"background-color":"var(--ast-global-color-5)","background-image":"","background-repeat":"repeat","background-position":"center center","background-size":"auto","background-attachment":"scroll","background-type":"","background-media":"","overlay-type":"","overlay-color":"","overlay-opacity":"","overlay-gradient":""},"tablet":{"background-color":"var(--ast-global-color-5)","background-image":"","background-repeat":"repeat","background-position":"center center","background-size":"auto","background-attachment":"scroll","background-type":"","background-media":"","overlay-type":"","overlay-color":"","overlay-opacity":"","overlay-gradient":""},"mobile":{"background-color":"var(--ast-global-color-5)","background-image":"","background-repeat":"repeat","background-position":"center center","background-size":"auto","background-attachment":"scroll","background-type":"","background-media":"","overlay-type":"","overlay-color":"","overlay-opacity":"","overlay-gradient":""}}},"product_brand":[],"product_cat":[44,43,57,62],"product_tag":[],"class_list":{"0":"post-3785","1":"product","2":"type-product","3":"status-publish","4":"has-post-thumbnail","6":"product_cat-bebe-nina","7":"product_cat-nueva-coleccion","8":"product_cat-sets","9":"product_cat-todos-los-articulos","10":"desktop-align-left","11":"tablet-align-left","12":"mobile-align-left","14":"first","15":"instock","16":"taxable","17":"shipping-taxable","18":"purchasable","19":"product-type-variable"},"jetpack-related-posts":[{"id":3436,"url":"https:\/\/elbauldelupe.com\/?product=set-adele","url_meta":{"origin":3785,"position":0},"title":"SET ADELE","author":"admin","date":"03\/01\/2024","format":false,"excerpt":"Hermoso set beige elaborado en algod\u00f3n tiene mameluco interno y una hermosa tela en encaje floral en la parte superior. Incluye diadema a juego este set es ideal para bautizo o alguna otra ocasi\u00f3n especial donde tu bebe lucir\u00e1 c\u00f3moda y bella","rel":"","context":"Entrada similar","block_context":{"text":"Entrada similar","link":""},"img":{"alt_text":"","src":"https:\/\/i0.wp.com\/elbauldelupe.com\/wp-content\/uploads\/2024\/01\/img_4232-scaled.jpeg?fit=1200%2C800&ssl=1&resize=350%2C200","width":350,"height":200,"srcset":"https:\/\/i0.wp.com\/elbauldelupe.com\/wp-content\/uploads\/2024\/01\/img_4232-scaled.jpeg?fit=1200%2C800&ssl=1&resize=350%2C200 1x, https:\/\/i0.wp.com\/elbauldelupe.com\/wp-content\/uploads\/2024\/01\/img_4232-scaled.jpeg?fit=1200%2C800&ssl=1&resize=525%2C300 1.5x, https:\/\/i0.wp.com\/elbauldelupe.com\/wp-content\/uploads\/2024\/01\/img_4232-scaled.jpeg?fit=1200%2C800&ssl=1&resize=700%2C400 2x, https:\/\/i0.wp.com\/elbauldelupe.com\/wp-content\/uploads\/2024\/01\/img_4232-scaled.jpeg?fit=1200%2C800&ssl=1&resize=1050%2C600 3x"},"classes":[]},{"id":3467,"url":"https:\/\/elbauldelupe.com\/?product=set-maria-paz","url_meta":{"origin":3785,"position":1},"title":"SET MARIA PAZ","author":"admin","date":"02\/01\/2024","format":false,"excerpt":"Hermoso set blanco elaborado en algod\u00f3n tiene mameluco interno y una hermosa tela de encaje floral en la parte superior. Incluye gorro espa\u00f1ol este set es ideal para bautizo o alguna otra ocasi\u00f3n especial donde tu bebe lucir\u00e1 c\u00f3moda y bella","rel":"","context":"Entrada similar","block_context":{"text":"Entrada similar","link":""},"img":{"alt_text":"","src":"https:\/\/i0.wp.com\/elbauldelupe.com\/wp-content\/uploads\/2024\/01\/photoroom_20260213_180738.png?fit=1024%2C1024&ssl=1&resize=350%2C200","width":350,"height":200,"srcset":"https:\/\/i0.wp.com\/elbauldelupe.com\/wp-content\/uploads\/2024\/01\/photoroom_20260213_180738.png?fit=1024%2C1024&ssl=1&resize=350%2C200 1x, https:\/\/i0.wp.com\/elbauldelupe.com\/wp-content\/uploads\/2024\/01\/photoroom_20260213_180738.png?fit=1024%2C1024&ssl=1&resize=525%2C300 1.5x, https:\/\/i0.wp.com\/elbauldelupe.com\/wp-content\/uploads\/2024\/01\/photoroom_20260213_180738.png?fit=1024%2C1024&ssl=1&resize=700%2C400 2x"},"classes":[]},{"id":3454,"url":"https:\/\/elbauldelupe.com\/?product=vestido-floral","url_meta":{"origin":3785,"position":2},"title":"VESTIDO FLORAL","author":"admin","date":"27\/12\/2023","format":false,"excerpt":"Hermoso set blanco elaborado en algod\u00f3n tiene mameluco interno y una hermosa tela de encaje floral en la parte superior. Incluye diadema a juego este set es ideal para bautizo o alguna otra ocasi\u00f3n especial donde tu bebe lucir\u00e1 c\u00f3moda y bella","rel":"","context":"Entrada similar","block_context":{"text":"Entrada similar","link":""},"img":{"alt_text":"","src":"https:\/\/i0.wp.com\/elbauldelupe.com\/wp-content\/uploads\/2023\/12\/img_3133.jpeg?fit=1024%2C1024&ssl=1&resize=350%2C200","width":350,"height":200,"srcset":"https:\/\/i0.wp.com\/elbauldelupe.com\/wp-content\/uploads\/2023\/12\/img_3133.jpeg?fit=1024%2C1024&ssl=1&resize=350%2C200 1x, https:\/\/i0.wp.com\/elbauldelupe.com\/wp-content\/uploads\/2023\/12\/img_3133.jpeg?fit=1024%2C1024&ssl=1&resize=525%2C300 1.5x, https:\/\/i0.wp.com\/elbauldelupe.com\/wp-content\/uploads\/2023\/12\/img_3133.jpeg?fit=1024%2C1024&ssl=1&resize=700%2C400 2x"},"classes":[]},{"id":5936,"url":"https:\/\/elbauldelupe.com\/?product=set-zamara","url_meta":{"origin":3785,"position":3},"title":"SET ZAMARA","author":"admin","date":"22\/06\/2024","format":false,"excerpt":"Set de 3 piezas elaborado en algod\u00f3n d\u00f3nde tu beb\u00e9 estar\u00e1 c\u00f3moda y hermosa","rel":"","context":"Entrada similar","block_context":{"text":"Entrada similar","link":""},"img":{"alt_text":"","src":"https:\/\/i0.wp.com\/elbauldelupe.com\/wp-content\/uploads\/2024\/06\/photoroom_20260318_220815.jpeg?fit=960%2C1200&ssl=1&resize=350%2C200","width":350,"height":200,"srcset":"https:\/\/i0.wp.com\/elbauldelupe.com\/wp-content\/uploads\/2024\/06\/photoroom_20260318_220815.jpeg?fit=960%2C1200&ssl=1&resize=350%2C200 1x, https:\/\/i0.wp.com\/elbauldelupe.com\/wp-content\/uploads\/2024\/06\/photoroom_20260318_220815.jpeg?fit=960%2C1200&ssl=1&resize=525%2C300 1.5x, https:\/\/i0.wp.com\/elbauldelupe.com\/wp-content\/uploads\/2024\/06\/photoroom_20260318_220815.jpeg?fit=960%2C1200&ssl=1&resize=700%2C400 2x"},"classes":[]},{"id":5958,"url":"https:\/\/elbauldelupe.com\/?product=set-alicent","url_meta":{"origin":3785,"position":4},"title":"SET ALICENT","author":"admin","date":"22\/06\/2024","format":false,"excerpt":"Set de 3 piezas elaborada en una tela fresca en algod\u00f3n tu beb\u00e9 estar\u00e1 c\u00f3moda y preciosa con este set","rel":"","context":"Entrada similar","block_context":{"text":"Entrada similar","link":""},"img":{"alt_text":"","src":"https:\/\/i0.wp.com\/elbauldelupe.com\/wp-content\/uploads\/2024\/06\/photoroom_20260213_150325.jpeg?fit=756%2C1103&ssl=1&resize=350%2C200","width":350,"height":200,"srcset":"https:\/\/i0.wp.com\/elbauldelupe.com\/wp-content\/uploads\/2024\/06\/photoroom_20260213_150325.jpeg?fit=756%2C1103&ssl=1&resize=350%2C200 1x, https:\/\/i0.wp.com\/elbauldelupe.com\/wp-content\/uploads\/2024\/06\/photoroom_20260213_150325.jpeg?fit=756%2C1103&ssl=1&resize=525%2C300 1.5x, https:\/\/i0.wp.com\/elbauldelupe.com\/wp-content\/uploads\/2024\/06\/photoroom_20260213_150325.jpeg?fit=756%2C1103&ssl=1&resize=700%2C400 2x"},"classes":[]},{"id":5595,"url":"https:\/\/elbauldelupe.com\/?product=set-oliver","url_meta":{"origin":3785,"position":5},"title":"SET OLIVER","author":"admin","date":"25\/05\/2024","format":false,"excerpt":"Un hermoso set ideal para ocasiones este set est\u00e1 elaborado en tela algod\u00f3n incluye mameluco con corbat\u00edn y shorts con tirantes","rel":"","context":"Entrada similar","block_context":{"text":"Entrada similar","link":""},"img":{"alt_text":"","src":"https:\/\/i0.wp.com\/elbauldelupe.com\/wp-content\/uploads\/2024\/05\/photoroom_20260219_143712.jpeg?fit=1080%2C1080&ssl=1&resize=350%2C200","width":350,"height":200,"srcset":"https:\/\/i0.wp.com\/elbauldelupe.com\/wp-content\/uploads\/2024\/05\/photoroom_20260219_143712.jpeg?fit=1080%2C1080&ssl=1&resize=350%2C200 1x, https:\/\/i0.wp.com\/elbauldelupe.com\/wp-content\/uploads\/2024\/05\/photoroom_20260219_143712.jpeg?fit=1080%2C1080&ssl=1&resize=525%2C300 1.5x, https:\/\/i0.wp.com\/elbauldelupe.com\/wp-content\/uploads\/2024\/05\/photoroom_20260219_143712.jpeg?fit=1080%2C1080&ssl=1&resize=700%2C400 2x, https:\/\/i0.wp.com\/elbauldelupe.com\/wp-content\/uploads\/2024\/05\/photoroom_20260219_143712.jpeg?fit=1080%2C1080&ssl=1&resize=1050%2C600 3x"},"classes":[]}],"_links":{"self":[{"href":"https:\/\/elbauldelupe.com\/index.php?rest_route=\/wp\/v2\/product\/3785","targetHints":{"allow":["GET"]}}],"collection":[{"href":"https:\/\/elbauldelupe.com\/index.php?rest_route=\/wp\/v2\/product"}],"about":[{"href":"https:\/\/elbauldelupe.com\/index.php?rest_route=\/wp\/v2\/types\/product"}],"replies":[{"embeddable":true,"href":"https:\/\/elbauldelupe.com\/index.php?rest_route=%2Fwp%2Fv2%2Fcomments&post=3785"}],"wp:featuredmedia":[{"embeddable":true,"href":"https:\/\/elbauldelupe.com\/index.php?rest_route=\/wp\/v2\/media\/3786"}],"wp:attachment":[{"href":"https:\/\/elbauldelupe.com\/index.php?rest_route=%2Fwp%2Fv2%2Fmedia&parent=3785"}],"wp:term":[{"taxonomy":"product_brand","embeddable":true,"href":"https:\/\/elbauldelupe.com\/index.php?rest_route=%2Fwp%2Fv2%2Fproduct_brand&post=3785"},{"taxonomy":"product_cat","embeddable":true,"href":"https:\/\/elbauldelupe.com\/index.php?rest_route=%2Fwp%2Fv2%2Fproduct_cat&post=3785"},{"taxonomy":"product_tag","embeddable":true,"href":"https:\/\/elbauldelupe.com\/index.php?rest_route=%2Fwp%2Fv2%2Fproduct_tag&post=3785"}],"curies":[{"name":"wp","href":"https:\/\/api.w.org\/{rel}","templated":true}]}}