{"id":3454,"date":"2023-12-27T13:40:22","date_gmt":"2023-12-27T18:40:22","guid":{"rendered":"https:\/\/elbauldelupe.com\/?post_type=product&#038;p=3454"},"modified":"2026-02-13T17:43:16","modified_gmt":"2026-02-13T22:43:16","slug":"vestido-floral","status":"publish","type":"product","link":"https:\/\/elbauldelupe.com\/?product=vestido-floral","title":{"rendered":"VESTIDO FLORAL"},"content":{"rendered":"","protected":false},"excerpt":{"rendered":"<p>Hermoso set blanco elaborado en algod\u00f3n tiene mameluco interno y una hermosa tela de encaje floral en la parte superior. Incluye diadema a juego este set es ideal para bautizo o alguna otra ocasi\u00f3n especial donde tu bebe lucir\u00e1 c\u00f3moda y bella<\/p>\n","protected":false},"featured_media":10798,"comment_status":"open","ping_status":"closed","template":"","meta":{"site-sidebar-layout":"default","site-content-layout":"","ast-site-content-layout":"default","site-content-style":"default","site-sidebar-style":"default","ast-global-header-display":"","ast-banner-title-visibility":"","ast-main-header-display":"","ast-hfb-above-header-display":"","ast-hfb-below-header-display":"","ast-hfb-mobile-header-display":"","site-post-title":"","ast-breadcrumbs-content":"","ast-featured-img":"","footer-sml-layout":"","ast-disable-related-posts":"","theme-transparent-header-meta":"default","adv-header-id-meta":"","stick-header-meta":"","header-above-stick-meta":"","header-main-stick-meta":"","header-below-stick-meta":"","astra-migrate-meta-layouts":"set","ast-page-background-enabled":"default","ast-page-background-meta":{"desktop":{"background-color":"var(--ast-global-color-4)","background-image":"","background-repeat":"repeat","background-position":"center center","background-size":"auto","background-attachment":"scroll","background-type":"","background-media":"","overlay-type":"","overlay-color":"","overlay-opacity":"","overlay-gradient":""},"tablet":{"background-color":"","background-image":"","background-repeat":"repeat","background-position":"center center","background-size":"auto","background-attachment":"scroll","background-type":"","background-media":"","overlay-type":"","overlay-color":"","overlay-opacity":"","overlay-gradient":""},"mobile":{"background-color":"","background-image":"","background-repeat":"repeat","background-position":"center center","background-size":"auto","background-attachment":"scroll","background-type":"","background-media":"","overlay-type":"","overlay-color":"","overlay-opacity":"","overlay-gradient":""}},"ast-content-background-meta":{"desktop":{"background-color":"var(--ast-global-color-5)","background-image":"","background-repeat":"repeat","background-position":"center center","background-size":"auto","background-attachment":"scroll","background-type":"","background-media":"","overlay-type":"","overlay-color":"","overlay-opacity":"","overlay-gradient":""},"tablet":{"background-color":"var(--ast-global-color-5)","background-image":"","background-repeat":"repeat","background-position":"center center","background-size":"auto","background-attachment":"scroll","background-type":"","background-media":"","overlay-type":"","overlay-color":"","overlay-opacity":"","overlay-gradient":""},"mobile":{"background-color":"var(--ast-global-color-5)","background-image":"","background-repeat":"repeat","background-position":"center center","background-size":"auto","background-attachment":"scroll","background-type":"","background-media":"","overlay-type":"","overlay-color":"","overlay-opacity":"","overlay-gradient":""}}},"product_brand":[],"product_cat":[84,96,46,44,43,57,62],"product_tag":[],"class_list":{"0":"post-3454","1":"product","2":"type-product","3":"status-publish","4":"has-post-thumbnail","6":"product_cat-bautizo","7":"product_cat-bautizo-2","8":"product_cat-mamelucos","9":"product_cat-bebe-nina","10":"product_cat-nueva-coleccion","11":"product_cat-sets","12":"product_cat-todos-los-articulos","13":"desktop-align-left","14":"tablet-align-left","15":"mobile-align-left","17":"first","18":"instock","19":"taxable","20":"shipping-taxable","21":"purchasable","22":"product-type-variable"},"jetpack-related-posts":[{"id":3436,"url":"https:\/\/elbauldelupe.com\/?product=set-adele","url_meta":{"origin":3454,"position":0},"title":"SET ADELE","author":"admin","date":"03\/01\/2024","format":false,"excerpt":"Hermoso set beige elaborado en algod\u00f3n tiene mameluco interno y una hermosa tela en encaje floral en la parte superior. Incluye diadema a juego este set es ideal para bautizo o alguna otra ocasi\u00f3n especial donde tu bebe lucir\u00e1 c\u00f3moda y bella","rel":"","context":"Entrada similar","block_context":{"text":"Entrada similar","link":""},"img":{"alt_text":"","src":"https:\/\/i0.wp.com\/elbauldelupe.com\/wp-content\/uploads\/2024\/01\/img_4232-scaled.jpeg?fit=1200%2C800&ssl=1&resize=350%2C200","width":350,"height":200,"srcset":"https:\/\/i0.wp.com\/elbauldelupe.com\/wp-content\/uploads\/2024\/01\/img_4232-scaled.jpeg?fit=1200%2C800&ssl=1&resize=350%2C200 1x, https:\/\/i0.wp.com\/elbauldelupe.com\/wp-content\/uploads\/2024\/01\/img_4232-scaled.jpeg?fit=1200%2C800&ssl=1&resize=525%2C300 1.5x, https:\/\/i0.wp.com\/elbauldelupe.com\/wp-content\/uploads\/2024\/01\/img_4232-scaled.jpeg?fit=1200%2C800&ssl=1&resize=700%2C400 2x, https:\/\/i0.wp.com\/elbauldelupe.com\/wp-content\/uploads\/2024\/01\/img_4232-scaled.jpeg?fit=1200%2C800&ssl=1&resize=1050%2C600 3x"},"classes":[]},{"id":3467,"url":"https:\/\/elbauldelupe.com\/?product=set-maria-paz","url_meta":{"origin":3454,"position":1},"title":"SET MARIA PAZ","author":"admin","date":"02\/01\/2024","format":false,"excerpt":"Hermoso set blanco elaborado en algod\u00f3n tiene mameluco interno y una hermosa tela de encaje floral en la parte superior. Incluye gorro espa\u00f1ol este set es ideal para bautizo o alguna otra ocasi\u00f3n especial donde tu bebe lucir\u00e1 c\u00f3moda y bella","rel":"","context":"Entrada similar","block_context":{"text":"Entrada similar","link":""},"img":{"alt_text":"","src":"https:\/\/i0.wp.com\/elbauldelupe.com\/wp-content\/uploads\/2024\/01\/photoroom_20260213_180738.png?fit=1024%2C1024&ssl=1&resize=350%2C200","width":350,"height":200,"srcset":"https:\/\/i0.wp.com\/elbauldelupe.com\/wp-content\/uploads\/2024\/01\/photoroom_20260213_180738.png?fit=1024%2C1024&ssl=1&resize=350%2C200 1x, https:\/\/i0.wp.com\/elbauldelupe.com\/wp-content\/uploads\/2024\/01\/photoroom_20260213_180738.png?fit=1024%2C1024&ssl=1&resize=525%2C300 1.5x, https:\/\/i0.wp.com\/elbauldelupe.com\/wp-content\/uploads\/2024\/01\/photoroom_20260213_180738.png?fit=1024%2C1024&ssl=1&resize=700%2C400 2x"},"classes":[]},{"id":9851,"url":"https:\/\/elbauldelupe.com\/?product=set-blush-floral","url_meta":{"origin":3454,"position":2},"title":"SET BLUSH FLORAL","author":"admin","date":"19\/01\/2026","format":false,"excerpt":"Set de 3 piezas confeccionado en algod\u00f3n suave y transpirable, incluye un body acanalado con tirantes delicados y un bordado floral sutil que evoca ternura y naturaleza, acompa\u00f1ado de un short con vuelos que aporta comodidad y libertad de movimiento.","rel":"","context":"Entrada similar","block_context":{"text":"Entrada similar","link":""},"img":{"alt_text":"","src":"https:\/\/i0.wp.com\/elbauldelupe.com\/wp-content\/uploads\/2026\/01\/img_0874.jpeg?fit=1024%2C1024&ssl=1&resize=350%2C200","width":350,"height":200,"srcset":"https:\/\/i0.wp.com\/elbauldelupe.com\/wp-content\/uploads\/2026\/01\/img_0874.jpeg?fit=1024%2C1024&ssl=1&resize=350%2C200 1x, https:\/\/i0.wp.com\/elbauldelupe.com\/wp-content\/uploads\/2026\/01\/img_0874.jpeg?fit=1024%2C1024&ssl=1&resize=525%2C300 1.5x, https:\/\/i0.wp.com\/elbauldelupe.com\/wp-content\/uploads\/2026\/01\/img_0874.jpeg?fit=1024%2C1024&ssl=1&resize=700%2C400 2x"},"classes":[]},{"id":9926,"url":"https:\/\/elbauldelupe.com\/?product=set-floral-boho","url_meta":{"origin":3454,"position":3},"title":"SET FLORAL BOHO","author":"admin","date":"19\/01\/2026","format":false,"excerpt":"Encantador conjunto de 3 piezas confeccionado en algod\u00f3n, ideal para mantener a tu beb\u00e9 fresca y c\u00f3moda.","rel":"","context":"Entrada similar","block_context":{"text":"Entrada similar","link":""},"img":{"alt_text":"","src":"https:\/\/i0.wp.com\/elbauldelupe.com\/wp-content\/uploads\/2026\/01\/img_0888.jpeg?fit=1088%2C960&ssl=1&resize=350%2C200","width":350,"height":200,"srcset":"https:\/\/i0.wp.com\/elbauldelupe.com\/wp-content\/uploads\/2026\/01\/img_0888.jpeg?fit=1088%2C960&ssl=1&resize=350%2C200 1x, https:\/\/i0.wp.com\/elbauldelupe.com\/wp-content\/uploads\/2026\/01\/img_0888.jpeg?fit=1088%2C960&ssl=1&resize=525%2C300 1.5x, https:\/\/i0.wp.com\/elbauldelupe.com\/wp-content\/uploads\/2026\/01\/img_0888.jpeg?fit=1088%2C960&ssl=1&resize=700%2C400 2x, https:\/\/i0.wp.com\/elbauldelupe.com\/wp-content\/uploads\/2026\/01\/img_0888.jpeg?fit=1088%2C960&ssl=1&resize=1050%2C600 3x"},"classes":[]},{"id":3785,"url":"https:\/\/elbauldelupe.com\/?product=set-shophia","url_meta":{"origin":3454,"position":4},"title":"SET SHOPHIA","author":"admin","date":"05\/02\/2024","format":false,"excerpt":"Hermoso set de 3 piezas elaborado en tela de algod\u00f3n en el que tu\u00a0 bebe lucir\u00e1 c\u00f3moda y hermosa","rel":"","context":"Entrada similar","block_context":{"text":"Entrada similar","link":""},"img":{"alt_text":"","src":"https:\/\/i0.wp.com\/elbauldelupe.com\/wp-content\/uploads\/2024\/02\/Imagen-de-WhatsApp-2024-02-04-a-las-16.05.30_d1a16c79.jpg?fit=800%2C800&ssl=1&resize=350%2C200","width":350,"height":200,"srcset":"https:\/\/i0.wp.com\/elbauldelupe.com\/wp-content\/uploads\/2024\/02\/Imagen-de-WhatsApp-2024-02-04-a-las-16.05.30_d1a16c79.jpg?fit=800%2C800&ssl=1&resize=350%2C200 1x, https:\/\/i0.wp.com\/elbauldelupe.com\/wp-content\/uploads\/2024\/02\/Imagen-de-WhatsApp-2024-02-04-a-las-16.05.30_d1a16c79.jpg?fit=800%2C800&ssl=1&resize=525%2C300 1.5x, https:\/\/i0.wp.com\/elbauldelupe.com\/wp-content\/uploads\/2024\/02\/Imagen-de-WhatsApp-2024-02-04-a-las-16.05.30_d1a16c79.jpg?fit=800%2C800&ssl=1&resize=700%2C400 2x"},"classes":[]},{"id":3970,"url":"https:\/\/elbauldelupe.com\/?product=mameluco-cristal","url_meta":{"origin":3454,"position":5},"title":"MAMELUCO CRISTAL","author":"admin","date":"06\/02\/2024","format":false,"excerpt":"Mameluco en algod\u00f3n con falda de tul y un hermoso bordado floral","rel":"","context":"Entrada similar","block_context":{"text":"Entrada similar","link":""},"img":{"alt_text":"","src":"https:\/\/i0.wp.com\/elbauldelupe.com\/wp-content\/uploads\/2024\/02\/img_4890-1.jpeg?fit=800%2C800&ssl=1&resize=350%2C200","width":350,"height":200,"srcset":"https:\/\/i0.wp.com\/elbauldelupe.com\/wp-content\/uploads\/2024\/02\/img_4890-1.jpeg?fit=800%2C800&ssl=1&resize=350%2C200 1x, https:\/\/i0.wp.com\/elbauldelupe.com\/wp-content\/uploads\/2024\/02\/img_4890-1.jpeg?fit=800%2C800&ssl=1&resize=525%2C300 1.5x, https:\/\/i0.wp.com\/elbauldelupe.com\/wp-content\/uploads\/2024\/02\/img_4890-1.jpeg?fit=800%2C800&ssl=1&resize=700%2C400 2x"},"classes":[]}],"_links":{"self":[{"href":"https:\/\/elbauldelupe.com\/index.php?rest_route=\/wp\/v2\/product\/3454","targetHints":{"allow":["GET"]}}],"collection":[{"href":"https:\/\/elbauldelupe.com\/index.php?rest_route=\/wp\/v2\/product"}],"about":[{"href":"https:\/\/elbauldelupe.com\/index.php?rest_route=\/wp\/v2\/types\/product"}],"replies":[{"embeddable":true,"href":"https:\/\/elbauldelupe.com\/index.php?rest_route=%2Fwp%2Fv2%2Fcomments&post=3454"}],"wp:featuredmedia":[{"embeddable":true,"href":"https:\/\/elbauldelupe.com\/index.php?rest_route=\/wp\/v2\/media\/10798"}],"wp:attachment":[{"href":"https:\/\/elbauldelupe.com\/index.php?rest_route=%2Fwp%2Fv2%2Fmedia&parent=3454"}],"wp:term":[{"taxonomy":"product_brand","embeddable":true,"href":"https:\/\/elbauldelupe.com\/index.php?rest_route=%2Fwp%2Fv2%2Fproduct_brand&post=3454"},{"taxonomy":"product_cat","embeddable":true,"href":"https:\/\/elbauldelupe.com\/index.php?rest_route=%2Fwp%2Fv2%2Fproduct_cat&post=3454"},{"taxonomy":"product_tag","embeddable":true,"href":"https:\/\/elbauldelupe.com\/index.php?rest_route=%2Fwp%2Fv2%2Fproduct_tag&post=3454"}],"curies":[{"name":"wp","href":"https:\/\/api.w.org\/{rel}","templated":true}]}}