{"id":3436,"date":"2024-01-03T14:58:59","date_gmt":"2024-01-03T19:58:59","guid":{"rendered":"https:\/\/elbauldelupe.com\/?post_type=product&#038;p=3436"},"modified":"2025-11-28T14:50:53","modified_gmt":"2025-11-28T19:50:53","slug":"set-adele","status":"publish","type":"product","link":"https:\/\/elbauldelupe.com\/?product=set-adele","title":{"rendered":"SET ADELE"},"content":{"rendered":"","protected":false},"excerpt":{"rendered":"<p>Hermoso set beige elaborado en algod\u00f3n tiene mameluco interno y una hermosa tela en encaje floral en la parte superior. Incluye diadema a juego este set es ideal para bautizo o alguna otra ocasi\u00f3n especial donde tu bebe lucir\u00e1 c\u00f3moda y bella<\/p>\n","protected":false},"featured_media":8561,"comment_status":"open","ping_status":"closed","template":"","meta":{"site-sidebar-layout":"default","site-content-layout":"","ast-site-content-layout":"default","site-content-style":"default","site-sidebar-style":"default","ast-global-header-display":"","ast-banner-title-visibility":"","ast-main-header-display":"","ast-hfb-above-header-display":"","ast-hfb-below-header-display":"","ast-hfb-mobile-header-display":"","site-post-title":"","ast-breadcrumbs-content":"","ast-featured-img":"","footer-sml-layout":"","ast-disable-related-posts":"","theme-transparent-header-meta":"default","adv-header-id-meta":"","stick-header-meta":"","header-above-stick-meta":"","header-main-stick-meta":"","header-below-stick-meta":"","astra-migrate-meta-layouts":"set","ast-page-background-enabled":"default","ast-page-background-meta":{"desktop":{"background-color":"var(--ast-global-color-4)","background-image":"","background-repeat":"repeat","background-position":"center center","background-size":"auto","background-attachment":"scroll","background-type":"","background-media":"","overlay-type":"","overlay-color":"","overlay-opacity":"","overlay-gradient":""},"tablet":{"background-color":"","background-image":"","background-repeat":"repeat","background-position":"center center","background-size":"auto","background-attachment":"scroll","background-type":"","background-media":"","overlay-type":"","overlay-color":"","overlay-opacity":"","overlay-gradient":""},"mobile":{"background-color":"","background-image":"","background-repeat":"repeat","background-position":"center center","background-size":"auto","background-attachment":"scroll","background-type":"","background-media":"","overlay-type":"","overlay-color":"","overlay-opacity":"","overlay-gradient":""}},"ast-content-background-meta":{"desktop":{"background-color":"var(--ast-global-color-5)","background-image":"","background-repeat":"repeat","background-position":"center center","background-size":"auto","background-attachment":"scroll","background-type":"","background-media":"","overlay-type":"","overlay-color":"","overlay-opacity":"","overlay-gradient":""},"tablet":{"background-color":"var(--ast-global-color-5)","background-image":"","background-repeat":"repeat","background-position":"center center","background-size":"auto","background-attachment":"scroll","background-type":"","background-media":"","overlay-type":"","overlay-color":"","overlay-opacity":"","overlay-gradient":""},"mobile":{"background-color":"var(--ast-global-color-5)","background-image":"","background-repeat":"repeat","background-position":"center center","background-size":"auto","background-attachment":"scroll","background-type":"","background-media":"","overlay-type":"","overlay-color":"","overlay-opacity":"","overlay-gradient":""}}},"product_brand":[],"product_cat":[84,96,15,46,44,43,57,62,47],"product_tag":[],"class_list":{"0":"post-3436","1":"product","2":"type-product","3":"status-publish","4":"has-post-thumbnail","6":"product_cat-bautizo","7":"product_cat-bautizo-2","8":"product_cat-uncategorized","9":"product_cat-mamelucos","10":"product_cat-bebe-nina","11":"product_cat-nueva-coleccion","12":"product_cat-sets","13":"product_cat-todos-los-articulos","14":"product_cat-vestidos","15":"desktop-align-left","16":"tablet-align-left","17":"mobile-align-left","19":"first","20":"instock","21":"featured","22":"taxable","23":"shipping-taxable","24":"purchasable","25":"product-type-variable"},"jetpack-related-posts":[{"id":3785,"url":"https:\/\/elbauldelupe.com\/?product=set-shophia","url_meta":{"origin":3436,"position":0},"title":"SET SHOPHIA","author":"admin","date":"05\/02\/2024","format":false,"excerpt":"Hermoso set de 3 piezas elaborado en tela de algod\u00f3n en el que tu\u00a0 bebe lucir\u00e1 c\u00f3moda y hermosa","rel":"","context":"Entrada similar","block_context":{"text":"Entrada similar","link":""},"img":{"alt_text":"","src":"https:\/\/i0.wp.com\/elbauldelupe.com\/wp-content\/uploads\/2024\/02\/Imagen-de-WhatsApp-2024-02-04-a-las-16.05.30_d1a16c79.jpg?fit=800%2C800&ssl=1&resize=350%2C200","width":350,"height":200,"srcset":"https:\/\/i0.wp.com\/elbauldelupe.com\/wp-content\/uploads\/2024\/02\/Imagen-de-WhatsApp-2024-02-04-a-las-16.05.30_d1a16c79.jpg?fit=800%2C800&ssl=1&resize=350%2C200 1x, https:\/\/i0.wp.com\/elbauldelupe.com\/wp-content\/uploads\/2024\/02\/Imagen-de-WhatsApp-2024-02-04-a-las-16.05.30_d1a16c79.jpg?fit=800%2C800&ssl=1&resize=525%2C300 1.5x, https:\/\/i0.wp.com\/elbauldelupe.com\/wp-content\/uploads\/2024\/02\/Imagen-de-WhatsApp-2024-02-04-a-las-16.05.30_d1a16c79.jpg?fit=800%2C800&ssl=1&resize=700%2C400 2x"},"classes":[]},{"id":3467,"url":"https:\/\/elbauldelupe.com\/?product=set-maria-paz","url_meta":{"origin":3436,"position":1},"title":"SET MARIA PAZ","author":"admin","date":"02\/01\/2024","format":false,"excerpt":"Hermoso set blanco elaborado en algod\u00f3n tiene mameluco interno y una hermosa tela de encaje floral en la parte superior. Incluye gorro espa\u00f1ol este set es ideal para bautizo o alguna otra ocasi\u00f3n especial donde tu bebe lucir\u00e1 c\u00f3moda y bella","rel":"","context":"Entrada similar","block_context":{"text":"Entrada similar","link":""},"img":{"alt_text":"","src":"https:\/\/i0.wp.com\/elbauldelupe.com\/wp-content\/uploads\/2024\/01\/photoroom_20260213_180738.png?fit=1024%2C1024&ssl=1&resize=350%2C200","width":350,"height":200,"srcset":"https:\/\/i0.wp.com\/elbauldelupe.com\/wp-content\/uploads\/2024\/01\/photoroom_20260213_180738.png?fit=1024%2C1024&ssl=1&resize=350%2C200 1x, https:\/\/i0.wp.com\/elbauldelupe.com\/wp-content\/uploads\/2024\/01\/photoroom_20260213_180738.png?fit=1024%2C1024&ssl=1&resize=525%2C300 1.5x, https:\/\/i0.wp.com\/elbauldelupe.com\/wp-content\/uploads\/2024\/01\/photoroom_20260213_180738.png?fit=1024%2C1024&ssl=1&resize=700%2C400 2x"},"classes":[]},{"id":6835,"url":"https:\/\/elbauldelupe.com\/?product=set-noche-buena","url_meta":{"origin":3436,"position":2},"title":"SET TINA","author":"admin","date":"29\/09\/2024","format":false,"excerpt":"Hermoso set de medias con diadema ideal para completar el outfit navide\u00f1o de tu princesa","rel":"","context":"Entrada similar","block_context":{"text":"Entrada similar","link":""},"img":{"alt_text":"","src":"https:\/\/i0.wp.com\/elbauldelupe.com\/wp-content\/uploads\/2024\/09\/img_3792.jpeg?fit=1024%2C1024&ssl=1&resize=350%2C200","width":350,"height":200,"srcset":"https:\/\/i0.wp.com\/elbauldelupe.com\/wp-content\/uploads\/2024\/09\/img_3792.jpeg?fit=1024%2C1024&ssl=1&resize=350%2C200 1x, https:\/\/i0.wp.com\/elbauldelupe.com\/wp-content\/uploads\/2024\/09\/img_3792.jpeg?fit=1024%2C1024&ssl=1&resize=525%2C300 1.5x, https:\/\/i0.wp.com\/elbauldelupe.com\/wp-content\/uploads\/2024\/09\/img_3792.jpeg?fit=1024%2C1024&ssl=1&resize=700%2C400 2x"},"classes":[]},{"id":5595,"url":"https:\/\/elbauldelupe.com\/?product=set-oliver","url_meta":{"origin":3436,"position":3},"title":"SET OLIVER","author":"admin","date":"25\/05\/2024","format":false,"excerpt":"Un hermoso set ideal para ocasiones este set est\u00e1 elaborado en tela algod\u00f3n incluye mameluco con corbat\u00edn y shorts con tirantes","rel":"","context":"Entrada similar","block_context":{"text":"Entrada similar","link":""},"img":{"alt_text":"","src":"https:\/\/i0.wp.com\/elbauldelupe.com\/wp-content\/uploads\/2024\/05\/photoroom_20260219_143712.jpeg?fit=1080%2C1080&ssl=1&resize=350%2C200","width":350,"height":200,"srcset":"https:\/\/i0.wp.com\/elbauldelupe.com\/wp-content\/uploads\/2024\/05\/photoroom_20260219_143712.jpeg?fit=1080%2C1080&ssl=1&resize=350%2C200 1x, https:\/\/i0.wp.com\/elbauldelupe.com\/wp-content\/uploads\/2024\/05\/photoroom_20260219_143712.jpeg?fit=1080%2C1080&ssl=1&resize=525%2C300 1.5x, https:\/\/i0.wp.com\/elbauldelupe.com\/wp-content\/uploads\/2024\/05\/photoroom_20260219_143712.jpeg?fit=1080%2C1080&ssl=1&resize=700%2C400 2x, https:\/\/i0.wp.com\/elbauldelupe.com\/wp-content\/uploads\/2024\/05\/photoroom_20260219_143712.jpeg?fit=1080%2C1080&ssl=1&resize=1050%2C600 3x"},"classes":[]},{"id":3920,"url":"https:\/\/elbauldelupe.com\/?product=set-luka","url_meta":{"origin":3436,"position":4},"title":"SET LUKA","author":"admin","date":"05\/02\/2024","format":false,"excerpt":"Set acanalado de 2 piezas es c\u00f3modo y hermoso","rel":"","context":"Entrada similar","block_context":{"text":"Entrada similar","link":""},"img":{"alt_text":"","src":"https:\/\/i0.wp.com\/elbauldelupe.com\/wp-content\/uploads\/2024\/02\/img_0307.jpeg?fit=1024%2C1024&ssl=1&resize=350%2C200","width":350,"height":200,"srcset":"https:\/\/i0.wp.com\/elbauldelupe.com\/wp-content\/uploads\/2024\/02\/img_0307.jpeg?fit=1024%2C1024&ssl=1&resize=350%2C200 1x, https:\/\/i0.wp.com\/elbauldelupe.com\/wp-content\/uploads\/2024\/02\/img_0307.jpeg?fit=1024%2C1024&ssl=1&resize=525%2C300 1.5x, https:\/\/i0.wp.com\/elbauldelupe.com\/wp-content\/uploads\/2024\/02\/img_0307.jpeg?fit=1024%2C1024&ssl=1&resize=700%2C400 2x"},"classes":[]},{"id":5936,"url":"https:\/\/elbauldelupe.com\/?product=set-zamara","url_meta":{"origin":3436,"position":5},"title":"SET ZAMARA","author":"admin","date":"22\/06\/2024","format":false,"excerpt":"Set de 3 piezas elaborado en algod\u00f3n d\u00f3nde tu beb\u00e9 estar\u00e1 c\u00f3moda y hermosa","rel":"","context":"Entrada similar","block_context":{"text":"Entrada similar","link":""},"img":{"alt_text":"","src":"https:\/\/i0.wp.com\/elbauldelupe.com\/wp-content\/uploads\/2024\/06\/photoroom_20260318_220815.jpeg?fit=960%2C1200&ssl=1&resize=350%2C200","width":350,"height":200,"srcset":"https:\/\/i0.wp.com\/elbauldelupe.com\/wp-content\/uploads\/2024\/06\/photoroom_20260318_220815.jpeg?fit=960%2C1200&ssl=1&resize=350%2C200 1x, https:\/\/i0.wp.com\/elbauldelupe.com\/wp-content\/uploads\/2024\/06\/photoroom_20260318_220815.jpeg?fit=960%2C1200&ssl=1&resize=525%2C300 1.5x, https:\/\/i0.wp.com\/elbauldelupe.com\/wp-content\/uploads\/2024\/06\/photoroom_20260318_220815.jpeg?fit=960%2C1200&ssl=1&resize=700%2C400 2x"},"classes":[]}],"_links":{"self":[{"href":"https:\/\/elbauldelupe.com\/index.php?rest_route=\/wp\/v2\/product\/3436","targetHints":{"allow":["GET"]}}],"collection":[{"href":"https:\/\/elbauldelupe.com\/index.php?rest_route=\/wp\/v2\/product"}],"about":[{"href":"https:\/\/elbauldelupe.com\/index.php?rest_route=\/wp\/v2\/types\/product"}],"replies":[{"embeddable":true,"href":"https:\/\/elbauldelupe.com\/index.php?rest_route=%2Fwp%2Fv2%2Fcomments&post=3436"}],"wp:featuredmedia":[{"embeddable":true,"href":"https:\/\/elbauldelupe.com\/index.php?rest_route=\/wp\/v2\/media\/8561"}],"wp:attachment":[{"href":"https:\/\/elbauldelupe.com\/index.php?rest_route=%2Fwp%2Fv2%2Fmedia&parent=3436"}],"wp:term":[{"taxonomy":"product_brand","embeddable":true,"href":"https:\/\/elbauldelupe.com\/index.php?rest_route=%2Fwp%2Fv2%2Fproduct_brand&post=3436"},{"taxonomy":"product_cat","embeddable":true,"href":"https:\/\/elbauldelupe.com\/index.php?rest_route=%2Fwp%2Fv2%2Fproduct_cat&post=3436"},{"taxonomy":"product_tag","embeddable":true,"href":"https:\/\/elbauldelupe.com\/index.php?rest_route=%2Fwp%2Fv2%2Fproduct_tag&post=3436"}],"curies":[{"name":"wp","href":"https:\/\/api.w.org\/{rel}","templated":true}]}}