{"id":3170,"date":"2023-11-17T18:40:32","date_gmt":"2023-11-17T23:40:32","guid":{"rendered":"https:\/\/elbauldelupe.com\/?post_type=product&#038;p=3170"},"modified":"2026-01-16T20:07:38","modified_gmt":"2026-01-17T01:07:38","slug":"diadema-velo-cristal","status":"publish","type":"product","link":"https:\/\/elbauldelupe.com\/?product=diadema-velo-cristal","title":{"rendered":"DIADEMA VELO CRISTAL"},"content":{"rendered":"","protected":false},"excerpt":{"rendered":"<p>Hermosa y c\u00f3moda diadema elaborada con unas perlas hermosas que le a\u00f1aden un toque m\u00e1gico a este accesorio<\/p>\n","protected":false},"featured_media":9845,"comment_status":"open","ping_status":"closed","template":"","meta":{"site-sidebar-layout":"default","site-content-layout":"","ast-site-content-layout":"default","site-content-style":"default","site-sidebar-style":"default","ast-global-header-display":"","ast-banner-title-visibility":"","ast-main-header-display":"","ast-hfb-above-header-display":"","ast-hfb-below-header-display":"","ast-hfb-mobile-header-display":"","site-post-title":"","ast-breadcrumbs-content":"","ast-featured-img":"","footer-sml-layout":"","ast-disable-related-posts":"","theme-transparent-header-meta":"default","adv-header-id-meta":"","stick-header-meta":"","header-above-stick-meta":"","header-main-stick-meta":"","header-below-stick-meta":"","astra-migrate-meta-layouts":"set","ast-page-background-enabled":"default","ast-page-background-meta":{"desktop":{"background-color":"var(--ast-global-color-4)","background-image":"","background-repeat":"repeat","background-position":"center center","background-size":"auto","background-attachment":"scroll","background-type":"","background-media":"","overlay-type":"","overlay-color":"","overlay-opacity":"","overlay-gradient":""},"tablet":{"background-color":"","background-image":"","background-repeat":"repeat","background-position":"center center","background-size":"auto","background-attachment":"scroll","background-type":"","background-media":"","overlay-type":"","overlay-color":"","overlay-opacity":"","overlay-gradient":""},"mobile":{"background-color":"","background-image":"","background-repeat":"repeat","background-position":"center center","background-size":"auto","background-attachment":"scroll","background-type":"","background-media":"","overlay-type":"","overlay-color":"","overlay-opacity":"","overlay-gradient":""}},"ast-content-background-meta":{"desktop":{"background-color":"var(--ast-global-color-5)","background-image":"","background-repeat":"repeat","background-position":"center center","background-size":"auto","background-attachment":"scroll","background-type":"","background-media":"","overlay-type":"","overlay-color":"","overlay-opacity":"","overlay-gradient":""},"tablet":{"background-color":"var(--ast-global-color-5)","background-image":"","background-repeat":"repeat","background-position":"center center","background-size":"auto","background-attachment":"scroll","background-type":"","background-media":"","overlay-type":"","overlay-color":"","overlay-opacity":"","overlay-gradient":""},"mobile":{"background-color":"var(--ast-global-color-5)","background-image":"","background-repeat":"repeat","background-position":"center center","background-size":"auto","background-attachment":"scroll","background-type":"","background-media":"","overlay-type":"","overlay-color":"","overlay-opacity":"","overlay-gradient":""}}},"product_brand":[],"product_cat":[70,96,84,15,44,43,62],"product_tag":[],"class_list":{"0":"post-3170","1":"product","2":"type-product","3":"status-publish","4":"has-post-thumbnail","6":"product_cat-accesorios","7":"product_cat-bautizo-2","8":"product_cat-bautizo","9":"product_cat-uncategorized","10":"product_cat-bebe-nina","11":"product_cat-nueva-coleccion","12":"product_cat-todos-los-articulos","13":"desktop-align-left","14":"tablet-align-left","15":"mobile-align-left","17":"first","18":"instock","19":"taxable","20":"shipping-taxable","21":"purchasable","22":"product-type-simple"},"jetpack-related-posts":[{"id":11995,"url":"https:\/\/elbauldelupe.com\/?product=diadema-celeste","url_meta":{"origin":3170,"position":0},"title":"DIADEMA CELESTE","author":"admin","date":"19\/02\/2026","format":false,"excerpt":"Delicada diadema para beb\u00e9 elaborada en encaje suave con detalles de flores y perlas, perfecta para complementar outfits de bautizo u ocasiones especiales. Un accesorio tierno y elegante que aporta un toque angelical.","rel":"","context":"Entrada similar","block_context":{"text":"Entrada similar","link":""},"img":{"alt_text":"","src":"https:\/\/i0.wp.com\/elbauldelupe.com\/wp-content\/uploads\/2026\/02\/img_3710-1.jpeg?fit=1046%2C970&ssl=1&resize=350%2C200","width":350,"height":200,"srcset":"https:\/\/i0.wp.com\/elbauldelupe.com\/wp-content\/uploads\/2026\/02\/img_3710-1.jpeg?fit=1046%2C970&ssl=1&resize=350%2C200 1x, https:\/\/i0.wp.com\/elbauldelupe.com\/wp-content\/uploads\/2026\/02\/img_3710-1.jpeg?fit=1046%2C970&ssl=1&resize=525%2C300 1.5x, https:\/\/i0.wp.com\/elbauldelupe.com\/wp-content\/uploads\/2026\/02\/img_3710-1.jpeg?fit=1046%2C970&ssl=1&resize=700%2C400 2x"},"classes":[]},{"id":4750,"url":"https:\/\/elbauldelupe.com\/?product=diadema-livia","url_meta":{"origin":3170,"position":1},"title":"DIADEMA LIVIA","author":"admin","date":"14\/03\/2024","format":false,"excerpt":"Diadema de mo\u00f1o en crochet elaborada con una banda muy suave y c\u00f3moda donde tu bebe lucir\u00e1 c\u00f3moda y hermosa","rel":"","context":"Entrada similar","block_context":{"text":"Entrada similar","link":""},"img":{"alt_text":"","src":"https:\/\/i0.wp.com\/elbauldelupe.com\/wp-content\/uploads\/2024\/03\/Imagen-de-WhatsApp-2024-03-14-a-las-13.57.09_71b8549e.jpg?fit=800%2C800&ssl=1&resize=350%2C200","width":350,"height":200,"srcset":"https:\/\/i0.wp.com\/elbauldelupe.com\/wp-content\/uploads\/2024\/03\/Imagen-de-WhatsApp-2024-03-14-a-las-13.57.09_71b8549e.jpg?fit=800%2C800&ssl=1&resize=350%2C200 1x, https:\/\/i0.wp.com\/elbauldelupe.com\/wp-content\/uploads\/2024\/03\/Imagen-de-WhatsApp-2024-03-14-a-las-13.57.09_71b8549e.jpg?fit=800%2C800&ssl=1&resize=525%2C300 1.5x, https:\/\/i0.wp.com\/elbauldelupe.com\/wp-content\/uploads\/2024\/03\/Imagen-de-WhatsApp-2024-03-14-a-las-13.57.09_71b8549e.jpg?fit=800%2C800&ssl=1&resize=700%2C400 2x"},"classes":[]},{"id":3168,"url":"https:\/\/elbauldelupe.com\/?product=diadema-encaje-beige","url_meta":{"origin":3170,"position":2},"title":"DIADEMA ENCAJE BEIGE","author":"admin","date":"17\/11\/2023","format":false,"excerpt":"Hermosa diadema ideal\u00a0 para que ocasiones\u00a0 especiales es flexible y c\u00f3moda elaborada en elastano","rel":"","context":"Entrada similar","block_context":{"text":"Entrada similar","link":""},"img":{"alt_text":"","src":"https:\/\/i0.wp.com\/elbauldelupe.com\/wp-content\/uploads\/2023\/11\/img_5219.jpeg?fit=900%2C1200&ssl=1&resize=350%2C200","width":350,"height":200,"srcset":"https:\/\/i0.wp.com\/elbauldelupe.com\/wp-content\/uploads\/2023\/11\/img_5219.jpeg?fit=900%2C1200&ssl=1&resize=350%2C200 1x, https:\/\/i0.wp.com\/elbauldelupe.com\/wp-content\/uploads\/2023\/11\/img_5219.jpeg?fit=900%2C1200&ssl=1&resize=525%2C300 1.5x, https:\/\/i0.wp.com\/elbauldelupe.com\/wp-content\/uploads\/2023\/11\/img_5219.jpeg?fit=900%2C1200&ssl=1&resize=700%2C400 2x"},"classes":[]},{"id":1862,"url":"https:\/\/elbauldelupe.com\/?product=diadema-laurent","url_meta":{"origin":3170,"position":3},"title":"DIADEMA LAURENT","author":"admin","date":"15\/09\/2023","format":false,"excerpt":"Hermosa diadema perfecta para combinar con todos los outfits de tu bebe elaborada 100%\u00a0 elastano es suave y c\u00f3moda no aprieta la cabezita de tu bebita","rel":"","context":"Entrada similar","block_context":{"text":"Entrada similar","link":""},"img":{"alt_text":"","src":"https:\/\/i0.wp.com\/elbauldelupe.com\/wp-content\/uploads\/2023\/09\/Imagen-de-WhatsApp-2023-09-15-a-las-17.03.01.jpg?fit=736%2C736&ssl=1&resize=350%2C200","width":350,"height":200,"srcset":"https:\/\/i0.wp.com\/elbauldelupe.com\/wp-content\/uploads\/2023\/09\/Imagen-de-WhatsApp-2023-09-15-a-las-17.03.01.jpg?fit=736%2C736&ssl=1&resize=350%2C200 1x, https:\/\/i0.wp.com\/elbauldelupe.com\/wp-content\/uploads\/2023\/09\/Imagen-de-WhatsApp-2023-09-15-a-las-17.03.01.jpg?fit=736%2C736&ssl=1&resize=525%2C300 1.5x, https:\/\/i0.wp.com\/elbauldelupe.com\/wp-content\/uploads\/2023\/09\/Imagen-de-WhatsApp-2023-09-15-a-las-17.03.01.jpg?fit=736%2C736&ssl=1&resize=700%2C400 2x"},"classes":[]},{"id":5783,"url":"https:\/\/elbauldelupe.com\/?product=set-de-diademas-x-5-ref-1","url_meta":{"origin":3170,"position":4},"title":"SET DE DIADEMAS LUNA  X 5","author":"admin","date":"11\/06\/2024","format":false,"excerpt":"Set de diademas x unidades perfectas para combinar los outfis de tu beb\u00e9, amar\u00e1s su calidad ya que est\u00e1n elaboradas en material suave y flexible d\u00f3nde tu beb\u00e9 estar\u00e1 c\u00f3moda y hermosa","rel":"","context":"Entrada similar","block_context":{"text":"Entrada similar","link":""},"img":{"alt_text":"","src":"https:\/\/i0.wp.com\/elbauldelupe.com\/wp-content\/uploads\/2024\/06\/img_7645.jpeg?fit=1200%2C1145&ssl=1&resize=350%2C200","width":350,"height":200,"srcset":"https:\/\/i0.wp.com\/elbauldelupe.com\/wp-content\/uploads\/2024\/06\/img_7645.jpeg?fit=1200%2C1145&ssl=1&resize=350%2C200 1x, https:\/\/i0.wp.com\/elbauldelupe.com\/wp-content\/uploads\/2024\/06\/img_7645.jpeg?fit=1200%2C1145&ssl=1&resize=525%2C300 1.5x, https:\/\/i0.wp.com\/elbauldelupe.com\/wp-content\/uploads\/2024\/06\/img_7645.jpeg?fit=1200%2C1145&ssl=1&resize=700%2C400 2x, https:\/\/i0.wp.com\/elbauldelupe.com\/wp-content\/uploads\/2024\/06\/img_7645.jpeg?fit=1200%2C1145&ssl=1&resize=1050%2C600 3x"},"classes":[]},{"id":5787,"url":"https:\/\/elbauldelupe.com\/?product=set-de-diademas-x-5-ref-3","url_meta":{"origin":3170,"position":5},"title":"SET DE DIADEMAS ISABELLA X 5","author":"admin","date":"11\/06\/2024","format":false,"excerpt":"Set de diademas x unidades perfectas para combinar los outfis de tu beb\u00e9 amar\u00e1s su calidad elaboradas en un material suave y flexible d\u00f3nde tu beb\u00e9 va estar c\u00f3moda y hermosa","rel":"","context":"Entrada similar","block_context":{"text":"Entrada similar","link":""},"img":{"alt_text":"","src":"https:\/\/i0.wp.com\/elbauldelupe.com\/wp-content\/uploads\/2024\/06\/img_7649.jpeg?fit=1200%2C1143&ssl=1&resize=350%2C200","width":350,"height":200,"srcset":"https:\/\/i0.wp.com\/elbauldelupe.com\/wp-content\/uploads\/2024\/06\/img_7649.jpeg?fit=1200%2C1143&ssl=1&resize=350%2C200 1x, https:\/\/i0.wp.com\/elbauldelupe.com\/wp-content\/uploads\/2024\/06\/img_7649.jpeg?fit=1200%2C1143&ssl=1&resize=525%2C300 1.5x, https:\/\/i0.wp.com\/elbauldelupe.com\/wp-content\/uploads\/2024\/06\/img_7649.jpeg?fit=1200%2C1143&ssl=1&resize=700%2C400 2x, https:\/\/i0.wp.com\/elbauldelupe.com\/wp-content\/uploads\/2024\/06\/img_7649.jpeg?fit=1200%2C1143&ssl=1&resize=1050%2C600 3x"},"classes":[]}],"_links":{"self":[{"href":"https:\/\/elbauldelupe.com\/index.php?rest_route=\/wp\/v2\/product\/3170","targetHints":{"allow":["GET"]}}],"collection":[{"href":"https:\/\/elbauldelupe.com\/index.php?rest_route=\/wp\/v2\/product"}],"about":[{"href":"https:\/\/elbauldelupe.com\/index.php?rest_route=\/wp\/v2\/types\/product"}],"replies":[{"embeddable":true,"href":"https:\/\/elbauldelupe.com\/index.php?rest_route=%2Fwp%2Fv2%2Fcomments&post=3170"}],"wp:featuredmedia":[{"embeddable":true,"href":"https:\/\/elbauldelupe.com\/index.php?rest_route=\/wp\/v2\/media\/9845"}],"wp:attachment":[{"href":"https:\/\/elbauldelupe.com\/index.php?rest_route=%2Fwp%2Fv2%2Fmedia&parent=3170"}],"wp:term":[{"taxonomy":"product_brand","embeddable":true,"href":"https:\/\/elbauldelupe.com\/index.php?rest_route=%2Fwp%2Fv2%2Fproduct_brand&post=3170"},{"taxonomy":"product_cat","embeddable":true,"href":"https:\/\/elbauldelupe.com\/index.php?rest_route=%2Fwp%2Fv2%2Fproduct_cat&post=3170"},{"taxonomy":"product_tag","embeddable":true,"href":"https:\/\/elbauldelupe.com\/index.php?rest_route=%2Fwp%2Fv2%2Fproduct_tag&post=3170"}],"curies":[{"name":"wp","href":"https:\/\/api.w.org\/{rel}","templated":true}]}}