{"id":2840,"date":"2023-11-05T16:28:53","date_gmt":"2023-11-05T21:28:53","guid":{"rendered":"https:\/\/elbauldelupe.com\/?post_type=product&#038;p=2840"},"modified":"2024-12-09T22:48:07","modified_gmt":"2024-12-10T03:48:07","slug":"mameluco-polo","status":"publish","type":"product","link":"https:\/\/elbauldelupe.com\/?product=mameluco-polo","title":{"rendered":"MAMELUCO POLO"},"content":{"rendered":"","protected":false},"excerpt":{"rendered":"<p>Mameluco tipo polo elaborado en tela algod\u00f3n<\/p>\n","protected":false},"featured_media":2841,"comment_status":"open","ping_status":"closed","template":"","meta":{"site-sidebar-layout":"default","site-content-layout":"","ast-site-content-layout":"default","site-content-style":"default","site-sidebar-style":"default","ast-global-header-display":"","ast-banner-title-visibility":"","ast-main-header-display":"","ast-hfb-above-header-display":"","ast-hfb-below-header-display":"","ast-hfb-mobile-header-display":"","site-post-title":"","ast-breadcrumbs-content":"","ast-featured-img":"","footer-sml-layout":"","ast-disable-related-posts":"","theme-transparent-header-meta":"default","adv-header-id-meta":"","stick-header-meta":"","header-above-stick-meta":"","header-main-stick-meta":"","header-below-stick-meta":"","astra-migrate-meta-layouts":"set","ast-page-background-enabled":"default","ast-page-background-meta":{"desktop":{"background-color":"var(--ast-global-color-4)","background-image":"","background-repeat":"repeat","background-position":"center center","background-size":"auto","background-attachment":"scroll","background-type":"","background-media":"","overlay-type":"","overlay-color":"","overlay-opacity":"","overlay-gradient":""},"tablet":{"background-color":"","background-image":"","background-repeat":"repeat","background-position":"center center","background-size":"auto","background-attachment":"scroll","background-type":"","background-media":"","overlay-type":"","overlay-color":"","overlay-opacity":"","overlay-gradient":""},"mobile":{"background-color":"","background-image":"","background-repeat":"repeat","background-position":"center center","background-size":"auto","background-attachment":"scroll","background-type":"","background-media":"","overlay-type":"","overlay-color":"","overlay-opacity":"","overlay-gradient":""}},"ast-content-background-meta":{"desktop":{"background-color":"var(--ast-global-color-5)","background-image":"","background-repeat":"repeat","background-position":"center center","background-size":"auto","background-attachment":"scroll","background-type":"","background-media":"","overlay-type":"","overlay-color":"","overlay-opacity":"","overlay-gradient":""},"tablet":{"background-color":"var(--ast-global-color-5)","background-image":"","background-repeat":"repeat","background-position":"center center","background-size":"auto","background-attachment":"scroll","background-type":"","background-media":"","overlay-type":"","overlay-color":"","overlay-opacity":"","overlay-gradient":""},"mobile":{"background-color":"var(--ast-global-color-5)","background-image":"","background-repeat":"repeat","background-position":"center center","background-size":"auto","background-attachment":"scroll","background-type":"","background-media":"","overlay-type":"","overlay-color":"","overlay-opacity":"","overlay-gradient":""}}},"product_brand":[],"product_cat":[50,51,45,43,62],"product_tag":[],"class_list":{"0":"post-2840","1":"product","2":"type-product","3":"status-publish","4":"has-post-thumbnail","6":"product_cat-camisas","7":"product_cat-mamelucos-bebe-nino","8":"product_cat-bebe-nino","9":"product_cat-nueva-coleccion","10":"product_cat-todos-los-articulos","11":"desktop-align-left","12":"tablet-align-left","13":"mobile-align-left","15":"first","16":"instock","17":"taxable","18":"shipping-taxable","19":"purchasable","20":"product-type-variable"},"jetpack-related-posts":[{"id":9046,"url":"https:\/\/elbauldelupe.com\/?product=mameluco-polo-teddy","url_meta":{"origin":2840,"position":0},"title":"MAMELUCO POLO TEDDY","author":"admin","date":"23\/09\/2025","format":false,"excerpt":"Cl\u00e1sico y vers\u00e1til, nuestro mameluco polo Teddy est\u00e1 confeccionado en algod\u00f3n suave y transpirable, ideal para mantener a tu beb\u00e9 c\u00f3modo y fresco en cualquier ocasi\u00f3n.","rel":"","context":"Entrada similar","block_context":{"text":"Entrada similar","link":""},"img":{"alt_text":"","src":"https:\/\/i0.wp.com\/elbauldelupe.com\/wp-content\/uploads\/2025\/09\/photoroom_20251021_220021.jpeg?fit=1080%2C1080&ssl=1&resize=350%2C200","width":350,"height":200,"srcset":"https:\/\/i0.wp.com\/elbauldelupe.com\/wp-content\/uploads\/2025\/09\/photoroom_20251021_220021.jpeg?fit=1080%2C1080&ssl=1&resize=350%2C200 1x, https:\/\/i0.wp.com\/elbauldelupe.com\/wp-content\/uploads\/2025\/09\/photoroom_20251021_220021.jpeg?fit=1080%2C1080&ssl=1&resize=525%2C300 1.5x, https:\/\/i0.wp.com\/elbauldelupe.com\/wp-content\/uploads\/2025\/09\/photoroom_20251021_220021.jpeg?fit=1080%2C1080&ssl=1&resize=700%2C400 2x, https:\/\/i0.wp.com\/elbauldelupe.com\/wp-content\/uploads\/2025\/09\/photoroom_20251021_220021.jpeg?fit=1080%2C1080&ssl=1&resize=1050%2C600 3x"},"classes":[]},{"id":4123,"url":"https:\/\/elbauldelupe.com\/?product=mameluco-apolo","url_meta":{"origin":2840,"position":1},"title":"MAMELUCO APOLO","author":"admin","date":"16\/02\/2024","format":false,"excerpt":"Hermoso mameluco elaborado en tela de algod\u00f3n","rel":"","context":"Entrada similar","block_context":{"text":"Entrada similar","link":""},"img":{"alt_text":"","src":"https:\/\/i0.wp.com\/elbauldelupe.com\/wp-content\/uploads\/2024\/02\/img_0222.jpeg?fit=1024%2C1024&ssl=1&resize=350%2C200","width":350,"height":200,"srcset":"https:\/\/i0.wp.com\/elbauldelupe.com\/wp-content\/uploads\/2024\/02\/img_0222.jpeg?fit=1024%2C1024&ssl=1&resize=350%2C200 1x, https:\/\/i0.wp.com\/elbauldelupe.com\/wp-content\/uploads\/2024\/02\/img_0222.jpeg?fit=1024%2C1024&ssl=1&resize=525%2C300 1.5x, https:\/\/i0.wp.com\/elbauldelupe.com\/wp-content\/uploads\/2024\/02\/img_0222.jpeg?fit=1024%2C1024&ssl=1&resize=700%2C400 2x"},"classes":[]},{"id":4648,"url":"https:\/\/elbauldelupe.com\/?product=mameluco-hola","url_meta":{"origin":2840,"position":2},"title":"MAMELUCO HOLA","author":"admin","date":"13\/03\/2024","format":false,"excerpt":"Mameluco unisex elaborado en tela de algod\u00f3n con una hermosa letra en relieve","rel":"","context":"Entrada similar","block_context":{"text":"Entrada similar","link":""},"img":{"alt_text":"","src":"https:\/\/i0.wp.com\/elbauldelupe.com\/wp-content\/uploads\/2024\/03\/Imagen-de-WhatsApp-2024-03-13-a-las-17.44.28_52f5a406.jpg?fit=960%2C960&ssl=1&resize=350%2C200","width":350,"height":200,"srcset":"https:\/\/i0.wp.com\/elbauldelupe.com\/wp-content\/uploads\/2024\/03\/Imagen-de-WhatsApp-2024-03-13-a-las-17.44.28_52f5a406.jpg?fit=960%2C960&ssl=1&resize=350%2C200 1x, https:\/\/i0.wp.com\/elbauldelupe.com\/wp-content\/uploads\/2024\/03\/Imagen-de-WhatsApp-2024-03-13-a-las-17.44.28_52f5a406.jpg?fit=960%2C960&ssl=1&resize=525%2C300 1.5x, https:\/\/i0.wp.com\/elbauldelupe.com\/wp-content\/uploads\/2024\/03\/Imagen-de-WhatsApp-2024-03-13-a-las-17.44.28_52f5a406.jpg?fit=960%2C960&ssl=1&resize=700%2C400 2x"},"classes":[]},{"id":3955,"url":"https:\/\/elbauldelupe.com\/?product=mameluco-artic","url_meta":{"origin":2840,"position":3},"title":"MAMELUCO ARTIC","author":"admin","date":"16\/02\/2024","format":false,"excerpt":"Mameluco unisex elaborado en tela de algod\u00f3n con una hermosa letra en relieve","rel":"","context":"Entrada similar","block_context":{"text":"Entrada similar","link":""},"img":{"alt_text":"","src":"https:\/\/i0.wp.com\/elbauldelupe.com\/wp-content\/uploads\/2024\/02\/img_9665.png?fit=1024%2C1024&ssl=1&resize=350%2C200","width":350,"height":200,"srcset":"https:\/\/i0.wp.com\/elbauldelupe.com\/wp-content\/uploads\/2024\/02\/img_9665.png?fit=1024%2C1024&ssl=1&resize=350%2C200 1x, https:\/\/i0.wp.com\/elbauldelupe.com\/wp-content\/uploads\/2024\/02\/img_9665.png?fit=1024%2C1024&ssl=1&resize=525%2C300 1.5x, https:\/\/i0.wp.com\/elbauldelupe.com\/wp-content\/uploads\/2024\/02\/img_9665.png?fit=1024%2C1024&ssl=1&resize=700%2C400 2x"},"classes":[]},{"id":3898,"url":"https:\/\/elbauldelupe.com\/?product=mameluco-ivanna","url_meta":{"origin":2840,"position":4},"title":"MAMELUCO IVANNA","author":"admin","date":"05\/02\/2024","format":false,"excerpt":"Elaborado en tela\u00a0 algod\u00f3n incluye\u00a0 diadema a juego, es la elecci\u00f3n perfecta para mantener a tu beb\u00e9 fresca y c\u00f3moda en d\u00edas calurosos. La suave y transpirable tela de algod\u00f3n permite que la piel de tu beb\u00e9 respire y se sienta fresca en climas c\u00e1lidos,","rel":"","context":"Entrada similar","block_context":{"text":"Entrada similar","link":""},"img":{"alt_text":"","src":"https:\/\/i0.wp.com\/elbauldelupe.com\/wp-content\/uploads\/2024\/02\/img_6409.jpeg?fit=1024%2C1024&ssl=1&resize=350%2C200","width":350,"height":200,"srcset":"https:\/\/i0.wp.com\/elbauldelupe.com\/wp-content\/uploads\/2024\/02\/img_6409.jpeg?fit=1024%2C1024&ssl=1&resize=350%2C200 1x, https:\/\/i0.wp.com\/elbauldelupe.com\/wp-content\/uploads\/2024\/02\/img_6409.jpeg?fit=1024%2C1024&ssl=1&resize=525%2C300 1.5x, https:\/\/i0.wp.com\/elbauldelupe.com\/wp-content\/uploads\/2024\/02\/img_6409.jpeg?fit=1024%2C1024&ssl=1&resize=700%2C400 2x"},"classes":[]},{"id":5427,"url":"https:\/\/elbauldelupe.com\/?product=mameluco-brastom","url_meta":{"origin":2840,"position":5},"title":"MAMELUCO BRASTOM","author":"admin","date":"22\/05\/2024","format":false,"excerpt":"Mameluco con dise\u00f1o de rallas y estampado de oso elaborado en tela de algod\u00f3n con botones para facilitar su cambio de pa\u00f1al","rel":"","context":"Entrada similar","block_context":{"text":"Entrada similar","link":""},"img":{"alt_text":"","src":"https:\/\/i0.wp.com\/elbauldelupe.com\/wp-content\/uploads\/2024\/05\/img_5584.jpeg?fit=1200%2C1200&ssl=1&resize=350%2C200","width":350,"height":200,"srcset":"https:\/\/i0.wp.com\/elbauldelupe.com\/wp-content\/uploads\/2024\/05\/img_5584.jpeg?fit=1200%2C1200&ssl=1&resize=350%2C200 1x, https:\/\/i0.wp.com\/elbauldelupe.com\/wp-content\/uploads\/2024\/05\/img_5584.jpeg?fit=1200%2C1200&ssl=1&resize=525%2C300 1.5x, https:\/\/i0.wp.com\/elbauldelupe.com\/wp-content\/uploads\/2024\/05\/img_5584.jpeg?fit=1200%2C1200&ssl=1&resize=700%2C400 2x, https:\/\/i0.wp.com\/elbauldelupe.com\/wp-content\/uploads\/2024\/05\/img_5584.jpeg?fit=1200%2C1200&ssl=1&resize=1050%2C600 3x"},"classes":[]}],"_links":{"self":[{"href":"https:\/\/elbauldelupe.com\/index.php?rest_route=\/wp\/v2\/product\/2840","targetHints":{"allow":["GET"]}}],"collection":[{"href":"https:\/\/elbauldelupe.com\/index.php?rest_route=\/wp\/v2\/product"}],"about":[{"href":"https:\/\/elbauldelupe.com\/index.php?rest_route=\/wp\/v2\/types\/product"}],"replies":[{"embeddable":true,"href":"https:\/\/elbauldelupe.com\/index.php?rest_route=%2Fwp%2Fv2%2Fcomments&post=2840"}],"wp:featuredmedia":[{"embeddable":true,"href":"https:\/\/elbauldelupe.com\/index.php?rest_route=\/wp\/v2\/media\/2841"}],"wp:attachment":[{"href":"https:\/\/elbauldelupe.com\/index.php?rest_route=%2Fwp%2Fv2%2Fmedia&parent=2840"}],"wp:term":[{"taxonomy":"product_brand","embeddable":true,"href":"https:\/\/elbauldelupe.com\/index.php?rest_route=%2Fwp%2Fv2%2Fproduct_brand&post=2840"},{"taxonomy":"product_cat","embeddable":true,"href":"https:\/\/elbauldelupe.com\/index.php?rest_route=%2Fwp%2Fv2%2Fproduct_cat&post=2840"},{"taxonomy":"product_tag","embeddable":true,"href":"https:\/\/elbauldelupe.com\/index.php?rest_route=%2Fwp%2Fv2%2Fproduct_tag&post=2840"}],"curies":[{"name":"wp","href":"https:\/\/api.w.org\/{rel}","templated":true}]}}