{"id":2370,"date":"2023-10-04T21:04:46","date_gmt":"2023-10-05T02:04:46","guid":{"rendered":"https:\/\/elbauldelupe.com\/?post_type=product&#038;p=2370"},"modified":"2026-02-17T22:56:03","modified_gmt":"2026-02-18T03:56:03","slug":"mameluco-arena","status":"publish","type":"product","link":"https:\/\/elbauldelupe.com\/?product=mameluco-arena","title":{"rendered":"MAMELUCO ARENA"},"content":{"rendered":"","protected":false},"excerpt":{"rendered":"<p>Elaborado en tejido de punto es c\u00f3modo hermoso ideal\u00a0 para completar un hermoso outfit<\/p>\n","protected":false},"featured_media":9732,"comment_status":"open","ping_status":"closed","template":"","meta":{"site-sidebar-layout":"default","site-content-layout":"","ast-site-content-layout":"default","site-content-style":"default","site-sidebar-style":"default","ast-global-header-display":"","ast-banner-title-visibility":"","ast-main-header-display":"","ast-hfb-above-header-display":"","ast-hfb-below-header-display":"","ast-hfb-mobile-header-display":"","site-post-title":"","ast-breadcrumbs-content":"","ast-featured-img":"","footer-sml-layout":"","ast-disable-related-posts":"","theme-transparent-header-meta":"default","adv-header-id-meta":"","stick-header-meta":"","header-above-stick-meta":"","header-main-stick-meta":"","header-below-stick-meta":"","astra-migrate-meta-layouts":"set","ast-page-background-enabled":"default","ast-page-background-meta":{"desktop":{"background-color":"var(--ast-global-color-4)","background-image":"","background-repeat":"repeat","background-position":"center center","background-size":"auto","background-attachment":"scroll","background-type":"","background-media":"","overlay-type":"","overlay-color":"","overlay-opacity":"","overlay-gradient":""},"tablet":{"background-color":"","background-image":"","background-repeat":"repeat","background-position":"center center","background-size":"auto","background-attachment":"scroll","background-type":"","background-media":"","overlay-type":"","overlay-color":"","overlay-opacity":"","overlay-gradient":""},"mobile":{"background-color":"","background-image":"","background-repeat":"repeat","background-position":"center center","background-size":"auto","background-attachment":"scroll","background-type":"","background-media":"","overlay-type":"","overlay-color":"","overlay-opacity":"","overlay-gradient":""}},"ast-content-background-meta":{"desktop":{"background-color":"var(--ast-global-color-5)","background-image":"","background-repeat":"repeat","background-position":"center center","background-size":"auto","background-attachment":"scroll","background-type":"","background-media":"","overlay-type":"","overlay-color":"","overlay-opacity":"","overlay-gradient":""},"tablet":{"background-color":"var(--ast-global-color-5)","background-image":"","background-repeat":"repeat","background-position":"center center","background-size":"auto","background-attachment":"scroll","background-type":"","background-media":"","overlay-type":"","overlay-color":"","overlay-opacity":"","overlay-gradient":""},"mobile":{"background-color":"var(--ast-global-color-5)","background-image":"","background-repeat":"repeat","background-position":"center center","background-size":"auto","background-attachment":"scroll","background-type":"","background-media":"","overlay-type":"","overlay-color":"","overlay-opacity":"","overlay-gradient":""}}},"product_brand":[],"product_cat":[15,46,51,44,45,43,53,62],"product_tag":[],"class_list":{"0":"post-2370","1":"product","2":"type-product","3":"status-publish","4":"has-post-thumbnail","6":"product_cat-uncategorized","7":"product_cat-mamelucos","8":"product_cat-mamelucos-bebe-nino","9":"product_cat-bebe-nina","10":"product_cat-bebe-nino","11":"product_cat-nueva-coleccion","12":"product_cat-overalls-bebe-nino","13":"product_cat-todos-los-articulos","14":"desktop-align-left","15":"tablet-align-left","16":"mobile-align-left","18":"first","19":"instock","20":"taxable","21":"shipping-taxable","22":"purchasable","23":"product-type-variable"},"jetpack-related-posts":[{"id":4507,"url":"https:\/\/elbauldelupe.com\/?product=mameluco-tejido-holly","url_meta":{"origin":2370,"position":0},"title":"MAMELUCO TEJIDO HOLLY","author":"admin","date":"05\/03\/2024","format":false,"excerpt":"Mameluco unisex elaborado en tejido de punto es c\u00f3modo hermoso ideal\u00a0 para completar un hermoso outfit","rel":"","context":"Entrada similar","block_context":{"text":"Entrada similar","link":""},"img":{"alt_text":"","src":"https:\/\/i0.wp.com\/elbauldelupe.com\/wp-content\/uploads\/2024\/03\/photoroom_20260312_220821.jpeg?fit=1080%2C1080&ssl=1&resize=350%2C200","width":350,"height":200,"srcset":"https:\/\/i0.wp.com\/elbauldelupe.com\/wp-content\/uploads\/2024\/03\/photoroom_20260312_220821.jpeg?fit=1080%2C1080&ssl=1&resize=350%2C200 1x, https:\/\/i0.wp.com\/elbauldelupe.com\/wp-content\/uploads\/2024\/03\/photoroom_20260312_220821.jpeg?fit=1080%2C1080&ssl=1&resize=525%2C300 1.5x, https:\/\/i0.wp.com\/elbauldelupe.com\/wp-content\/uploads\/2024\/03\/photoroom_20260312_220821.jpeg?fit=1080%2C1080&ssl=1&resize=700%2C400 2x, https:\/\/i0.wp.com\/elbauldelupe.com\/wp-content\/uploads\/2024\/03\/photoroom_20260312_220821.jpeg?fit=1080%2C1080&ssl=1&resize=1050%2C600 3x"},"classes":[]},{"id":2435,"url":"https:\/\/elbauldelupe.com\/?product=mameluco-basico-botones","url_meta":{"origin":2370,"position":1},"title":"MAMELUCO BASICO BOTONES","author":"admin","date":"06\/10\/2023","format":false,"excerpt":"Mameluco acanalado elaborado en tela algod\u00f3n es hermoso y c\u00f3modo ideal para completar un hermoso outfit","rel":"","context":"Entrada similar","block_context":{"text":"Entrada similar","link":""},"img":{"alt_text":"","src":"https:\/\/i0.wp.com\/elbauldelupe.com\/wp-content\/uploads\/2023\/10\/Imagen-de-WhatsApp-2024-03-05-a-las-14.32.31_aa94ed9f.jpg?fit=960%2C960&ssl=1&resize=350%2C200","width":350,"height":200,"srcset":"https:\/\/i0.wp.com\/elbauldelupe.com\/wp-content\/uploads\/2023\/10\/Imagen-de-WhatsApp-2024-03-05-a-las-14.32.31_aa94ed9f.jpg?fit=960%2C960&ssl=1&resize=350%2C200 1x, https:\/\/i0.wp.com\/elbauldelupe.com\/wp-content\/uploads\/2023\/10\/Imagen-de-WhatsApp-2024-03-05-a-las-14.32.31_aa94ed9f.jpg?fit=960%2C960&ssl=1&resize=525%2C300 1.5x, https:\/\/i0.wp.com\/elbauldelupe.com\/wp-content\/uploads\/2023\/10\/Imagen-de-WhatsApp-2024-03-05-a-las-14.32.31_aa94ed9f.jpg?fit=960%2C960&ssl=1&resize=700%2C400 2x"},"classes":[]},{"id":7284,"url":"https:\/\/elbauldelupe.com\/?product=mameluco-basico-vinotinto","url_meta":{"origin":2370,"position":2},"title":"MAMELUCO B\u00c1SICO VINOTINTO","author":"admin","date":"15\/10\/2024","format":false,"excerpt":"Mameluco acanalado elaborado en algod\u00f3n es c\u00f3modo ideal para completar un hermoso outfit navide\u00f1o","rel":"","context":"Entrada similar","block_context":{"text":"Entrada similar","link":""},"img":{"alt_text":"","src":"https:\/\/i0.wp.com\/elbauldelupe.com\/wp-content\/uploads\/2024\/10\/img_3505.jpeg?fit=1024%2C1024&ssl=1&resize=350%2C200","width":350,"height":200,"srcset":"https:\/\/i0.wp.com\/elbauldelupe.com\/wp-content\/uploads\/2024\/10\/img_3505.jpeg?fit=1024%2C1024&ssl=1&resize=350%2C200 1x, https:\/\/i0.wp.com\/elbauldelupe.com\/wp-content\/uploads\/2024\/10\/img_3505.jpeg?fit=1024%2C1024&ssl=1&resize=525%2C300 1.5x, https:\/\/i0.wp.com\/elbauldelupe.com\/wp-content\/uploads\/2024\/10\/img_3505.jpeg?fit=1024%2C1024&ssl=1&resize=700%2C400 2x"},"classes":[]},{"id":7341,"url":"https:\/\/elbauldelupe.com\/?product=sueter-nieve","url_meta":{"origin":2370,"position":3},"title":"SU\u00c9TER BEIGE CLARO","author":"admin","date":"18\/10\/2024","format":false,"excerpt":"Hermoso su\u00e9ter beige elaborado en tejido de punto ideal para completar un hermoso outfit navide\u00f1o","rel":"","context":"Entrada similar","block_context":{"text":"Entrada similar","link":""},"img":{"alt_text":"","src":"https:\/\/i0.wp.com\/elbauldelupe.com\/wp-content\/uploads\/2024\/10\/img_7290.jpeg?fit=1144%2C1044&ssl=1&resize=350%2C200","width":350,"height":200,"srcset":"https:\/\/i0.wp.com\/elbauldelupe.com\/wp-content\/uploads\/2024\/10\/img_7290.jpeg?fit=1144%2C1044&ssl=1&resize=350%2C200 1x, https:\/\/i0.wp.com\/elbauldelupe.com\/wp-content\/uploads\/2024\/10\/img_7290.jpeg?fit=1144%2C1044&ssl=1&resize=525%2C300 1.5x, https:\/\/i0.wp.com\/elbauldelupe.com\/wp-content\/uploads\/2024\/10\/img_7290.jpeg?fit=1144%2C1044&ssl=1&resize=700%2C400 2x, https:\/\/i0.wp.com\/elbauldelupe.com\/wp-content\/uploads\/2024\/10\/img_7290.jpeg?fit=1144%2C1044&ssl=1&resize=1050%2C600 3x"},"classes":[]},{"id":5896,"url":"https:\/\/elbauldelupe.com\/?product=mameluco-wafle","url_meta":{"origin":2370,"position":4},"title":"MAMELUCO TOMMY","author":"admin","date":"22\/06\/2024","format":false,"excerpt":"Mameluco elaborado en algod\u00f3n con cuello redondo y botones en la parte superior ideal para completar un hermoso outfit","rel":"","context":"Entrada similar","block_context":{"text":"Entrada similar","link":""},"img":{"alt_text":"","src":"https:\/\/i0.wp.com\/elbauldelupe.com\/wp-content\/uploads\/2024\/07\/img_0588.jpeg?fit=800%2C800&ssl=1&resize=350%2C200","width":350,"height":200,"srcset":"https:\/\/i0.wp.com\/elbauldelupe.com\/wp-content\/uploads\/2024\/07\/img_0588.jpeg?fit=800%2C800&ssl=1&resize=350%2C200 1x, https:\/\/i0.wp.com\/elbauldelupe.com\/wp-content\/uploads\/2024\/07\/img_0588.jpeg?fit=800%2C800&ssl=1&resize=525%2C300 1.5x, https:\/\/i0.wp.com\/elbauldelupe.com\/wp-content\/uploads\/2024\/07\/img_0588.jpeg?fit=800%2C800&ssl=1&resize=700%2C400 2x"},"classes":[]},{"id":2153,"url":"https:\/\/elbauldelupe.com\/?product=mameluco-basico-manag-larga","url_meta":{"origin":2370,"position":5},"title":"MAMELUCO BASICO MANGA LARGA","author":"admin","date":"22\/09\/2023","format":false,"excerpt":"Mameluco elaborado en algod\u00f3n c\u00f3modo hermoso excelente opci\u00f3n para armar un hermoso outfit","rel":"","context":"Entrada similar","block_context":{"text":"Entrada similar","link":""},"img":{"alt_text":"","src":"https:\/\/i0.wp.com\/elbauldelupe.com\/wp-content\/uploads\/2023\/09\/Imagen-de-WhatsApp-2024-03-13-a-las-16.35.27_f4d5e281.jpg?fit=960%2C1200&ssl=1&resize=350%2C200","width":350,"height":200,"srcset":"https:\/\/i0.wp.com\/elbauldelupe.com\/wp-content\/uploads\/2023\/09\/Imagen-de-WhatsApp-2024-03-13-a-las-16.35.27_f4d5e281.jpg?fit=960%2C1200&ssl=1&resize=350%2C200 1x, https:\/\/i0.wp.com\/elbauldelupe.com\/wp-content\/uploads\/2023\/09\/Imagen-de-WhatsApp-2024-03-13-a-las-16.35.27_f4d5e281.jpg?fit=960%2C1200&ssl=1&resize=525%2C300 1.5x, https:\/\/i0.wp.com\/elbauldelupe.com\/wp-content\/uploads\/2023\/09\/Imagen-de-WhatsApp-2024-03-13-a-las-16.35.27_f4d5e281.jpg?fit=960%2C1200&ssl=1&resize=700%2C400 2x"},"classes":[]}],"_links":{"self":[{"href":"https:\/\/elbauldelupe.com\/index.php?rest_route=\/wp\/v2\/product\/2370","targetHints":{"allow":["GET"]}}],"collection":[{"href":"https:\/\/elbauldelupe.com\/index.php?rest_route=\/wp\/v2\/product"}],"about":[{"href":"https:\/\/elbauldelupe.com\/index.php?rest_route=\/wp\/v2\/types\/product"}],"replies":[{"embeddable":true,"href":"https:\/\/elbauldelupe.com\/index.php?rest_route=%2Fwp%2Fv2%2Fcomments&post=2370"}],"wp:featuredmedia":[{"embeddable":true,"href":"https:\/\/elbauldelupe.com\/index.php?rest_route=\/wp\/v2\/media\/9732"}],"wp:attachment":[{"href":"https:\/\/elbauldelupe.com\/index.php?rest_route=%2Fwp%2Fv2%2Fmedia&parent=2370"}],"wp:term":[{"taxonomy":"product_brand","embeddable":true,"href":"https:\/\/elbauldelupe.com\/index.php?rest_route=%2Fwp%2Fv2%2Fproduct_brand&post=2370"},{"taxonomy":"product_cat","embeddable":true,"href":"https:\/\/elbauldelupe.com\/index.php?rest_route=%2Fwp%2Fv2%2Fproduct_cat&post=2370"},{"taxonomy":"product_tag","embeddable":true,"href":"https:\/\/elbauldelupe.com\/index.php?rest_route=%2Fwp%2Fv2%2Fproduct_tag&post=2370"}],"curies":[{"name":"wp","href":"https:\/\/api.w.org\/{rel}","templated":true}]}}