{"id":2342,"date":"2023-10-04T21:01:45","date_gmt":"2023-10-05T02:01:45","guid":{"rendered":"https:\/\/elbauldelupe.com\/?post_type=product&#038;p=2342"},"modified":"2026-02-18T17:05:13","modified_gmt":"2026-02-18T22:05:13","slug":"set-chunky","status":"publish","type":"product","link":"https:\/\/elbauldelupe.com\/?product=set-chunky","title":{"rendered":"SET BEAR"},"content":{"rendered":"","protected":false},"excerpt":{"rendered":"<p>Conjunto elaborado en tela poli\u00e9ster en una tela\u00a0 fresca suave y c\u00f3moda<\/p>\n","protected":false},"featured_media":9727,"comment_status":"open","ping_status":"closed","template":"","meta":{"site-sidebar-layout":"default","site-content-layout":"","ast-site-content-layout":"default","site-content-style":"default","site-sidebar-style":"default","ast-global-header-display":"","ast-banner-title-visibility":"","ast-main-header-display":"","ast-hfb-above-header-display":"","ast-hfb-below-header-display":"","ast-hfb-mobile-header-display":"","site-post-title":"","ast-breadcrumbs-content":"","ast-featured-img":"","footer-sml-layout":"","ast-disable-related-posts":"","theme-transparent-header-meta":"default","adv-header-id-meta":"","stick-header-meta":"","header-above-stick-meta":"","header-main-stick-meta":"","header-below-stick-meta":"","astra-migrate-meta-layouts":"set","ast-page-background-enabled":"default","ast-page-background-meta":{"desktop":{"background-color":"var(--ast-global-color-4)","background-image":"","background-repeat":"repeat","background-position":"center center","background-size":"auto","background-attachment":"scroll","background-type":"","background-media":"","overlay-type":"","overlay-color":"","overlay-opacity":"","overlay-gradient":""},"tablet":{"background-color":"","background-image":"","background-repeat":"repeat","background-position":"center center","background-size":"auto","background-attachment":"scroll","background-type":"","background-media":"","overlay-type":"","overlay-color":"","overlay-opacity":"","overlay-gradient":""},"mobile":{"background-color":"","background-image":"","background-repeat":"repeat","background-position":"center center","background-size":"auto","background-attachment":"scroll","background-type":"","background-media":"","overlay-type":"","overlay-color":"","overlay-opacity":"","overlay-gradient":""}},"ast-content-background-meta":{"desktop":{"background-color":"var(--ast-global-color-5)","background-image":"","background-repeat":"repeat","background-position":"center center","background-size":"auto","background-attachment":"scroll","background-type":"","background-media":"","overlay-type":"","overlay-color":"","overlay-opacity":"","overlay-gradient":""},"tablet":{"background-color":"var(--ast-global-color-5)","background-image":"","background-repeat":"repeat","background-position":"center center","background-size":"auto","background-attachment":"scroll","background-type":"","background-media":"","overlay-type":"","overlay-color":"","overlay-opacity":"","overlay-gradient":""},"mobile":{"background-color":"var(--ast-global-color-5)","background-image":"","background-repeat":"repeat","background-position":"center center","background-size":"auto","background-attachment":"scroll","background-type":"","background-media":"","overlay-type":"","overlay-color":"","overlay-opacity":"","overlay-gradient":""}}},"product_brand":[],"product_cat":[50,45,43,57,94,62],"product_tag":[],"class_list":{"0":"post-2342","1":"product","2":"type-product","3":"status-publish","4":"has-post-thumbnail","6":"product_cat-camisas","7":"product_cat-bebe-nino","8":"product_cat-nueva-coleccion","9":"product_cat-sets","10":"product_cat-sets-bebe-nino","11":"product_cat-todos-los-articulos","12":"desktop-align-left","13":"tablet-align-left","14":"mobile-align-left","16":"first","17":"instock","18":"taxable","19":"shipping-taxable","20":"purchasable","21":"product-type-variable"},"jetpack-related-posts":[{"id":5042,"url":"https:\/\/elbauldelupe.com\/?product=pijama-bear","url_meta":{"origin":2342,"position":0},"title":"PIJAMA BEAR","author":"admin","date":"03\/04\/2024","format":false,"excerpt":"Hermosa pijama c\u00f3moda fresca elaborada en tela de seda","rel":"","context":"Entrada similar","block_context":{"text":"Entrada similar","link":""},"img":{"alt_text":"","src":"https:\/\/i0.wp.com\/elbauldelupe.com\/wp-content\/uploads\/2024\/04\/Imagen-de-WhatsApp-2024-04-03-a-las-14.33.34_fcbc3dd1.jpg?fit=1200%2C1200&ssl=1&resize=350%2C200","width":350,"height":200,"srcset":"https:\/\/i0.wp.com\/elbauldelupe.com\/wp-content\/uploads\/2024\/04\/Imagen-de-WhatsApp-2024-04-03-a-las-14.33.34_fcbc3dd1.jpg?fit=1200%2C1200&ssl=1&resize=350%2C200 1x, https:\/\/i0.wp.com\/elbauldelupe.com\/wp-content\/uploads\/2024\/04\/Imagen-de-WhatsApp-2024-04-03-a-las-14.33.34_fcbc3dd1.jpg?fit=1200%2C1200&ssl=1&resize=525%2C300 1.5x, https:\/\/i0.wp.com\/elbauldelupe.com\/wp-content\/uploads\/2024\/04\/Imagen-de-WhatsApp-2024-04-03-a-las-14.33.34_fcbc3dd1.jpg?fit=1200%2C1200&ssl=1&resize=700%2C400 2x, https:\/\/i0.wp.com\/elbauldelupe.com\/wp-content\/uploads\/2024\/04\/Imagen-de-WhatsApp-2024-04-03-a-las-14.33.34_fcbc3dd1.jpg?fit=1200%2C1200&ssl=1&resize=1050%2C600 3x"},"classes":[]},{"id":4595,"url":"https:\/\/elbauldelupe.com\/?product=set-jacob","url_meta":{"origin":2342,"position":1},"title":"SET JACOB","author":"admin","date":"13\/03\/2024","format":false,"excerpt":"Un set\u00a0 perfecto para los momentos especiales de tu bebe elaborado en tela de algod\u00f3n en una tela fresca y c\u00f3moda incluye body y shorts con cargaderas","rel":"","context":"Entrada similar","block_context":{"text":"Entrada similar","link":""},"img":{"alt_text":"","src":"https:\/\/i0.wp.com\/elbauldelupe.com\/wp-content\/uploads\/2024\/03\/Imagen-de-WhatsApp-2024-03-13-a-las-12.12.34_73c23864.jpg?fit=800%2C800&ssl=1&resize=350%2C200","width":350,"height":200,"srcset":"https:\/\/i0.wp.com\/elbauldelupe.com\/wp-content\/uploads\/2024\/03\/Imagen-de-WhatsApp-2024-03-13-a-las-12.12.34_73c23864.jpg?fit=800%2C800&ssl=1&resize=350%2C200 1x, https:\/\/i0.wp.com\/elbauldelupe.com\/wp-content\/uploads\/2024\/03\/Imagen-de-WhatsApp-2024-03-13-a-las-12.12.34_73c23864.jpg?fit=800%2C800&ssl=1&resize=525%2C300 1.5x, https:\/\/i0.wp.com\/elbauldelupe.com\/wp-content\/uploads\/2024\/03\/Imagen-de-WhatsApp-2024-03-13-a-las-12.12.34_73c23864.jpg?fit=800%2C800&ssl=1&resize=700%2C400 2x"},"classes":[]},{"id":5958,"url":"https:\/\/elbauldelupe.com\/?product=set-alicent","url_meta":{"origin":2342,"position":2},"title":"SET ALICENT","author":"admin","date":"22\/06\/2024","format":false,"excerpt":"Set de 3 piezas elaborada en una tela fresca en algod\u00f3n tu beb\u00e9 estar\u00e1 c\u00f3moda y preciosa con este set","rel":"","context":"Entrada similar","block_context":{"text":"Entrada similar","link":""},"img":{"alt_text":"","src":"https:\/\/i0.wp.com\/elbauldelupe.com\/wp-content\/uploads\/2024\/06\/photoroom_20260213_150325.jpeg?fit=756%2C1103&ssl=1&resize=350%2C200","width":350,"height":200,"srcset":"https:\/\/i0.wp.com\/elbauldelupe.com\/wp-content\/uploads\/2024\/06\/photoroom_20260213_150325.jpeg?fit=756%2C1103&ssl=1&resize=350%2C200 1x, https:\/\/i0.wp.com\/elbauldelupe.com\/wp-content\/uploads\/2024\/06\/photoroom_20260213_150325.jpeg?fit=756%2C1103&ssl=1&resize=525%2C300 1.5x, https:\/\/i0.wp.com\/elbauldelupe.com\/wp-content\/uploads\/2024\/06\/photoroom_20260213_150325.jpeg?fit=756%2C1103&ssl=1&resize=700%2C400 2x"},"classes":[]},{"id":3898,"url":"https:\/\/elbauldelupe.com\/?product=mameluco-ivanna","url_meta":{"origin":2342,"position":3},"title":"MAMELUCO IVANNA","author":"admin","date":"05\/02\/2024","format":false,"excerpt":"Elaborado en tela\u00a0 algod\u00f3n incluye\u00a0 diadema a juego, es la elecci\u00f3n perfecta para mantener a tu beb\u00e9 fresca y c\u00f3moda en d\u00edas calurosos. La suave y transpirable tela de algod\u00f3n permite que la piel de tu beb\u00e9 respire y se sienta fresca en climas c\u00e1lidos,","rel":"","context":"Entrada similar","block_context":{"text":"Entrada similar","link":""},"img":{"alt_text":"","src":"https:\/\/i0.wp.com\/elbauldelupe.com\/wp-content\/uploads\/2024\/02\/img_6409.jpeg?fit=1024%2C1024&ssl=1&resize=350%2C200","width":350,"height":200,"srcset":"https:\/\/i0.wp.com\/elbauldelupe.com\/wp-content\/uploads\/2024\/02\/img_6409.jpeg?fit=1024%2C1024&ssl=1&resize=350%2C200 1x, https:\/\/i0.wp.com\/elbauldelupe.com\/wp-content\/uploads\/2024\/02\/img_6409.jpeg?fit=1024%2C1024&ssl=1&resize=525%2C300 1.5x, https:\/\/i0.wp.com\/elbauldelupe.com\/wp-content\/uploads\/2024\/02\/img_6409.jpeg?fit=1024%2C1024&ssl=1&resize=700%2C400 2x"},"classes":[]},{"id":849,"url":"https:\/\/elbauldelupe.com\/?product=mameluco-daisy","url_meta":{"origin":2342,"position":4},"title":"MAMELUCO DAISY","author":"admin","date":"09\/09\/2023","format":false,"excerpt":"Mameluco Daisy elaborado en tela ojalillo, un tejido suave y fresco que proporciona comodidad y transpirabilidad. Este hermoso atuendo para beb\u00e9 presenta un dise\u00f1o encantador y vers\u00e1til que har\u00e1 que tu peque\u00f1a luzca simplemente adorable","rel":"","context":"Entrada similar","block_context":{"text":"Entrada similar","link":""},"img":{"alt_text":"","src":"https:\/\/i0.wp.com\/elbauldelupe.com\/wp-content\/uploads\/2023\/09\/photoroom_20260213_204903.jpeg?fit=1080%2C1080&ssl=1&resize=350%2C200","width":350,"height":200,"srcset":"https:\/\/i0.wp.com\/elbauldelupe.com\/wp-content\/uploads\/2023\/09\/photoroom_20260213_204903.jpeg?fit=1080%2C1080&ssl=1&resize=350%2C200 1x, https:\/\/i0.wp.com\/elbauldelupe.com\/wp-content\/uploads\/2023\/09\/photoroom_20260213_204903.jpeg?fit=1080%2C1080&ssl=1&resize=525%2C300 1.5x, https:\/\/i0.wp.com\/elbauldelupe.com\/wp-content\/uploads\/2023\/09\/photoroom_20260213_204903.jpeg?fit=1080%2C1080&ssl=1&resize=700%2C400 2x, https:\/\/i0.wp.com\/elbauldelupe.com\/wp-content\/uploads\/2023\/09\/photoroom_20260213_204903.jpeg?fit=1080%2C1080&ssl=1&resize=1050%2C600 3x"},"classes":[]},{"id":4586,"url":"https:\/\/elbauldelupe.com\/?product=mameluco-butterfly","url_meta":{"origin":2342,"position":5},"title":"MAMELUCO BUTTERFLY","author":"admin","date":"13\/03\/2024","format":false,"excerpt":"\u00a0 Elaborado en tela de algod\u00f3n es suave y fresco es perfecto para mantener a tu beb\u00e9 c\u00f3modo incluso en d\u00edas calurosos, y el encaje de mariposas\u00a0 aporta una dosis extra de elegancia. Tu beb\u00e9 estar\u00e1 lista para deslumbrar en cualquier evento. Incluye diadema a juego","rel":"","context":"Entrada similar","block_context":{"text":"Entrada similar","link":""},"img":{"alt_text":"","src":"https:\/\/i0.wp.com\/elbauldelupe.com\/wp-content\/uploads\/2024\/03\/Imagen-de-WhatsApp-2024-03-13-a-las-12.11.26_40798214.jpg?fit=800%2C800&ssl=1&resize=350%2C200","width":350,"height":200,"srcset":"https:\/\/i0.wp.com\/elbauldelupe.com\/wp-content\/uploads\/2024\/03\/Imagen-de-WhatsApp-2024-03-13-a-las-12.11.26_40798214.jpg?fit=800%2C800&ssl=1&resize=350%2C200 1x, https:\/\/i0.wp.com\/elbauldelupe.com\/wp-content\/uploads\/2024\/03\/Imagen-de-WhatsApp-2024-03-13-a-las-12.11.26_40798214.jpg?fit=800%2C800&ssl=1&resize=525%2C300 1.5x, https:\/\/i0.wp.com\/elbauldelupe.com\/wp-content\/uploads\/2024\/03\/Imagen-de-WhatsApp-2024-03-13-a-las-12.11.26_40798214.jpg?fit=800%2C800&ssl=1&resize=700%2C400 2x"},"classes":[]}],"_links":{"self":[{"href":"https:\/\/elbauldelupe.com\/index.php?rest_route=\/wp\/v2\/product\/2342","targetHints":{"allow":["GET"]}}],"collection":[{"href":"https:\/\/elbauldelupe.com\/index.php?rest_route=\/wp\/v2\/product"}],"about":[{"href":"https:\/\/elbauldelupe.com\/index.php?rest_route=\/wp\/v2\/types\/product"}],"replies":[{"embeddable":true,"href":"https:\/\/elbauldelupe.com\/index.php?rest_route=%2Fwp%2Fv2%2Fcomments&post=2342"}],"wp:featuredmedia":[{"embeddable":true,"href":"https:\/\/elbauldelupe.com\/index.php?rest_route=\/wp\/v2\/media\/9727"}],"wp:attachment":[{"href":"https:\/\/elbauldelupe.com\/index.php?rest_route=%2Fwp%2Fv2%2Fmedia&parent=2342"}],"wp:term":[{"taxonomy":"product_brand","embeddable":true,"href":"https:\/\/elbauldelupe.com\/index.php?rest_route=%2Fwp%2Fv2%2Fproduct_brand&post=2342"},{"taxonomy":"product_cat","embeddable":true,"href":"https:\/\/elbauldelupe.com\/index.php?rest_route=%2Fwp%2Fv2%2Fproduct_cat&post=2342"},{"taxonomy":"product_tag","embeddable":true,"href":"https:\/\/elbauldelupe.com\/index.php?rest_route=%2Fwp%2Fv2%2Fproduct_tag&post=2342"}],"curies":[{"name":"wp","href":"https:\/\/api.w.org\/{rel}","templated":true}]}}