{"id":1378,"date":"2023-09-13T14:18:28","date_gmt":"2023-09-13T19:18:28","guid":{"rendered":"https:\/\/elbauldelupe.com\/?post_type=product&#038;p=1378"},"modified":"2026-02-12T17:37:13","modified_gmt":"2026-02-12T22:37:13","slug":"mameluco-tejido-mariposa-2","status":"publish","type":"product","link":"https:\/\/elbauldelupe.com\/?product=mameluco-tejido-mariposa-2","title":{"rendered":"MAMELUCO TEJIDO MARIPOSA"},"content":{"rendered":"","protected":false},"excerpt":{"rendered":"<p>Su tejido suave y fresco es perfecto para mantener a tu beb\u00e9 c\u00f3modo incluso en d\u00edas calurosos, y el encaje de mariposas\u00a0 aporta una dosis extra de elegancia. Tu beb\u00e9 estar\u00e1 listo para deslumbrar en cualquier evento<\/p>\n","protected":false},"featured_media":10748,"comment_status":"open","ping_status":"closed","template":"","meta":{"site-sidebar-layout":"default","site-content-layout":"","ast-site-content-layout":"default","site-content-style":"default","site-sidebar-style":"default","ast-global-header-display":"","ast-banner-title-visibility":"","ast-main-header-display":"","ast-hfb-above-header-display":"","ast-hfb-below-header-display":"","ast-hfb-mobile-header-display":"","site-post-title":"","ast-breadcrumbs-content":"","ast-featured-img":"","footer-sml-layout":"","ast-disable-related-posts":"","theme-transparent-header-meta":"default","adv-header-id-meta":"","stick-header-meta":"","header-above-stick-meta":"","header-main-stick-meta":"","header-below-stick-meta":"","astra-migrate-meta-layouts":"set","ast-page-background-enabled":"default","ast-page-background-meta":{"desktop":{"background-color":"var(--ast-global-color-4)","background-image":"","background-repeat":"repeat","background-position":"center center","background-size":"auto","background-attachment":"scroll","background-type":"","background-media":"","overlay-type":"","overlay-color":"","overlay-opacity":"","overlay-gradient":""},"tablet":{"background-color":"","background-image":"","background-repeat":"repeat","background-position":"center center","background-size":"auto","background-attachment":"scroll","background-type":"","background-media":"","overlay-type":"","overlay-color":"","overlay-opacity":"","overlay-gradient":""},"mobile":{"background-color":"","background-image":"","background-repeat":"repeat","background-position":"center center","background-size":"auto","background-attachment":"scroll","background-type":"","background-media":"","overlay-type":"","overlay-color":"","overlay-opacity":"","overlay-gradient":""}},"ast-content-background-meta":{"desktop":{"background-color":"var(--ast-global-color-5)","background-image":"","background-repeat":"repeat","background-position":"center center","background-size":"auto","background-attachment":"scroll","background-type":"","background-media":"","overlay-type":"","overlay-color":"","overlay-opacity":"","overlay-gradient":""},"tablet":{"background-color":"var(--ast-global-color-5)","background-image":"","background-repeat":"repeat","background-position":"center center","background-size":"auto","background-attachment":"scroll","background-type":"","background-media":"","overlay-type":"","overlay-color":"","overlay-opacity":"","overlay-gradient":""},"mobile":{"background-color":"var(--ast-global-color-5)","background-image":"","background-repeat":"repeat","background-position":"center center","background-size":"auto","background-attachment":"scroll","background-type":"","background-media":"","overlay-type":"","overlay-color":"","overlay-opacity":"","overlay-gradient":""}}},"product_brand":[],"product_cat":[15,46,44,43,62],"product_tag":[],"class_list":{"0":"post-1378","1":"product","2":"type-product","3":"status-publish","4":"has-post-thumbnail","6":"product_cat-uncategorized","7":"product_cat-mamelucos","8":"product_cat-bebe-nina","9":"product_cat-nueva-coleccion","10":"product_cat-todos-los-articulos","11":"desktop-align-left","12":"tablet-align-left","13":"mobile-align-left","15":"first","16":"instock","17":"taxable","18":"shipping-taxable","19":"purchasable","20":"product-type-variable"},"jetpack-related-posts":[{"id":1023,"url":"https:\/\/elbauldelupe.com\/?product=mameluco-tejido-mariposa","url_meta":{"origin":1378,"position":0},"title":"MAMELUCO SUMMER","author":"admin","date":"10\/09\/2023","format":false,"excerpt":"Su tejido suave y fresco es perfecto para mantener a tu beb\u00e9 c\u00f3modo incluso en d\u00edas calurosos, y el encaje aporta una dosis extra de elegancia. Tu beb\u00e9 estar\u00e1 listo para deslumbrar en cualquier evento.","rel":"","context":"Entrada similar","block_context":{"text":"Entrada similar","link":""},"img":{"alt_text":"","src":"https:\/\/i0.wp.com\/elbauldelupe.com\/wp-content\/uploads\/2023\/09\/MAMELUCO-26.jpg?fit=750%2C937&ssl=1&resize=350%2C200","width":350,"height":200,"srcset":"https:\/\/i0.wp.com\/elbauldelupe.com\/wp-content\/uploads\/2023\/09\/MAMELUCO-26.jpg?fit=750%2C937&ssl=1&resize=350%2C200 1x, https:\/\/i0.wp.com\/elbauldelupe.com\/wp-content\/uploads\/2023\/09\/MAMELUCO-26.jpg?fit=750%2C937&ssl=1&resize=525%2C300 1.5x, https:\/\/i0.wp.com\/elbauldelupe.com\/wp-content\/uploads\/2023\/09\/MAMELUCO-26.jpg?fit=750%2C937&ssl=1&resize=700%2C400 2x"},"classes":[]},{"id":10437,"url":"https:\/\/elbauldelupe.com\/?product=zapatos-mariposa","url_meta":{"origin":1378,"position":1},"title":"ZAPATOS MARIPOSA","author":"admin","date":"21\/01\/2026","format":false,"excerpt":"Zapatos para beb\u00e9 en acabado suave y delicado, con detalle de lazo bordado que aporta un toque elegante. Ideales para completar looks especiales con comodidad y encanto.","rel":"","context":"Entrada similar","block_context":{"text":"Entrada similar","link":""},"img":{"alt_text":"","src":"https:\/\/i0.wp.com\/elbauldelupe.com\/wp-content\/uploads\/2026\/01\/img_3303.jpeg?fit=960%2C1088&ssl=1&resize=350%2C200","width":350,"height":200,"srcset":"https:\/\/i0.wp.com\/elbauldelupe.com\/wp-content\/uploads\/2026\/01\/img_3303.jpeg?fit=960%2C1088&ssl=1&resize=350%2C200 1x, https:\/\/i0.wp.com\/elbauldelupe.com\/wp-content\/uploads\/2026\/01\/img_3303.jpeg?fit=960%2C1088&ssl=1&resize=525%2C300 1.5x, https:\/\/i0.wp.com\/elbauldelupe.com\/wp-content\/uploads\/2026\/01\/img_3303.jpeg?fit=960%2C1088&ssl=1&resize=700%2C400 2x"},"classes":[]},{"id":4586,"url":"https:\/\/elbauldelupe.com\/?product=mameluco-butterfly","url_meta":{"origin":1378,"position":2},"title":"MAMELUCO BUTTERFLY","author":"admin","date":"13\/03\/2024","format":false,"excerpt":"\u00a0 Elaborado en tela de algod\u00f3n es suave y fresco es perfecto para mantener a tu beb\u00e9 c\u00f3modo incluso en d\u00edas calurosos, y el encaje de mariposas\u00a0 aporta una dosis extra de elegancia. Tu beb\u00e9 estar\u00e1 lista para deslumbrar en cualquier evento. Incluye diadema a juego","rel":"","context":"Entrada similar","block_context":{"text":"Entrada similar","link":""},"img":{"alt_text":"","src":"https:\/\/i0.wp.com\/elbauldelupe.com\/wp-content\/uploads\/2024\/03\/Imagen-de-WhatsApp-2024-03-13-a-las-12.11.26_40798214.jpg?fit=800%2C800&ssl=1&resize=350%2C200","width":350,"height":200,"srcset":"https:\/\/i0.wp.com\/elbauldelupe.com\/wp-content\/uploads\/2024\/03\/Imagen-de-WhatsApp-2024-03-13-a-las-12.11.26_40798214.jpg?fit=800%2C800&ssl=1&resize=350%2C200 1x, https:\/\/i0.wp.com\/elbauldelupe.com\/wp-content\/uploads\/2024\/03\/Imagen-de-WhatsApp-2024-03-13-a-las-12.11.26_40798214.jpg?fit=800%2C800&ssl=1&resize=525%2C300 1.5x, https:\/\/i0.wp.com\/elbauldelupe.com\/wp-content\/uploads\/2024\/03\/Imagen-de-WhatsApp-2024-03-13-a-las-12.11.26_40798214.jpg?fit=800%2C800&ssl=1&resize=700%2C400 2x"},"classes":[]},{"id":923,"url":"https:\/\/elbauldelupe.com\/?product=vestido-ilusion-rosa","url_meta":{"origin":1378,"position":3},"title":"VESTIDO ILUSI\u00d3N","author":"admin","date":"10\/09\/2023","format":false,"excerpt":"Este vestido de ilusi\u00f3n\u00a0 es una prenda maravillosa que combina la comodidad del algod\u00f3n con la elegancia del tul y los detalles de flores y mariposas. Tu beb\u00e9 estar\u00e1 c\u00f3moda y lucir\u00e1 absolutamente hermosa en este vestido La modelo usa la talla 3\/6 y en edad tiene 5 meses","rel":"","context":"Entrada similar","block_context":{"text":"Entrada similar","link":""},"img":{"alt_text":"","src":"https:\/\/i0.wp.com\/elbauldelupe.com\/wp-content\/uploads\/2024\/03\/img_0759.jpeg?fit=800%2C800&ssl=1&resize=350%2C200","width":350,"height":200,"srcset":"https:\/\/i0.wp.com\/elbauldelupe.com\/wp-content\/uploads\/2024\/03\/img_0759.jpeg?fit=800%2C800&ssl=1&resize=350%2C200 1x, https:\/\/i0.wp.com\/elbauldelupe.com\/wp-content\/uploads\/2024\/03\/img_0759.jpeg?fit=800%2C800&ssl=1&resize=525%2C300 1.5x, https:\/\/i0.wp.com\/elbauldelupe.com\/wp-content\/uploads\/2024\/03\/img_0759.jpeg?fit=800%2C800&ssl=1&resize=700%2C400 2x"},"classes":[]},{"id":6809,"url":"https:\/\/elbauldelupe.com\/?product=enterizo-tejido-navidad","url_meta":{"origin":1378,"position":4},"title":"ENTERIZO TEJIDO ANNY","author":"admin","date":"27\/09\/2024","format":false,"excerpt":"Este enterizo de Nochebuena para beb\u00e9, tejido en punto, es la elecci\u00f3n perfecta para mantener a tu peque\u00f1a c\u00f3moda y elegante durante las fiestas navide\u00f1as. Su suave tejido asegura que la delicada piel del beb\u00e9 est\u00e9 protegida y abrigada, mientras que el dise\u00f1o festivo, inspirado en la Navidad, a\u00f1ade un\u2026","rel":"","context":"Entrada similar","block_context":{"text":"Entrada similar","link":""},"img":{"alt_text":"","src":"https:\/\/i0.wp.com\/elbauldelupe.com\/wp-content\/uploads\/2024\/09\/img_6480.jpeg?fit=1200%2C1167&ssl=1&resize=350%2C200","width":350,"height":200,"srcset":"https:\/\/i0.wp.com\/elbauldelupe.com\/wp-content\/uploads\/2024\/09\/img_6480.jpeg?fit=1200%2C1167&ssl=1&resize=350%2C200 1x, https:\/\/i0.wp.com\/elbauldelupe.com\/wp-content\/uploads\/2024\/09\/img_6480.jpeg?fit=1200%2C1167&ssl=1&resize=525%2C300 1.5x, https:\/\/i0.wp.com\/elbauldelupe.com\/wp-content\/uploads\/2024\/09\/img_6480.jpeg?fit=1200%2C1167&ssl=1&resize=700%2C400 2x, https:\/\/i0.wp.com\/elbauldelupe.com\/wp-content\/uploads\/2024\/09\/img_6480.jpeg?fit=1200%2C1167&ssl=1&resize=1050%2C600 3x"},"classes":[]},{"id":6534,"url":"https:\/\/elbauldelupe.com\/?product=overalls-tejido-milo","url_meta":{"origin":1378,"position":5},"title":"OVERALLS TEJIDO MILO","author":"admin","date":"23\/08\/2024","format":false,"excerpt":"Overalls tejido en lana ideal para que los climas fr\u00edos con tu beb\u00e9","rel":"","context":"Entrada similar","block_context":{"text":"Entrada similar","link":""},"img":{"alt_text":"","src":"https:\/\/i0.wp.com\/elbauldelupe.com\/wp-content\/uploads\/2024\/09\/img_3799.jpeg?fit=901%2C1200&ssl=1&resize=350%2C200","width":350,"height":200,"srcset":"https:\/\/i0.wp.com\/elbauldelupe.com\/wp-content\/uploads\/2024\/09\/img_3799.jpeg?fit=901%2C1200&ssl=1&resize=350%2C200 1x, https:\/\/i0.wp.com\/elbauldelupe.com\/wp-content\/uploads\/2024\/09\/img_3799.jpeg?fit=901%2C1200&ssl=1&resize=525%2C300 1.5x, https:\/\/i0.wp.com\/elbauldelupe.com\/wp-content\/uploads\/2024\/09\/img_3799.jpeg?fit=901%2C1200&ssl=1&resize=700%2C400 2x"},"classes":[]}],"_links":{"self":[{"href":"https:\/\/elbauldelupe.com\/index.php?rest_route=\/wp\/v2\/product\/1378","targetHints":{"allow":["GET"]}}],"collection":[{"href":"https:\/\/elbauldelupe.com\/index.php?rest_route=\/wp\/v2\/product"}],"about":[{"href":"https:\/\/elbauldelupe.com\/index.php?rest_route=\/wp\/v2\/types\/product"}],"replies":[{"embeddable":true,"href":"https:\/\/elbauldelupe.com\/index.php?rest_route=%2Fwp%2Fv2%2Fcomments&post=1378"}],"wp:featuredmedia":[{"embeddable":true,"href":"https:\/\/elbauldelupe.com\/index.php?rest_route=\/wp\/v2\/media\/10748"}],"wp:attachment":[{"href":"https:\/\/elbauldelupe.com\/index.php?rest_route=%2Fwp%2Fv2%2Fmedia&parent=1378"}],"wp:term":[{"taxonomy":"product_brand","embeddable":true,"href":"https:\/\/elbauldelupe.com\/index.php?rest_route=%2Fwp%2Fv2%2Fproduct_brand&post=1378"},{"taxonomy":"product_cat","embeddable":true,"href":"https:\/\/elbauldelupe.com\/index.php?rest_route=%2Fwp%2Fv2%2Fproduct_cat&post=1378"},{"taxonomy":"product_tag","embeddable":true,"href":"https:\/\/elbauldelupe.com\/index.php?rest_route=%2Fwp%2Fv2%2Fproduct_tag&post=1378"}],"curies":[{"name":"wp","href":"https:\/\/api.w.org\/{rel}","templated":true}]}}