{"id":1068,"date":"2023-09-10T21:19:27","date_gmt":"2023-09-11T02:19:27","guid":{"rendered":"https:\/\/elbauldelupe.com\/?post_type=product&#038;p=1068"},"modified":"2026-02-12T17:35:13","modified_gmt":"2026-02-12T22:35:13","slug":"mameluco-merida-rosa","status":"publish","type":"product","link":"https:\/\/elbauldelupe.com\/?product=mameluco-merida-rosa","title":{"rendered":"MAMELUCO MERIDA"},"content":{"rendered":"","protected":false},"excerpt":{"rendered":"<p><b>Este mameluco de tul con forro interior en algod\u00f3n\u00a0incluye diadema a juego es una elecci\u00f3n c\u00f3moda y hermosa para tu beb\u00e9. Su dise\u00f1o m\u00e1gico har\u00e1 que tu peque\u00f1o luzca absolutamente encantador. El tul exterior agrega un toque de delicadeza y elegancia<\/b><\/p>\n","protected":false},"featured_media":10752,"comment_status":"open","ping_status":"closed","template":"","meta":{"site-sidebar-layout":"default","site-content-layout":"","ast-site-content-layout":"default","site-content-style":"default","site-sidebar-style":"default","ast-global-header-display":"","ast-banner-title-visibility":"","ast-main-header-display":"","ast-hfb-above-header-display":"","ast-hfb-below-header-display":"","ast-hfb-mobile-header-display":"","site-post-title":"","ast-breadcrumbs-content":"","ast-featured-img":"","footer-sml-layout":"","ast-disable-related-posts":"","theme-transparent-header-meta":"default","adv-header-id-meta":"","stick-header-meta":"","header-above-stick-meta":"","header-main-stick-meta":"","header-below-stick-meta":"","astra-migrate-meta-layouts":"set","ast-page-background-enabled":"default","ast-page-background-meta":{"desktop":{"background-color":"var(--ast-global-color-4)","background-image":"","background-repeat":"repeat","background-position":"center center","background-size":"auto","background-attachment":"scroll","background-type":"","background-media":"","overlay-type":"","overlay-color":"","overlay-opacity":"","overlay-gradient":""},"tablet":{"background-color":"","background-image":"","background-repeat":"repeat","background-position":"center center","background-size":"auto","background-attachment":"scroll","background-type":"","background-media":"","overlay-type":"","overlay-color":"","overlay-opacity":"","overlay-gradient":""},"mobile":{"background-color":"","background-image":"","background-repeat":"repeat","background-position":"center center","background-size":"auto","background-attachment":"scroll","background-type":"","background-media":"","overlay-type":"","overlay-color":"","overlay-opacity":"","overlay-gradient":""}},"ast-content-background-meta":{"desktop":{"background-color":"var(--ast-global-color-5)","background-image":"","background-repeat":"repeat","background-position":"center center","background-size":"auto","background-attachment":"scroll","background-type":"","background-media":"","overlay-type":"","overlay-color":"","overlay-opacity":"","overlay-gradient":""},"tablet":{"background-color":"var(--ast-global-color-5)","background-image":"","background-repeat":"repeat","background-position":"center center","background-size":"auto","background-attachment":"scroll","background-type":"","background-media":"","overlay-type":"","overlay-color":"","overlay-opacity":"","overlay-gradient":""},"mobile":{"background-color":"var(--ast-global-color-5)","background-image":"","background-repeat":"repeat","background-position":"center center","background-size":"auto","background-attachment":"scroll","background-type":"","background-media":"","overlay-type":"","overlay-color":"","overlay-opacity":"","overlay-gradient":""}}},"product_brand":[],"product_cat":[15,46,138,44,43,62,47],"product_tag":[],"class_list":{"0":"post-1068","1":"product","2":"type-product","3":"status-publish","4":"has-post-thumbnail","6":"product_cat-uncategorized","7":"product_cat-mamelucos","8":"product_cat-mas-vendidos","9":"product_cat-bebe-nina","10":"product_cat-nueva-coleccion","11":"product_cat-todos-los-articulos","12":"product_cat-vestidos","13":"desktop-align-left","14":"tablet-align-left","15":"mobile-align-left","17":"first","18":"instock","19":"taxable","20":"shipping-taxable","21":"purchasable","22":"product-type-variable"},"jetpack-related-posts":[{"id":1046,"url":"https:\/\/elbauldelupe.com\/?product=mameluco-angel-rosa","url_meta":{"origin":1068,"position":0},"title":"MAMELUCO \u00c1NGEL","author":"admin","date":"10\/09\/2023","format":false,"excerpt":"Este mameluco de tul con forro interior en algod\u00f3n es una elecci\u00f3n c\u00f3moda y hermosa para tu beb\u00e9. Su dise\u00f1o m\u00e1gico har\u00e1 que tu peque\u00f1o luzca absolutamente encantador. El tul exterior agrega un toque de delicadeza y elegancia\u00a0","rel":"","context":"Entrada similar","block_context":{"text":"Entrada similar","link":""},"img":{"alt_text":"","src":"https:\/\/i0.wp.com\/elbauldelupe.com\/wp-content\/uploads\/2023\/09\/photoroom_20260212_174524.png?fit=800%2C1200&ssl=1&resize=350%2C200","width":350,"height":200,"srcset":"https:\/\/i0.wp.com\/elbauldelupe.com\/wp-content\/uploads\/2023\/09\/photoroom_20260212_174524.png?fit=800%2C1200&ssl=1&resize=350%2C200 1x, https:\/\/i0.wp.com\/elbauldelupe.com\/wp-content\/uploads\/2023\/09\/photoroom_20260212_174524.png?fit=800%2C1200&ssl=1&resize=525%2C300 1.5x, https:\/\/i0.wp.com\/elbauldelupe.com\/wp-content\/uploads\/2023\/09\/photoroom_20260212_174524.png?fit=800%2C1200&ssl=1&resize=700%2C400 2x"},"classes":[]},{"id":5966,"url":"https:\/\/elbauldelupe.com\/?product=mameluco-linda-margarita","url_meta":{"origin":1068,"position":1},"title":"MAMELUCO LINDA MARGARITA","author":"admin","date":"23\/06\/2024","format":false,"excerpt":"Este mameluco de tul con forro interior en algod\u00f3n\u00a0incluye diadema a juego es una elecci\u00f3n c\u00f3moda y hermosa para tu beb\u00e9. Su dise\u00f1o m\u00e1gico har\u00e1 que tu peque\u00f1o luzca absolutamente encantador. El tul exterior agrega un toque de delicadeza y elegancia","rel":"","context":"Entrada similar","block_context":{"text":"Entrada similar","link":""},"img":{"alt_text":"","src":"https:\/\/i0.wp.com\/elbauldelupe.com\/wp-content\/uploads\/2024\/06\/img_8449.jpeg?fit=800%2C800&ssl=1&resize=350%2C200","width":350,"height":200,"srcset":"https:\/\/i0.wp.com\/elbauldelupe.com\/wp-content\/uploads\/2024\/06\/img_8449.jpeg?fit=800%2C800&ssl=1&resize=350%2C200 1x, https:\/\/i0.wp.com\/elbauldelupe.com\/wp-content\/uploads\/2024\/06\/img_8449.jpeg?fit=800%2C800&ssl=1&resize=525%2C300 1.5x, https:\/\/i0.wp.com\/elbauldelupe.com\/wp-content\/uploads\/2024\/06\/img_8449.jpeg?fit=800%2C800&ssl=1&resize=700%2C400 2x"},"classes":[]},{"id":3970,"url":"https:\/\/elbauldelupe.com\/?product=mameluco-cristal","url_meta":{"origin":1068,"position":2},"title":"MAMELUCO CRISTAL","author":"admin","date":"06\/02\/2024","format":false,"excerpt":"Mameluco en algod\u00f3n con falda de tul y un hermoso bordado floral","rel":"","context":"Entrada similar","block_context":{"text":"Entrada similar","link":""},"img":{"alt_text":"","src":"https:\/\/i0.wp.com\/elbauldelupe.com\/wp-content\/uploads\/2024\/02\/img_4890-1.jpeg?fit=800%2C800&ssl=1&resize=350%2C200","width":350,"height":200,"srcset":"https:\/\/i0.wp.com\/elbauldelupe.com\/wp-content\/uploads\/2024\/02\/img_4890-1.jpeg?fit=800%2C800&ssl=1&resize=350%2C200 1x, https:\/\/i0.wp.com\/elbauldelupe.com\/wp-content\/uploads\/2024\/02\/img_4890-1.jpeg?fit=800%2C800&ssl=1&resize=525%2C300 1.5x, https:\/\/i0.wp.com\/elbauldelupe.com\/wp-content\/uploads\/2024\/02\/img_4890-1.jpeg?fit=800%2C800&ssl=1&resize=700%2C400 2x"},"classes":[]},{"id":3889,"url":"https:\/\/elbauldelupe.com\/?product=mameluco-popsy","url_meta":{"origin":1068,"position":3},"title":"MAMELUCO POPSY","author":"admin","date":"06\/02\/2024","format":false,"excerpt":"Hermoso mameluco elaborado en algod\u00f3n con falda de tul incluye diadema a juego","rel":"","context":"Entrada similar","block_context":{"text":"Entrada similar","link":""},"img":{"alt_text":"","src":"https:\/\/i0.wp.com\/elbauldelupe.com\/wp-content\/uploads\/2024\/02\/img_9401.jpeg?fit=864%2C1184&ssl=1&resize=350%2C200","width":350,"height":200,"srcset":"https:\/\/i0.wp.com\/elbauldelupe.com\/wp-content\/uploads\/2024\/02\/img_9401.jpeg?fit=864%2C1184&ssl=1&resize=350%2C200 1x, https:\/\/i0.wp.com\/elbauldelupe.com\/wp-content\/uploads\/2024\/02\/img_9401.jpeg?fit=864%2C1184&ssl=1&resize=525%2C300 1.5x, https:\/\/i0.wp.com\/elbauldelupe.com\/wp-content\/uploads\/2024\/02\/img_9401.jpeg?fit=864%2C1184&ssl=1&resize=700%2C400 2x"},"classes":[]},{"id":3814,"url":"https:\/\/elbauldelupe.com\/?product=mameluco-celeste","url_meta":{"origin":1068,"position":4},"title":"MAMELUCO CELESTE","author":"admin","date":"05\/02\/2024","format":false,"excerpt":"Hermoso mameluco elaborado en tela de algod\u00f3n con una falda en tul incluye diadema a a juego","rel":"","context":"Entrada similar","block_context":{"text":"Entrada similar","link":""},"img":{"alt_text":"","src":"https:\/\/i0.wp.com\/elbauldelupe.com\/wp-content\/uploads\/2024\/02\/Imagen-de-WhatsApp-2024-02-04-a-las-16.02.49_df2dc4f0.jpg?fit=800%2C800&ssl=1&resize=350%2C200","width":350,"height":200,"srcset":"https:\/\/i0.wp.com\/elbauldelupe.com\/wp-content\/uploads\/2024\/02\/Imagen-de-WhatsApp-2024-02-04-a-las-16.02.49_df2dc4f0.jpg?fit=800%2C800&ssl=1&resize=350%2C200 1x, https:\/\/i0.wp.com\/elbauldelupe.com\/wp-content\/uploads\/2024\/02\/Imagen-de-WhatsApp-2024-02-04-a-las-16.02.49_df2dc4f0.jpg?fit=800%2C800&ssl=1&resize=525%2C300 1.5x, https:\/\/i0.wp.com\/elbauldelupe.com\/wp-content\/uploads\/2024\/02\/Imagen-de-WhatsApp-2024-02-04-a-las-16.02.49_df2dc4f0.jpg?fit=800%2C800&ssl=1&resize=700%2C400 2x"},"classes":[]},{"id":8948,"url":"https:\/\/elbauldelupe.com\/?product=mameluco-camil","url_meta":{"origin":1068,"position":5},"title":"MAMELUCO CAMIL","author":"admin","date":"16\/09\/2025","format":false,"excerpt":"\u201cIdeal para d\u00edas soleados o sesiones de fotos, combina tul con margaritas y un mameluco de algod\u00f3n interno que brinda suavidad y confort durante todo el d\u00eda.\u201d","rel":"","context":"Entrada similar","block_context":{"text":"Entrada similar","link":""},"img":{"alt_text":"","src":"https:\/\/i0.wp.com\/elbauldelupe.com\/wp-content\/uploads\/2025\/09\/photoroom_20260218_173609.jpeg?fit=1080%2C1080&ssl=1&resize=350%2C200","width":350,"height":200,"srcset":"https:\/\/i0.wp.com\/elbauldelupe.com\/wp-content\/uploads\/2025\/09\/photoroom_20260218_173609.jpeg?fit=1080%2C1080&ssl=1&resize=350%2C200 1x, https:\/\/i0.wp.com\/elbauldelupe.com\/wp-content\/uploads\/2025\/09\/photoroom_20260218_173609.jpeg?fit=1080%2C1080&ssl=1&resize=525%2C300 1.5x, https:\/\/i0.wp.com\/elbauldelupe.com\/wp-content\/uploads\/2025\/09\/photoroom_20260218_173609.jpeg?fit=1080%2C1080&ssl=1&resize=700%2C400 2x, https:\/\/i0.wp.com\/elbauldelupe.com\/wp-content\/uploads\/2025\/09\/photoroom_20260218_173609.jpeg?fit=1080%2C1080&ssl=1&resize=1050%2C600 3x"},"classes":[]}],"_links":{"self":[{"href":"https:\/\/elbauldelupe.com\/index.php?rest_route=\/wp\/v2\/product\/1068","targetHints":{"allow":["GET"]}}],"collection":[{"href":"https:\/\/elbauldelupe.com\/index.php?rest_route=\/wp\/v2\/product"}],"about":[{"href":"https:\/\/elbauldelupe.com\/index.php?rest_route=\/wp\/v2\/types\/product"}],"replies":[{"embeddable":true,"href":"https:\/\/elbauldelupe.com\/index.php?rest_route=%2Fwp%2Fv2%2Fcomments&post=1068"}],"wp:featuredmedia":[{"embeddable":true,"href":"https:\/\/elbauldelupe.com\/index.php?rest_route=\/wp\/v2\/media\/10752"}],"wp:attachment":[{"href":"https:\/\/elbauldelupe.com\/index.php?rest_route=%2Fwp%2Fv2%2Fmedia&parent=1068"}],"wp:term":[{"taxonomy":"product_brand","embeddable":true,"href":"https:\/\/elbauldelupe.com\/index.php?rest_route=%2Fwp%2Fv2%2Fproduct_brand&post=1068"},{"taxonomy":"product_cat","embeddable":true,"href":"https:\/\/elbauldelupe.com\/index.php?rest_route=%2Fwp%2Fv2%2Fproduct_cat&post=1068"},{"taxonomy":"product_tag","embeddable":true,"href":"https:\/\/elbauldelupe.com\/index.php?rest_route=%2Fwp%2Fv2%2Fproduct_tag&post=1068"}],"curies":[{"name":"wp","href":"https:\/\/api.w.org\/{rel}","templated":true}]}}