{"id":189,"date":"2023-08-31T19:34:01","date_gmt":"2023-08-31T19:34:01","guid":{"rendered":"https:\/\/elbauldelupe.com\/?page_id=189"},"modified":"2026-02-03T12:03:24","modified_gmt":"2026-02-03T17:03:24","slug":"nosotros","status":"publish","type":"page","link":"https:\/\/elbauldelupe.com\/?page_id=189","title":{"rendered":"Nosotros"},"content":{"rendered":"\t\t<div data-elementor-type=\"wp-page\" data-elementor-id=\"189\" class=\"elementor elementor-189\" data-elementor-post-type=\"page\">\n\t\t\t\t\t\t<section class=\"elementor-section elementor-top-section elementor-element elementor-element-c49a721 elementor-section-boxed elementor-section-height-default elementor-section-height-default\" data-id=\"c49a721\" data-element_type=\"section\" data-e-type=\"section\">\n\t\t\t\t\t\t<div class=\"elementor-container elementor-column-gap-default\">\n\t\t\t\t\t<div class=\"elementor-column elementor-col-100 elementor-top-column elementor-element elementor-element-ddff6fb\" data-id=\"ddff6fb\" data-element_type=\"column\" data-e-type=\"column\">\n\t\t\t<div class=\"elementor-widget-wrap elementor-element-populated\">\n\t\t\t\t\t\t<div class=\"elementor-element elementor-element-90f5f7d elementor-widget elementor-widget-heading\" data-id=\"90f5f7d\" data-element_type=\"widget\" data-e-type=\"widget\" data-widget_type=\"heading.default\">\n\t\t\t\t<div class=\"elementor-widget-container\">\n\t\t\t\t\t<h2 class=\"elementor-heading-title elementor-size-default\"><b>Sobre nosotros<\/b><\/h2>\t\t\t\t<\/div>\n\t\t\t\t<\/div>\n\t\t\t\t\t<\/div>\n\t\t<\/div>\n\t\t\t\t\t<\/div>\n\t\t<\/section>\n\t\t\t\t<section class=\"elementor-section elementor-top-section elementor-element elementor-element-a954ead elementor-section-boxed elementor-section-height-default elementor-section-height-default\" data-id=\"a954ead\" data-element_type=\"section\" data-e-type=\"section\">\n\t\t\t\t\t\t<div class=\"elementor-container elementor-column-gap-default\">\n\t\t\t\t\t<div class=\"elementor-column elementor-col-100 elementor-top-column elementor-element elementor-element-d2cced9\" data-id=\"d2cced9\" data-element_type=\"column\" data-e-type=\"column\">\n\t\t\t<div class=\"elementor-widget-wrap\">\n\t\t\t\t\t\t\t<\/div>\n\t\t<\/div>\n\t\t\t\t\t<\/div>\n\t\t<\/section>\n\t\t\t\t<section class=\"elementor-section elementor-top-section elementor-element elementor-element-2c77b8e9 elementor-section-boxed elementor-section-height-default elementor-section-height-default\" data-id=\"2c77b8e9\" data-element_type=\"section\" data-e-type=\"section\">\n\t\t\t\t\t\t<div class=\"elementor-container elementor-column-gap-wide\">\n\t\t\t\t\t<div class=\"elementor-column elementor-col-100 elementor-top-column elementor-element elementor-element-57616d32\" data-id=\"57616d32\" data-element_type=\"column\" data-e-type=\"column\">\n\t\t\t<div class=\"elementor-widget-wrap elementor-element-populated\">\n\t\t\t\t\t\t<div class=\"elementor-element elementor-element-3760320b elementor-invisible elementor-widget elementor-widget-text-editor\" data-id=\"3760320b\" data-element_type=\"widget\" data-e-type=\"widget\" data-settings=\"{&quot;_animation&quot;:&quot;bounceInLeft&quot;}\" data-widget_type=\"text-editor.default\">\n\t\t\t\t<div class=\"elementor-widget-container\">\n\t\t\t\t\t\t\t\t\t<p>El Ba\u00fal de Lupe es una tienda virtual infantil que inici\u00f3 desde 2022, nos enorgullece ofrecer una amplia gama de prendas c\u00f3modas y hermosas para beb\u00e9s desde los 0 hasta los 3 a\u00f1os.<\/p><p>Nuestro compromiso es que los m\u00e1s peque\u00f1os se sientan c\u00f3modos, libres y absolutamente adorables en cada una de nuestras creaciones. Cada puntada est\u00e1 llena de cari\u00f1o y dedicaci\u00f3n para brindarles a los beb\u00e9s una experiencia de vestir que refleje su dulzura y vitalidad. Explora nuestra colecci\u00f3n cuidadosamente y descubre la comodidad y el estilo para crear momentos inolvidables en la vida de tu beb\u00e9.<\/p><p>En El Ba\u00fal de Lupe, vestir a los beb\u00e9s va m\u00e1s all\u00e1 de la moda; es una expresi\u00f3n de amor y cuidad<\/p>\t\t\t\t\t\t\t\t<\/div>\n\t\t\t\t<\/div>\n\t\t\t\t<div class=\"elementor-element elementor-element-55443b4b elementor-invisible elementor-widget elementor-widget-elementskit-simple-tab\" data-id=\"55443b4b\" data-element_type=\"widget\" data-e-type=\"widget\" data-settings=\"{&quot;_animation&quot;:&quot;slideInDown&quot;}\" data-widget_type=\"elementskit-simple-tab.default\">\n\t\t\t\t<div class=\"elementor-widget-container\">\n\t\t\t\t\t<div class=\"ekit-wid-con\" >        <div class=\"elementkit-tab-wraper  \">\n            <ul class=\"nav nav-tabs elementkit-tab-nav  elementskit-fullwidth-tab\">\n                                    <li class=\"elementkit-nav-item elementor-repeater-item-59ebc14\">\n                        <a class=\"elementkit-nav-link  active show left-pos\" id=\"content-59ebc1469e29aff2216b-tab\" data-ekit-handler-id=\"visi-n\" data-ekit-toggle=\"tab\" data-target=\"#content-59ebc1469e29aff2216b\" href=\"#Content-59ebc1469e29aff2216b\"\n                            data-ekit-toggle-trigger=\"click\"\n                            aria-describedby=\"Content-59ebc1469e29aff2216b\">\n                                                        <span class=\"elementskit-tab-title\"> Visi\u00f3n<\/span>\n                        <\/a>\n                    <\/li>\n                                        <li class=\"elementkit-nav-item elementor-repeater-item-b8ae6a9\">\n                        <a class=\"elementkit-nav-link  left-pos\" id=\"content-b8ae6a969e29aff2216b-tab\" data-ekit-handler-id=\"misi-n\" data-ekit-toggle=\"tab\" data-target=\"#content-b8ae6a969e29aff2216b\" href=\"#Content-b8ae6a969e29aff2216b\"\n                            data-ekit-toggle-trigger=\"click\"\n                            aria-describedby=\"Content-b8ae6a969e29aff2216b\">\n                                                        <span class=\"elementskit-tab-title\"> Misi\u00f3n<\/span>\n                        <\/a>\n                    <\/li>\n                                        <li class=\"elementkit-nav-item elementor-repeater-item-e27f683\">\n                        <a class=\"elementkit-nav-link  left-pos\" id=\"content-e27f68369e29aff2216b-tab\" data-ekit-handler-id=\"valores-institucionales\" data-ekit-toggle=\"tab\" data-target=\"#content-e27f68369e29aff2216b\" href=\"#Content-e27f68369e29aff2216b\"\n                            data-ekit-toggle-trigger=\"click\"\n                            aria-describedby=\"Content-e27f68369e29aff2216b\">\n                                                        <span class=\"elementskit-tab-title\"> Valores institucionales<\/span>\n                        <\/a>\n                    <\/li>\n                                <\/ul>\n\n            <div class=\"tab-content elementkit-tab-content\">\n                                    <div class=\"tab-pane elementkit-tab-pane elementor-repeater-item-59ebc14  active show\" id=\"content-59ebc1469e29aff2216b\" role=\"tabpanel\"\n                         aria-labelledby=\"content-59ebc1469e29aff2216b-tab\">\n                        <div class=\"animated fadeIn\">\n                            <p>La visi\u00f3n de \u00abEl Ba\u00fal de Lupe\u00bb, nuestra tienda de ropa de beb\u00e9s, es convertirnos en el referente de excelencia y creatividad en el mundo de la moda infantil. Nos esforzamos por ofrecer no solo prendas c\u00f3modas y hermosas, sino tambi\u00e9n un servicio que exceda las expectativas de nuestros clientes. Buscamos crear un espacio donde los padres puedan encontrar no solo ropa, sino tambi\u00e9n inspiraci\u00f3n y apoyo en su viaje de crianza. Nuestra visi\u00f3n es vestir a los beb\u00e9s con amor y estilo, dejando una huella duradera en la vida de las familias que atendemos.<\/p>                        <\/div>\n                    <\/div>\n                                    <div class=\"tab-pane elementkit-tab-pane elementor-repeater-item-b8ae6a9 \" id=\"content-b8ae6a969e29aff2216b\" role=\"tabpanel\"\n                         aria-labelledby=\"content-b8ae6a969e29aff2216b-tab\">\n                        <div class=\"animated fadeIn\">\n                            <p>La misi\u00f3n de \u00abEl Ba\u00fal de Lupe\u00bb, nuestra tienda de ropa de beb\u00e9s de 0 a 4 a\u00f1os, es proporcionar a los padres y cuidadores una selecci\u00f3n cuidadosamente curada de prendas c\u00f3modas, hermosas y funcionales para sus peque\u00f1os. Nos esforzamos por ser un destino confiable donde puedan encontrar opciones que no solo reflejen la dulzura y la vitalidad de la infancia, sino tambi\u00e9n la calidad y la durabilidad que merecen. A trav\u00e9s de un servicio de atenci\u00f3n excepcional, asesoramiento personalizado y opciones de entrega flexibles, buscamos simplificar la experiencia de compra y brindar comodidad en cada paso del camino. Estamos comprometidos con la satisfacci\u00f3n del cliente y con crear una comunidad que celebre la alegr\u00eda de vestir a los m\u00e1s peque\u00f1os con amor y estilo.<\/p><p style=\"text-align: center;\">\u00a0<\/p>                        <\/div>\n                    <\/div>\n                                    <div class=\"tab-pane elementkit-tab-pane elementor-repeater-item-e27f683 \" id=\"content-e27f68369e29aff2216b\" role=\"tabpanel\"\n                         aria-labelledby=\"content-e27f68369e29aff2216b-tab\">\n                        <div class=\"animated fadeIn\">\n                            <p>1.Compromiso con la Calidad: Nos esforzamos por ofrecer productos de alta calidad que cumplan y superen las expectativas de nuestros clientes.<\/p><p>2.Atenci\u00f3n Personalizada: Valoramos a cada cliente y nos esforzamos por brindar una atenci\u00f3n personalizada que refleje su individualidad y necesidades<\/p><p>3.Satisfacci\u00f3n del Cliente: Nos esforzamos por superar las expectativas de nuestros clientes, garantizando que queden satisfechos y felices con su experiencia.<\/p><p>4.Pasi\u00f3n por la Creatividad: Fomentamos la creatividad en cada aspecto de nuestro negocio, desde el dise\u00f1o de prendas hasta la forma en que nos relacionamos con nuestros clientes.<\/p><p>5.Innovaci\u00f3n Constante: Buscamos continuamente formas de mejorar y evolucionar, adapt\u00e1ndonos a las tendencias cambiantes y las necesidades de nuestros clientes.<\/p>                        <\/div>\n                    <\/div>\n                                \n            <\/div>\n                    <\/div>\n    <\/div>\t\t\t\t<\/div>\n\t\t\t\t<\/div>\n\t\t\t\t\t<\/div>\n\t\t<\/div>\n\t\t\t\t\t<\/div>\n\t\t<\/section>\n\t\t\t\t<section class=\"elementor-section elementor-top-section elementor-element elementor-element-b470b84 elementor-section-boxed elementor-section-height-default elementor-section-height-default\" data-id=\"b470b84\" data-element_type=\"section\" data-e-type=\"section\">\n\t\t\t\t\t\t<div class=\"elementor-container elementor-column-gap-default\">\n\t\t\t\t\t<div class=\"elementor-column elementor-col-100 elementor-top-column elementor-element elementor-element-a1b3e97\" data-id=\"a1b3e97\" data-element_type=\"column\" data-e-type=\"column\">\n\t\t\t<div class=\"elementor-widget-wrap elementor-element-populated\">\n\t\t\t\t\t\t<div class=\"elementor-element elementor-element-382d3fb elementor-widget__width-initial e-transform elementor-widget elementor-widget-text-editor\" data-id=\"382d3fb\" data-element_type=\"widget\" data-e-type=\"widget\" data-settings=\"{&quot;_transform_translateX_effect&quot;:{&quot;unit&quot;:&quot;px&quot;,&quot;size&quot;:122,&quot;sizes&quot;:[]},&quot;_transform_translateX_effect_tablet&quot;:{&quot;unit&quot;:&quot;px&quot;,&quot;size&quot;:&quot;&quot;,&quot;sizes&quot;:[]},&quot;_transform_translateX_effect_mobile&quot;:{&quot;unit&quot;:&quot;px&quot;,&quot;size&quot;:&quot;&quot;,&quot;sizes&quot;:[]},&quot;_transform_translateY_effect&quot;:{&quot;unit&quot;:&quot;px&quot;,&quot;size&quot;:&quot;&quot;,&quot;sizes&quot;:[]},&quot;_transform_translateY_effect_tablet&quot;:{&quot;unit&quot;:&quot;px&quot;,&quot;size&quot;:&quot;&quot;,&quot;sizes&quot;:[]},&quot;_transform_translateY_effect_mobile&quot;:{&quot;unit&quot;:&quot;px&quot;,&quot;size&quot;:&quot;&quot;,&quot;sizes&quot;:[]}}\" data-widget_type=\"text-editor.default\">\n\t\t\t\t<div class=\"elementor-widget-container\">\n\t\t\t\t\t\t\t\t\t<div class=\"elementor-element elementor-element-222a6ebd elementor-widget elementor-widget-heading\" data-id=\"222a6ebd\" data-element_type=\"widget\" data-e-type=\"widget\" data-widget_type=\"heading.default\"><div class=\"elementor-widget-container\"><h2 class=\"elementor-heading-title elementor-size-default\">En \u00abEl Ba\u00fal de Lupe\u00bb, brindamos un asesoramiento excepcional<\/h2><\/div><\/div><div class=\"elementor-element elementor-element-6256cb32 elementor-widget elementor-widget-text-editor\" data-id=\"6256cb32\" data-element_type=\"widget\" data-e-type=\"widget\" data-widget_type=\"text-editor.default\"><div class=\"elementor-widget-container\"><p>A trav\u00e9s de WhatsApp o mensajes directos, ofrecemos env\u00edos nacionales, si te encuentras en la ciudad de Medell\u00edn, tambi\u00e9n disponemos de pago contra-entrega. Siempre estamos atentos a las necesidades de nuestros clientes, trabajando para asegurarnos de que queden completamente satisfechos con su compra.<\/p><\/div><\/div>\t\t\t\t\t\t\t\t<\/div>\n\t\t\t\t<\/div>\n\t\t\t\t\t<\/div>\n\t\t<\/div>\n\t\t\t\t\t<\/div>\n\t\t<\/section>\n\t\t\t\t<\/div>\n\t\t","protected":false},"excerpt":{"rendered":"<p>Sobre nosotros El Ba\u00fal de Lupe es una tienda virtual infantil que inici\u00f3 desde 2022, nos enorgullece ofrecer una amplia gama de prendas c\u00f3modas y hermosas para beb\u00e9s desde los 0 hasta los 3 a\u00f1os. Nuestro compromiso es que los m\u00e1s peque\u00f1os se sientan c\u00f3modos, libres y absolutamente adorables en cada una de nuestras creaciones. [&hellip;]<\/p>\n","protected":false},"author":1,"featured_media":0,"parent":0,"menu_order":0,"comment_status":"closed","ping_status":"closed","template":"elementor_header_footer","meta":{"site-sidebar-layout":"no-sidebar","site-content-layout":"","ast-site-content-layout":"full-width-container","site-content-style":"default","site-sidebar-style":"default","ast-global-header-display":"","ast-banner-title-visibility":"","ast-main-header-display":"","ast-hfb-above-header-display":"","ast-hfb-below-header-display":"","ast-hfb-mobile-header-display":"","site-post-title":"disabled","ast-breadcrumbs-content":"","ast-featured-img":"disabled","footer-sml-layout":"","ast-disable-related-posts":"","theme-transparent-header-meta":"default","adv-header-id-meta":"","stick-header-meta":"","header-above-stick-meta":"","header-main-stick-meta":"","header-below-stick-meta":"","astra-migrate-meta-layouts":"set","ast-page-background-enabled":"default","ast-page-background-meta":{"desktop":{"background-color":"var(--ast-global-color-4)","background-image":"","background-repeat":"repeat","background-position":"center center","background-size":"auto","background-attachment":"scroll","background-type":"","background-media":"","overlay-type":"","overlay-color":"","overlay-opacity":"","overlay-gradient":""},"tablet":{"background-color":"","background-image":"","background-repeat":"repeat","background-position":"center center","background-size":"auto","background-attachment":"scroll","background-type":"","background-media":"","overlay-type":"","overlay-color":"","overlay-opacity":"","overlay-gradient":""},"mobile":{"background-color":"","background-image":"","background-repeat":"repeat","background-position":"center center","background-size":"auto","background-attachment":"scroll","background-type":"","background-media":"","overlay-type":"","overlay-color":"","overlay-opacity":"","overlay-gradient":""}},"ast-content-background-meta":{"desktop":{"background-color":"var(--ast-global-color-5)","background-image":"","background-repeat":"repeat","background-position":"center center","background-size":"auto","background-attachment":"scroll","background-type":"","background-media":"","overlay-type":"","overlay-color":"","overlay-opacity":"","overlay-gradient":""},"tablet":{"background-color":"var(--ast-global-color-5)","background-image":"","background-repeat":"repeat","background-position":"center center","background-size":"auto","background-attachment":"scroll","background-type":"","background-media":"","overlay-type":"","overlay-color":"","overlay-opacity":"","overlay-gradient":""},"mobile":{"background-color":"var(--ast-global-color-5)","background-image":"","background-repeat":"repeat","background-position":"center center","background-size":"auto","background-attachment":"scroll","background-type":"","background-media":"","overlay-type":"","overlay-color":"","overlay-opacity":"","overlay-gradient":""}},"footnotes":""},"class_list":["post-189","page","type-page","status-publish","hentry"],"jetpack-related-posts":[{"id":324,"url":"https:\/\/elbauldelupe.com\/?page_id=324","url_meta":{"origin":189,"position":0},"title":"POL\u00cdTICA DE PRIVACIDAD DE DATOS","author":"admin","date":"31\/08\/2023","format":false,"excerpt":"POL\u00cdTICA DE PRIVACIDAD DE DATOS El ba\u00fal de Lupe cumple con la ley de Protecci\u00f3n de Datos Personales o Ley 1581 de 2012. Significa que estamos abiertos con respecto a nuestros m\u00e9todos de seguimiento y uso de los datos personales de los visitantes, y puedes verificar libremente qu\u00e9 es exactamente\u2026","rel":"","context":"Entrada similar","block_context":{"text":"Entrada similar","link":""},"img":{"alt_text":"","src":"","width":0,"height":0},"classes":[]},{"id":9974,"url":"https:\/\/elbauldelupe.com\/","url_meta":{"origin":189,"position":1},"title":"Inicio","author":"admin","date":"20\/01\/2026","format":false,"excerpt":"LOS MAS VENDIDOS LOS MAS VENDIDOS NI\u00d1AS NI\u00d1OS BAUTIZO OFERTAS MEDIOS DE PAGO TENDENCIAS","rel":"","context":"Entrada similar","block_context":{"text":"Entrada similar","link":""},"img":{"alt_text":"SLIDE 3","src":"https:\/\/i0.wp.com\/elbauldelupe.com\/wp-content\/uploads\/2026\/02\/SLIDE-3-768x768.png?resize=350%2C200&ssl=1","width":350,"height":200,"srcset":"https:\/\/i0.wp.com\/elbauldelupe.com\/wp-content\/uploads\/2026\/02\/SLIDE-3-768x768.png?resize=350%2C200&ssl=1 1x, https:\/\/i0.wp.com\/elbauldelupe.com\/wp-content\/uploads\/2026\/02\/SLIDE-3-768x768.png?resize=525%2C300&ssl=1 1.5x, https:\/\/i0.wp.com\/elbauldelupe.com\/wp-content\/uploads\/2026\/02\/SLIDE-3-768x768.png?resize=700%2C400&ssl=1 2x"},"classes":[]}],"_links":{"self":[{"href":"https:\/\/elbauldelupe.com\/index.php?rest_route=\/wp\/v2\/pages\/189","targetHints":{"allow":["GET"]}}],"collection":[{"href":"https:\/\/elbauldelupe.com\/index.php?rest_route=\/wp\/v2\/pages"}],"about":[{"href":"https:\/\/elbauldelupe.com\/index.php?rest_route=\/wp\/v2\/types\/page"}],"author":[{"embeddable":true,"href":"https:\/\/elbauldelupe.com\/index.php?rest_route=\/wp\/v2\/users\/1"}],"replies":[{"embeddable":true,"href":"https:\/\/elbauldelupe.com\/index.php?rest_route=%2Fwp%2Fv2%2Fcomments&post=189"}],"version-history":[{"count":47,"href":"https:\/\/elbauldelupe.com\/index.php?rest_route=\/wp\/v2\/pages\/189\/revisions"}],"predecessor-version":[{"id":10687,"href":"https:\/\/elbauldelupe.com\/index.php?rest_route=\/wp\/v2\/pages\/189\/revisions\/10687"}],"wp:attachment":[{"href":"https:\/\/elbauldelupe.com\/index.php?rest_route=%2Fwp%2Fv2%2Fmedia&parent=189"}],"curies":[{"name":"wp","href":"https:\/\/api.w.org\/{rel}","templated":true}]}}